{"id":3583,"date":"2023-07-17T18:51:41","date_gmt":"2023-07-17T18:51:41","guid":{"rendered":"https:\/\/www.chaletdelgolf.com\/?post_type=product&#038;p=3583"},"modified":"2025-11-28T16:14:35","modified_gmt":"2025-11-28T16:14:35","slug":"pack-escapada-familiar","status":"publish","type":"product","link":"https:\/\/www.chaletdelgolf.com\/ca\/producte\/pack-escapada-familiar\/","title":{"rendered":"Pack Escapada 2 nits en Fam\u00edlia"},"content":{"rendered":"<h2><strong>Qu\u00e8 inclou al nostre Pack Escapada 2 nits en Fam\u00edlia?<\/strong><\/h2>\n<ul>\n<li>2 nits a l&#039;Habitaci\u00f3 Familiar \u00c0tic de l&#039;Hotel Xalet del Golf<\/li>\n<li>Esmorzar bufet per a 4 persones (2 adults i 2 nens menors 9 anys)<\/li>\n<li>Late Check Out (subjecte a l&#039;hotel)<\/li>\n<\/ul>\n<p><b style=\"font-style: inherit;\"><strong><strong style=\"font-size: 16px;\"><b>L&#039;Hotel Xalet del Golf: <\/b><\/strong><\/strong><\/b>\u00c9s un hotel 4\u2606 recentment reformat i ubicat al mateix club de golf \u00abReial Club de Golf Cerdanya\u00bb, al cor de la Cerdanya i molt a prop de Puigcerd\u00e0.<\/p>\n<p><b style=\"font-style: inherit;\">L&#039;habitaci\u00f3<\/b><strong>\u00a0Familiar: <\/strong>Habitaci\u00f3 \u00e0mplia per a 3, 4 o 5 persones, amb 1 llit doble extragran + 2 llits individuals o 4 llits individuals; bany privat complet i una sala amb sof\u00e0-llit al dormitori adjunt.<\/p>\n<p><strong>Disponibilitat: <\/strong>El Pack est\u00e0 disponible durant tot l&#039;any, excepte cap d&#039;any, i <span class=\"OYPEnA text-decoration-none text-strikethrough-none\">segons la temporada que hagis triat.<\/span> <span class=\"OYPEnA text-decoration-none text-strikethrough-none\">Aquest xec t\u00e9 caducitat de 1 any, a partir del dia de la compra.\u00a0<\/span><\/p>\n<p><strong>Com rebr\u00e9 el xec? <\/strong>Un cop hagis comprat el xec regal, rebr\u00e0s un Val en format PDF pel correu electr\u00f2nic que ens hagis adjuntat.<\/p>\n<p><strong>Com bescanviar el xec? <\/strong>Per poder bescanviar el xec regal i poder fer la reserva, heu de trucar al n\u00famero de tel\u00e8fon de l'hotel <a href=\"tel:+34 972 884 320\">+34 972 884 320<\/a>\u00a0o enviar un mail a <a href=\"mailto:reservas@chaletdelgolf.com\">reservas@chaletdelgolf.com<\/a> dient els dies que voleu. Seguidament, se us enviar\u00e0 un correu confirmant la vostra reserva.<\/p>\n<p><strong>**<\/strong><span class=\"OYPEnA text-decoration-none text-strikethrough-none\"><strong>Temporada Alta:<\/strong> N<\/span><span class=\"OYPEnA text-decoration-none text-strikethrough-none\">avitats, Pur\u00edssima, agost i setmana Santa.<\/span> <span class=\"OYPEnA text-decoration-none text-strikethrough-none\"><strong>Temporada Mitjana<\/strong>:<\/span><span class=\"OYPEnA text-decoration-none text-strikethrough-none\"> juliol<\/span> <span class=\"OYPEnA text-decoration-none text-strikethrough-none\"><strong>Temporada Baixa<\/strong>:<\/span><span class=\"OYPEnA text-decoration-none text-strikethrough-none\"> Tot l&#039;any excepte temporada alta i mitja.<\/span><\/p>","protected":false},"excerpt":{"rendered":"<p>Aconsegueix el teu <strong>Pack Escapada 2 nits a Fam\u00edlia a l&#039;Hotel<\/strong> <strong>Xalet del Golf<\/strong>, ideal per <strong>4 persones, <\/strong>per gaudir d&#039;un cap de setmana en fam\u00edlia a la <strong>Cerdanya<\/strong>.<\/p>\n<p>Tria la temporada que vulguis i veur\u00e0s el preu autom\u00e0ticament.<\/p>","protected":false},"featured_media":4043,"comment_status":"closed","ping_status":"closed","template":"","meta":{"site-sidebar-layout":"default","site-content-layout":"default","ast-site-content-layout":"default","site-content-style":"default","site-sidebar-style":"default","ast-global-header-display":"","ast-banner-title-visibility":"","ast-main-header-display":"","ast-hfb-above-header-display":"","ast-hfb-below-header-display":"","ast-hfb-mobile-header-display":"","site-post-title":"","ast-breadcrumbs-content":"","ast-featured-img":"","footer-sml-layout":"","theme-transparent-header-meta":"default","adv-header-id-meta":"","stick-header-meta":"default","header-above-stick-meta":"","header-main-stick-meta":"","header-below-stick-meta":"","astra-migrate-meta-layouts":"set","ast-page-background-enabled":"default","ast-page-background-meta":{"desktop":{"background-color":"","background-image":"","background-repeat":"repeat","background-position":"center center","background-size":"auto","background-attachment":"scroll","background-type":"","background-media":"","overlay-type":"","overlay-color":"","overlay-opacity":"","overlay-gradient":""},"tablet":{"background-color":"","background-image":"","background-repeat":"repeat","background-position":"center center","background-size":"auto","background-attachment":"scroll","background-type":"","background-media":"","overlay-type":"","overlay-color":"","overlay-opacity":"","overlay-gradient":""},"mobile":{"background-color":"","background-image":"","background-repeat":"repeat","background-position":"center center","background-size":"auto","background-attachment":"scroll","background-type":"","background-media":"","overlay-type":"","overlay-color":"","overlay-opacity":"","overlay-gradient":""}},"ast-content-background-meta":{"desktop":{"background-color":"var(--ast-global-color-5)","background-image":"","background-repeat":"repeat","background-position":"center center","background-size":"auto","background-attachment":"scroll","background-type":"","background-media":"","overlay-type":"","overlay-color":"","overlay-opacity":"","overlay-gradient":""},"tablet":{"background-color":"var(--ast-global-color-5)","background-image":"","background-repeat":"repeat","background-position":"center center","background-size":"auto","background-attachment":"scroll","background-type":"","background-media":"","overlay-type":"","overlay-color":"","overlay-opacity":"","overlay-gradient":""},"mobile":{"background-color":"var(--ast-global-color-5)","background-image":"","background-repeat":"repeat","background-position":"center center","background-size":"auto","background-attachment":"scroll","background-type":"","background-media":"","overlay-type":"","overlay-color":"","overlay-opacity":"","overlay-gradient":""}}},"product_brand":[],"product_cat":[20],"product_tag":[],"class_list":{"0":"post-3583","1":"product","2":"type-product","3":"status-publish","4":"has-post-thumbnail","6":"product_cat-sin-categorizar","7":"desktop-align-left","8":"tablet-align-left","9":"mobile-align-left","10":"ast-product-gallery-layout-horizontal-slider","11":"ast-product-single-variable","12":"ast-product-tabs-layout-horizontal","14":"first","15":"instock","16":"shipping-taxable","17":"purchasable","18":"product-type-variable"},"yoast_head":"<!-- This site is optimized with the Yoast SEO plugin v27.1.1 - https:\/\/yoast.com\/product\/yoast-seo-wordpress\/ -->\n<title>Pack escapada Familiar 2 Noches | Bono Regalo | Hotel Xalet Golf<\/title>\n<meta name=\"description\" content=\"Consigue tu pack escapada familiar 2 noches de Hotel junto a tu familia en el Hotel Xalet del Golf. Ideal para una escapada y desconectar.\" \/>\n<meta name=\"robots\" content=\"index, follow, max-snippet:-1, max-image-preview:large, max-video-preview:-1\" \/>\n<link rel=\"canonical\" href=\"https:\/\/www.chaletdelgolf.com\/ca\/producte\/pack-escapada-familiar\/\" \/>\n<meta property=\"og:locale\" content=\"ca_ES\" \/>\n<meta property=\"og:type\" content=\"article\" \/>\n<meta property=\"og:title\" content=\"Pack escapada Familiar 2 Noches | Bono Regalo | Hotel Xalet Golf\" \/>\n<meta property=\"og:description\" content=\"Consigue tu pack escapada familiar 2 noches de Hotel junto a tu familia en el Hotel Xalet del Golf. Ideal para una escapada y desconectar.\" \/>\n<meta property=\"og:url\" content=\"https:\/\/www.chaletdelgolf.com\/ca\/producte\/pack-escapada-familiar\/\" \/>\n<meta property=\"og:site_name\" content=\"Hotel en Puigcerd\u00e0 (Cerdanya) - Xalet del Golf\" \/>\n<meta property=\"article:publisher\" content=\"https:\/\/www.facebook.com\/xaletdelgolf\" \/>\n<meta property=\"article:modified_time\" content=\"2025-11-28T16:14:35+00:00\" \/>\n<meta property=\"og:image\" content=\"https:\/\/www.chaletdelgolf.com\/wp-content\/uploads\/2023\/07\/20221122_XaletGolf_333-1.jpg\" \/>\n\t<meta property=\"og:image:width\" content=\"2500\" \/>\n\t<meta property=\"og:image:height\" content=\"1667\" \/>\n\t<meta property=\"og:image:type\" content=\"image\/jpeg\" \/>\n<meta name=\"twitter:card\" content=\"summary_large_image\" \/>\n<meta name=\"twitter:label1\" content=\"Temps estimat de lectura\" \/>\n\t<meta name=\"twitter:data1\" content=\"2 minuts\" \/>\n<script type=\"application\/ld+json\" class=\"yoast-schema-graph\">{\"@context\":\"https:\/\/schema.org\",\"@graph\":[{\"@type\":\"WebPage\",\"@id\":\"https:\/\/www.chaletdelgolf.com\/producto\/pack-escapada-familiar\/\",\"url\":\"https:\/\/www.chaletdelgolf.com\/producto\/pack-escapada-familiar\/\",\"name\":\"Pack escapada Familiar 2 Noches | Bono Regalo | Hotel Xalet Golf\",\"isPartOf\":{\"@id\":\"https:\/\/www.chaletdelgolf.com\/#website\"},\"primaryImageOfPage\":{\"@id\":\"https:\/\/www.chaletdelgolf.com\/producto\/pack-escapada-familiar\/#primaryimage\"},\"image\":{\"@id\":\"https:\/\/www.chaletdelgolf.com\/producto\/pack-escapada-familiar\/#primaryimage\"},\"thumbnailUrl\":\"https:\/\/www.chaletdelgolf.com\/wp-content\/uploads\/2023\/07\/20221122_XaletGolf_333-1.jpg\",\"datePublished\":\"2023-07-17T18:51:41+00:00\",\"dateModified\":\"2025-11-28T16:14:35+00:00\",\"description\":\"Consigue tu pack escapada familiar 2 noches de Hotel junto a tu familia en el Hotel Xalet del Golf. Ideal para una escapada y desconectar.\",\"breadcrumb\":{\"@id\":\"https:\/\/www.chaletdelgolf.com\/producto\/pack-escapada-familiar\/#breadcrumb\"},\"inLanguage\":\"ca\",\"potentialAction\":[{\"@type\":\"ReadAction\",\"target\":[\"https:\/\/www.chaletdelgolf.com\/producto\/pack-escapada-familiar\/\"]}]},{\"@type\":\"ImageObject\",\"inLanguage\":\"ca\",\"@id\":\"https:\/\/www.chaletdelgolf.com\/producto\/pack-escapada-familiar\/#primaryimage\",\"url\":\"https:\/\/www.chaletdelgolf.com\/wp-content\/uploads\/2023\/07\/20221122_XaletGolf_333-1.jpg\",\"contentUrl\":\"https:\/\/www.chaletdelgolf.com\/wp-content\/uploads\/2023\/07\/20221122_XaletGolf_333-1.jpg\",\"width\":2500,\"height\":1667,\"caption\":\"habitacion\"},{\"@type\":\"BreadcrumbList\",\"@id\":\"https:\/\/www.chaletdelgolf.com\/producto\/pack-escapada-familiar\/#breadcrumb\",\"itemListElement\":[{\"@type\":\"ListItem\",\"position\":1,\"name\":\"Portada\",\"item\":\"https:\/\/www.chaletdelgolf.com\/\"},{\"@type\":\"ListItem\",\"position\":2,\"name\":\"Productos\",\"item\":\"https:\/\/www.chaletdelgolf.com\/tienda\/\"},{\"@type\":\"ListItem\",\"position\":3,\"name\":\"Pack Escapada 2 noches en Familia\"}]},{\"@type\":\"WebSite\",\"@id\":\"https:\/\/www.chaletdelgolf.com\/#website\",\"url\":\"https:\/\/www.chaletdelgolf.com\/\",\"name\":\"Hotel en Puigcerd\u00e0 (Cerdanya) - Xalet del Golf\",\"description\":\"Hotel Xalet del Golf en el Club de Golf Cerda\u00f1a\",\"publisher\":{\"@id\":\"https:\/\/www.chaletdelgolf.com\/#organization\"},\"potentialAction\":[{\"@type\":\"SearchAction\",\"target\":{\"@type\":\"EntryPoint\",\"urlTemplate\":\"https:\/\/www.chaletdelgolf.com\/?s={search_term_string}\"},\"query-input\":{\"@type\":\"PropertyValueSpecification\",\"valueRequired\":true,\"valueName\":\"search_term_string\"}}],\"inLanguage\":\"ca\"},{\"@type\":\"Organization\",\"@id\":\"https:\/\/www.chaletdelgolf.com\/#organization\",\"name\":\"Hotel Xalet del Golf\",\"url\":\"https:\/\/www.chaletdelgolf.com\/\",\"logo\":{\"@type\":\"ImageObject\",\"inLanguage\":\"ca\",\"@id\":\"https:\/\/www.chaletdelgolf.com\/#\/schema\/logo\/image\/\",\"url\":\"https:\/\/www.chaletdelgolf.com\/wp-content\/uploads\/2023\/07\/logo-xalet-golf-RGB-gris-estrelles-02-1.png\",\"contentUrl\":\"https:\/\/www.chaletdelgolf.com\/wp-content\/uploads\/2023\/07\/logo-xalet-golf-RGB-gris-estrelles-02-1.png\",\"width\":701,\"height\":306,\"caption\":\"Hotel Xalet del Golf\"},\"image\":{\"@id\":\"https:\/\/www.chaletdelgolf.com\/#\/schema\/logo\/image\/\"},\"sameAs\":[\"https:\/\/www.facebook.com\/xaletdelgolf\",\"https:\/\/www.instagram.com\/hotelxaletdelgolfpuigcerda\/\"]}]}<\/script>\n<!-- \/ Yoast SEO plugin. -->","yoast_head_json":{"title":"Pack escapada Familiar 2 Nits | Bo Regal | Hotel Xalet Golf","description":"Aconsegueix el teu pack escapada familiar 2 nits d&#039;Hotel al costat de la teva fam\u00edlia a l&#039;Hotel Xalet del Golf. Ideal per a una escapada i desconnectar.","robots":{"index":"index","follow":"follow","max-snippet":"max-snippet:-1","max-image-preview":"max-image-preview:large","max-video-preview":"max-video-preview:-1"},"canonical":"https:\/\/www.chaletdelgolf.com\/ca\/producte\/pack-escapada-familiar\/","og_locale":"ca_ES","og_type":"article","og_title":"Pack escapada Familiar 2 Noches | Bono Regalo | Hotel Xalet Golf","og_description":"Consigue tu pack escapada familiar 2 noches de Hotel junto a tu familia en el Hotel Xalet del Golf. Ideal para una escapada y desconectar.","og_url":"https:\/\/www.chaletdelgolf.com\/ca\/producte\/pack-escapada-familiar\/","og_site_name":"Hotel en Puigcerd\u00e0 (Cerdanya) - Xalet del Golf","article_publisher":"https:\/\/www.facebook.com\/xaletdelgolf","article_modified_time":"2025-11-28T16:14:35+00:00","og_image":[{"width":2500,"height":1667,"url":"https:\/\/www.chaletdelgolf.com\/wp-content\/uploads\/2023\/07\/20221122_XaletGolf_333-1.jpg","type":"image\/jpeg"}],"twitter_card":"summary_large_image","twitter_misc":{"Temps estimat de lectura":"2 minuts"},"schema":{"@context":"https:\/\/schema.org","@graph":[{"@type":"WebPage","@id":"https:\/\/www.chaletdelgolf.com\/producto\/pack-escapada-familiar\/","url":"https:\/\/www.chaletdelgolf.com\/producto\/pack-escapada-familiar\/","name":"Pack escapada Familiar 2 Nits | Bo Regal | Hotel Xalet Golf","isPartOf":{"@id":"https:\/\/www.chaletdelgolf.com\/#website"},"primaryImageOfPage":{"@id":"https:\/\/www.chaletdelgolf.com\/producto\/pack-escapada-familiar\/#primaryimage"},"image":{"@id":"https:\/\/www.chaletdelgolf.com\/producto\/pack-escapada-familiar\/#primaryimage"},"thumbnailUrl":"https:\/\/www.chaletdelgolf.com\/wp-content\/uploads\/2023\/07\/20221122_XaletGolf_333-1.jpg","datePublished":"2023-07-17T18:51:41+00:00","dateModified":"2025-11-28T16:14:35+00:00","description":"Aconsegueix el teu pack escapada familiar 2 nits d&#039;Hotel al costat de la teva fam\u00edlia a l&#039;Hotel Xalet del Golf. Ideal per a una escapada i desconnectar.","breadcrumb":{"@id":"https:\/\/www.chaletdelgolf.com\/producto\/pack-escapada-familiar\/#breadcrumb"},"inLanguage":"ca","potentialAction":[{"@type":"ReadAction","target":["https:\/\/www.chaletdelgolf.com\/producto\/pack-escapada-familiar\/"]}]},{"@type":"ImageObject","inLanguage":"ca","@id":"https:\/\/www.chaletdelgolf.com\/producto\/pack-escapada-familiar\/#primaryimage","url":"https:\/\/www.chaletdelgolf.com\/wp-content\/uploads\/2023\/07\/20221122_XaletGolf_333-1.jpg","contentUrl":"https:\/\/www.chaletdelgolf.com\/wp-content\/uploads\/2023\/07\/20221122_XaletGolf_333-1.jpg","width":2500,"height":1667,"caption":"habitacion"},{"@type":"BreadcrumbList","@id":"https:\/\/www.chaletdelgolf.com\/producto\/pack-escapada-familiar\/#breadcrumb","itemListElement":[{"@type":"ListItem","position":1,"name":"Portada","item":"https:\/\/www.chaletdelgolf.com\/"},{"@type":"ListItem","position":2,"name":"Productos","item":"https:\/\/www.chaletdelgolf.com\/tienda\/"},{"@type":"ListItem","position":3,"name":"Pack Escapada 2 noches en Familia"}]},{"@type":"WebSite","@id":"https:\/\/www.chaletdelgolf.com\/#website","url":"https:\/\/www.chaletdelgolf.com\/","name":"Hotel a Puigcerd\u00e0 (Cerdanya) - Xalet del Golf","description":"Hotel Xalet del Golf al Club de Golf Cerdanya","publisher":{"@id":"https:\/\/www.chaletdelgolf.com\/#organization"},"potentialAction":[{"@type":"SearchAction","target":{"@type":"EntryPoint","urlTemplate":"https:\/\/www.chaletdelgolf.com\/?s={search_term_string}"},"query-input":{"@type":"PropertyValueSpecification","valueRequired":true,"valueName":"search_term_string"}}],"inLanguage":"ca"},{"@type":"Organization","@id":"https:\/\/www.chaletdelgolf.com\/#organization","name":"Hotel Xalet del Golf","url":"https:\/\/www.chaletdelgolf.com\/","logo":{"@type":"ImageObject","inLanguage":"ca","@id":"https:\/\/www.chaletdelgolf.com\/#\/schema\/logo\/image\/","url":"https:\/\/www.chaletdelgolf.com\/wp-content\/uploads\/2023\/07\/logo-xalet-golf-RGB-gris-estrelles-02-1.png","contentUrl":"https:\/\/www.chaletdelgolf.com\/wp-content\/uploads\/2023\/07\/logo-xalet-golf-RGB-gris-estrelles-02-1.png","width":701,"height":306,"caption":"Hotel Xalet del Golf"},"image":{"@id":"https:\/\/www.chaletdelgolf.com\/#\/schema\/logo\/image\/"},"sameAs":["https:\/\/www.facebook.com\/xaletdelgolf","https:\/\/www.instagram.com\/hotelxaletdelgolfpuigcerda\/"]}]}},"_links":{"self":[{"href":"https:\/\/www.chaletdelgolf.com\/ca\/wp-json\/wp\/v2\/product\/3583","targetHints":{"allow":["GET"]}}],"collection":[{"href":"https:\/\/www.chaletdelgolf.com\/ca\/wp-json\/wp\/v2\/product"}],"about":[{"href":"https:\/\/www.chaletdelgolf.com\/ca\/wp-json\/wp\/v2\/types\/product"}],"replies":[{"embeddable":true,"href":"https:\/\/www.chaletdelgolf.com\/ca\/wp-json\/wp\/v2\/comments?post=3583"}],"wp:featuredmedia":[{"embeddable":true,"href":"https:\/\/www.chaletdelgolf.com\/ca\/wp-json\/wp\/v2\/media\/4043"}],"wp:attachment":[{"href":"https:\/\/www.chaletdelgolf.com\/ca\/wp-json\/wp\/v2\/media?parent=3583"}],"wp:term":[{"taxonomy":"product_brand","embeddable":true,"href":"https:\/\/www.chaletdelgolf.com\/ca\/wp-json\/wp\/v2\/product_brand?post=3583"},{"taxonomy":"product_cat","embeddable":true,"href":"https:\/\/www.chaletdelgolf.com\/ca\/wp-json\/wp\/v2\/product_cat?post=3583"},{"taxonomy":"product_tag","embeddable":true,"href":"https:\/\/www.chaletdelgolf.com\/ca\/wp-json\/wp\/v2\/product_tag?post=3583"}],"curies":[{"name":"wp","href":"https:\/\/api.w.org\/{rel}","templated":true}]}}