{"id":3587,"date":"2023-07-17T19:01:46","date_gmt":"2023-07-17T19:01:46","guid":{"rendered":"https:\/\/www.chaletdelgolf.com\/?post_type=product&#038;p=3587"},"modified":"2025-12-01T12:19:15","modified_gmt":"2025-12-01T12:19:15","slug":"pack-estancia-hotel-con-bodega","status":"publish","type":"product","link":"https:\/\/www.chaletdelgolf.com\/ca\/producte\/pack-estada-hotel-con-celler\/","title":{"rendered":"Pack Room &amp; Wine"},"content":{"rendered":"<h2><strong>Qu\u00e8 inclou el nostre Pack Room &amp; Wine, <\/strong><strong>Pack Estada<\/strong><strong>\u00a0amb Celler?<\/strong><\/h2>\n<ul>\n<li>1 nit a l&#039;Habitaci\u00f3 Doble Superior de l&#039;Hotel Xalet del Golf<\/li>\n<li>Esmorzar Bufet per a 2 persones<\/li>\n<li>Visita d&#039;Enoturisme al Celler Llivins i tast de vins per a 2 persones<\/li>\n<li>Late Check Out (subjecte a l&#039;hotel)<\/li>\n<\/ul>\n<p><b style=\"font-style: inherit;\"><strong><strong style=\"font-size: 16px;\"><b>L&#039;Hotel Xalet del Golf: <\/b><\/strong><\/strong><\/b>\u00c9s un hotel 4\u2606 recentment reformat i ubicat al mateix club de golf \u00abReial Club de Golf Cerdanya\u00bb, al cor de la Cerdanya i molt a prop de Puigcerd\u00e0.<\/p>\n<p><strong>El Celler Llivins: <\/strong>es troba a 1.225 metres d&#039;al\u00e7ada fent i aconseguint de la viticultura, un <strong>art tradicional agr\u00edcola<\/strong> de la Cerdanya. A la visita al celler, <strong>tastareu diferents vins<\/strong> que presenten i descobrireu les diferents combinacions de gustos i aromes.<\/p>\n<p><b>L&#039;habitaci\u00f3 <\/b><strong>Doble Superior: <\/strong>Habitaci\u00f3 per a 2 persones de <strong>34m2\u00a0<\/strong>decorada en un estil\u00a0<strong>cl\u00e0ssic <\/strong>amb<strong> mobles luxosos, terres catifats i calefacci\u00f3 per terra<\/strong>. Equipada amb 1 llit doble gran o 2 llits individuals amb lavabo privat equipat totalment i balc\u00f3.<\/p>\n<p><strong>Disponibilitat:\u00a0<\/strong>bo disponible des d&#039;abril fins a octubre i segons temporada que hagis escollit. <span class=\"OYPEnA text-decoration-none text-strikethrough-none\">Aquest xec t\u00e9 caducitat de 1 any, a partir del dia de la compra.<\/span><\/p>\n<p><strong>Com rebr\u00e9 el xec?\u00a0<\/strong>Un cop comprat el bo regal, rebr\u00e0s un Val en format PDF via correu electr\u00f2nic<\/p>\n<p><strong>Com puc bescanviar el Xec?\u00a0<\/strong>Per bescanviar el bo i reservar, haureu de trucar a l&#039;hotel al <a href=\"tel:+34 972 884 320\">+34 972 884 320<\/a> o enviar un mail a <a href=\"mailto:reservas@chaletdelgolf.com\">reservas@chaletdelgolf.com<\/a> dient els dies que voleu. Seguidament, rebr\u00e0s un correu confirmant la reserva.<\/p>\n<p><strong>**<\/strong><span class=\"OYPEnA text-decoration-none text-strikethrough-none\"><strong>Temporada Alta<\/strong>: Nadal, Pur\u00edssima, <\/span><span class=\"OYPEnA text-decoration-none text-strikethrough-none\">agost i setmana Santa.<\/span> <span class=\"OYPEnA text-decoration-none text-strikethrough-none\"><strong>Temporada Mitjana<\/strong>:<\/span><span class=\"OYPEnA text-decoration-none text-strikethrough-none\"> juliol.<\/span> <span class=\"OYPEnA text-decoration-none text-strikethrough-none\"><strong>Temporada Baixa<\/strong>:<\/span><span class=\"OYPEnA text-decoration-none text-strikethrough-none\"> Tot l&#039;any excepte temporada alta i mitja.<\/span><\/p>","protected":false},"excerpt":{"rendered":"<p>Aconsegueix el teu\u00a0<strong>Pack Room &amp; Wine, estada hotel amb visita al Celler Llivins <\/strong><strong>per a 2 persones.\u00a0<\/strong>Ideal per viure una experi\u00e8ncia \u00fanica i m\u00e0gica, amb la teva parella, a l&#039;Hotel Xalet del Golf de la Cerdanya ia la <strong>Celler Llivins<\/strong>.<\/p>\n<p>Tria la temporada que vulguis i veur\u00e0s el preu autom\u00e0ticament.<\/p>\n<p>&nbsp;<\/p>","protected":false},"featured_media":3591,"comment_status":"closed","ping_status":"closed","template":"","meta":{"site-sidebar-layout":"default","site-content-layout":"default","ast-site-content-layout":"default","site-content-style":"default","site-sidebar-style":"default","ast-global-header-display":"","ast-banner-title-visibility":"","ast-main-header-display":"","ast-hfb-above-header-display":"","ast-hfb-below-header-display":"","ast-hfb-mobile-header-display":"","site-post-title":"","ast-breadcrumbs-content":"","ast-featured-img":"","footer-sml-layout":"","theme-transparent-header-meta":"default","adv-header-id-meta":"","stick-header-meta":"default","header-above-stick-meta":"","header-main-stick-meta":"","header-below-stick-meta":"","astra-migrate-meta-layouts":"set","ast-page-background-enabled":"default","ast-page-background-meta":{"desktop":{"background-color":"","background-image":"","background-repeat":"repeat","background-position":"center center","background-size":"auto","background-attachment":"scroll","background-type":"","background-media":"","overlay-type":"","overlay-color":"","overlay-opacity":"","overlay-gradient":""},"tablet":{"background-color":"","background-image":"","background-repeat":"repeat","background-position":"center center","background-size":"auto","background-attachment":"scroll","background-type":"","background-media":"","overlay-type":"","overlay-color":"","overlay-opacity":"","overlay-gradient":""},"mobile":{"background-color":"","background-image":"","background-repeat":"repeat","background-position":"center center","background-size":"auto","background-attachment":"scroll","background-type":"","background-media":"","overlay-type":"","overlay-color":"","overlay-opacity":"","overlay-gradient":""}},"ast-content-background-meta":{"desktop":{"background-color":"var(--ast-global-color-5)","background-image":"","background-repeat":"repeat","background-position":"center center","background-size":"auto","background-attachment":"scroll","background-type":"","background-media":"","overlay-type":"","overlay-color":"","overlay-opacity":"","overlay-gradient":""},"tablet":{"background-color":"var(--ast-global-color-5)","background-image":"","background-repeat":"repeat","background-position":"center center","background-size":"auto","background-attachment":"scroll","background-type":"","background-media":"","overlay-type":"","overlay-color":"","overlay-opacity":"","overlay-gradient":""},"mobile":{"background-color":"var(--ast-global-color-5)","background-image":"","background-repeat":"repeat","background-position":"center center","background-size":"auto","background-attachment":"scroll","background-type":"","background-media":"","overlay-type":"","overlay-color":"","overlay-opacity":"","overlay-gradient":""}}},"product_brand":[],"product_cat":[20],"product_tag":[],"class_list":{"0":"post-3587","1":"product","2":"type-product","3":"status-publish","4":"has-post-thumbnail","6":"product_cat-sin-categorizar","7":"desktop-align-left","8":"tablet-align-left","9":"mobile-align-left","10":"ast-product-gallery-layout-horizontal-slider","11":"ast-product-single-variable","12":"ast-product-tabs-layout-horizontal","14":"first","15":"instock","16":"shipping-taxable","17":"purchasable","18":"product-type-variable"},"yoast_head":"<!-- This site is optimized with the Yoast SEO plugin v27.1.1 - https:\/\/yoast.com\/product\/yoast-seo-wordpress\/ -->\n<title>Pack Hotel con visita Bodega | Hotel Xalet del Golf | Bono regalo<\/title>\n<meta name=\"description\" content=\"Disfruta de una experiencia \u00fanica con el Pack Hotel con visita Bodega . Estancia al Hotel Xalet del Golf m\u00e1s visita a la Bodega Llivins.\" \/>\n<meta name=\"robots\" content=\"index, follow, max-snippet:-1, max-image-preview:large, max-video-preview:-1\" \/>\n<link rel=\"canonical\" href=\"https:\/\/www.chaletdelgolf.com\/ca\/producte\/pack-estada-hotel-con-celler\/\" \/>\n<meta property=\"og:locale\" content=\"ca_ES\" \/>\n<meta property=\"og:type\" content=\"article\" \/>\n<meta property=\"og:title\" content=\"Pack Hotel con visita Bodega | Hotel Xalet del Golf | Bono regalo\" \/>\n<meta property=\"og:description\" content=\"Disfruta de una experiencia \u00fanica con el Pack Hotel con visita Bodega . Estancia al Hotel Xalet del Golf m\u00e1s visita a la Bodega Llivins.\" \/>\n<meta property=\"og:url\" content=\"https:\/\/www.chaletdelgolf.com\/ca\/producte\/pack-estada-hotel-con-celler\/\" \/>\n<meta property=\"og:site_name\" content=\"Hotel en Puigcerd\u00e0 (Cerdanya) - Xalet del Golf\" \/>\n<meta property=\"article:publisher\" content=\"https:\/\/www.facebook.com\/xaletdelgolf\" \/>\n<meta property=\"article:modified_time\" content=\"2025-12-01T12:19:15+00:00\" \/>\n<meta property=\"og:image\" content=\"https:\/\/www.chaletdelgolf.com\/wp-content\/uploads\/2023\/07\/llivins-205-scaled.jpg.webp\" \/>\n\t<meta property=\"og:image:width\" content=\"2560\" \/>\n\t<meta property=\"og:image:height\" content=\"1707\" \/>\n\t<meta property=\"og:image:type\" content=\"image\/webp\" \/>\n<meta name=\"twitter:card\" content=\"summary_large_image\" \/>\n<meta name=\"twitter:label1\" content=\"Temps estimat de lectura\" \/>\n\t<meta name=\"twitter:data1\" content=\"2 minuts\" \/>\n<script type=\"application\/ld+json\" class=\"yoast-schema-graph\">{\"@context\":\"https:\/\/schema.org\",\"@graph\":[{\"@type\":\"WebPage\",\"@id\":\"https:\/\/www.chaletdelgolf.com\/producto\/pack-estancia-hotel-con-bodega\/\",\"url\":\"https:\/\/www.chaletdelgolf.com\/producto\/pack-estancia-hotel-con-bodega\/\",\"name\":\"Pack Hotel con visita Bodega | Hotel Xalet del Golf | Bono regalo\",\"isPartOf\":{\"@id\":\"https:\/\/www.chaletdelgolf.com\/#website\"},\"primaryImageOfPage\":{\"@id\":\"https:\/\/www.chaletdelgolf.com\/producto\/pack-estancia-hotel-con-bodega\/#primaryimage\"},\"image\":{\"@id\":\"https:\/\/www.chaletdelgolf.com\/producto\/pack-estancia-hotel-con-bodega\/#primaryimage\"},\"thumbnailUrl\":\"https:\/\/www.chaletdelgolf.com\/wp-content\/uploads\/2023\/07\/llivins-205-scaled.jpg.webp\",\"datePublished\":\"2023-07-17T19:01:46+00:00\",\"dateModified\":\"2025-12-01T12:19:15+00:00\",\"description\":\"Disfruta de una experiencia \u00fanica con el Pack Hotel con visita Bodega . Estancia al Hotel Xalet del Golf m\u00e1s visita a la Bodega Llivins.\",\"breadcrumb\":{\"@id\":\"https:\/\/www.chaletdelgolf.com\/producto\/pack-estancia-hotel-con-bodega\/#breadcrumb\"},\"inLanguage\":\"ca\",\"potentialAction\":[{\"@type\":\"ReadAction\",\"target\":[\"https:\/\/www.chaletdelgolf.com\/producto\/pack-estancia-hotel-con-bodega\/\"]}]},{\"@type\":\"ImageObject\",\"inLanguage\":\"ca\",\"@id\":\"https:\/\/www.chaletdelgolf.com\/producto\/pack-estancia-hotel-con-bodega\/#primaryimage\",\"url\":\"https:\/\/www.chaletdelgolf.com\/wp-content\/uploads\/2023\/07\/llivins-205-scaled.jpg.webp\",\"contentUrl\":\"https:\/\/www.chaletdelgolf.com\/wp-content\/uploads\/2023\/07\/llivins-205-scaled.jpg.webp\",\"width\":2560,\"height\":1707,\"caption\":\"compartir\"},{\"@type\":\"BreadcrumbList\",\"@id\":\"https:\/\/www.chaletdelgolf.com\/producto\/pack-estancia-hotel-con-bodega\/#breadcrumb\",\"itemListElement\":[{\"@type\":\"ListItem\",\"position\":1,\"name\":\"Portada\",\"item\":\"https:\/\/www.chaletdelgolf.com\/\"},{\"@type\":\"ListItem\",\"position\":2,\"name\":\"Productos\",\"item\":\"https:\/\/www.chaletdelgolf.com\/tienda\/\"},{\"@type\":\"ListItem\",\"position\":3,\"name\":\"Pack Room &#038; Wine\"}]},{\"@type\":\"WebSite\",\"@id\":\"https:\/\/www.chaletdelgolf.com\/#website\",\"url\":\"https:\/\/www.chaletdelgolf.com\/\",\"name\":\"Hotel en Puigcerd\u00e0 (Cerdanya) - Xalet del Golf\",\"description\":\"Hotel Xalet del Golf en el Club de Golf Cerda\u00f1a\",\"publisher\":{\"@id\":\"https:\/\/www.chaletdelgolf.com\/#organization\"},\"potentialAction\":[{\"@type\":\"SearchAction\",\"target\":{\"@type\":\"EntryPoint\",\"urlTemplate\":\"https:\/\/www.chaletdelgolf.com\/?s={search_term_string}\"},\"query-input\":{\"@type\":\"PropertyValueSpecification\",\"valueRequired\":true,\"valueName\":\"search_term_string\"}}],\"inLanguage\":\"ca\"},{\"@type\":\"Organization\",\"@id\":\"https:\/\/www.chaletdelgolf.com\/#organization\",\"name\":\"Hotel Xalet del Golf\",\"url\":\"https:\/\/www.chaletdelgolf.com\/\",\"logo\":{\"@type\":\"ImageObject\",\"inLanguage\":\"ca\",\"@id\":\"https:\/\/www.chaletdelgolf.com\/#\/schema\/logo\/image\/\",\"url\":\"https:\/\/www.chaletdelgolf.com\/wp-content\/uploads\/2023\/07\/logo-xalet-golf-RGB-gris-estrelles-02-1.png\",\"contentUrl\":\"https:\/\/www.chaletdelgolf.com\/wp-content\/uploads\/2023\/07\/logo-xalet-golf-RGB-gris-estrelles-02-1.png\",\"width\":701,\"height\":306,\"caption\":\"Hotel Xalet del Golf\"},\"image\":{\"@id\":\"https:\/\/www.chaletdelgolf.com\/#\/schema\/logo\/image\/\"},\"sameAs\":[\"https:\/\/www.facebook.com\/xaletdelgolf\",\"https:\/\/www.instagram.com\/hotelxaletdelgolfpuigcerda\/\"]}]}<\/script>\n<!-- \/ Yoast SEO plugin. -->","yoast_head_json":{"title":"Pack Hotel amb visita Celler | Hotel Xalet del Golf | Bo regal","description":"Gaudeix d&#039;una experi\u00e8ncia \u00fanica amb el Pack Hotel amb visita Celler. Estada a l&#039;Hotel Xalet del Golf m\u00e9s visita al Celler Llivins.","robots":{"index":"index","follow":"follow","max-snippet":"max-snippet:-1","max-image-preview":"max-image-preview:large","max-video-preview":"max-video-preview:-1"},"canonical":"https:\/\/www.chaletdelgolf.com\/ca\/producte\/pack-estada-hotel-con-celler\/","og_locale":"ca_ES","og_type":"article","og_title":"Pack Hotel con visita Bodega | Hotel Xalet del Golf | Bono regalo","og_description":"Disfruta de una experiencia \u00fanica con el Pack Hotel con visita Bodega . Estancia al Hotel Xalet del Golf m\u00e1s visita a la Bodega Llivins.","og_url":"https:\/\/www.chaletdelgolf.com\/ca\/producte\/pack-estada-hotel-con-celler\/","og_site_name":"Hotel en Puigcerd\u00e0 (Cerdanya) - Xalet del Golf","article_publisher":"https:\/\/www.facebook.com\/xaletdelgolf","article_modified_time":"2025-12-01T12:19:15+00:00","og_image":[{"width":2560,"height":1707,"url":"https:\/\/www.chaletdelgolf.com\/wp-content\/uploads\/2023\/07\/llivins-205-scaled.jpg.webp","type":"image\/webp"}],"twitter_card":"summary_large_image","twitter_misc":{"Temps estimat de lectura":"2 minuts"},"schema":{"@context":"https:\/\/schema.org","@graph":[{"@type":"WebPage","@id":"https:\/\/www.chaletdelgolf.com\/producto\/pack-estancia-hotel-con-bodega\/","url":"https:\/\/www.chaletdelgolf.com\/producto\/pack-estancia-hotel-con-bodega\/","name":"Pack Hotel amb visita Celler | Hotel Xalet del Golf | Bo regal","isPartOf":{"@id":"https:\/\/www.chaletdelgolf.com\/#website"},"primaryImageOfPage":{"@id":"https:\/\/www.chaletdelgolf.com\/producto\/pack-estancia-hotel-con-bodega\/#primaryimage"},"image":{"@id":"https:\/\/www.chaletdelgolf.com\/producto\/pack-estancia-hotel-con-bodega\/#primaryimage"},"thumbnailUrl":"https:\/\/www.chaletdelgolf.com\/wp-content\/uploads\/2023\/07\/llivins-205-scaled.jpg.webp","datePublished":"2023-07-17T19:01:46+00:00","dateModified":"2025-12-01T12:19:15+00:00","description":"Gaudeix d&#039;una experi\u00e8ncia \u00fanica amb el Pack Hotel amb visita Celler. Estada a l&#039;Hotel Xalet del Golf m\u00e9s visita al Celler Llivins.","breadcrumb":{"@id":"https:\/\/www.chaletdelgolf.com\/producto\/pack-estancia-hotel-con-bodega\/#breadcrumb"},"inLanguage":"ca","potentialAction":[{"@type":"ReadAction","target":["https:\/\/www.chaletdelgolf.com\/producto\/pack-estancia-hotel-con-bodega\/"]}]},{"@type":"ImageObject","inLanguage":"ca","@id":"https:\/\/www.chaletdelgolf.com\/producto\/pack-estancia-hotel-con-bodega\/#primaryimage","url":"https:\/\/www.chaletdelgolf.com\/wp-content\/uploads\/2023\/07\/llivins-205-scaled.jpg.webp","contentUrl":"https:\/\/www.chaletdelgolf.com\/wp-content\/uploads\/2023\/07\/llivins-205-scaled.jpg.webp","width":2560,"height":1707,"caption":"compartir"},{"@type":"BreadcrumbList","@id":"https:\/\/www.chaletdelgolf.com\/producto\/pack-estancia-hotel-con-bodega\/#breadcrumb","itemListElement":[{"@type":"ListItem","position":1,"name":"Portada","item":"https:\/\/www.chaletdelgolf.com\/"},{"@type":"ListItem","position":2,"name":"Productos","item":"https:\/\/www.chaletdelgolf.com\/tienda\/"},{"@type":"ListItem","position":3,"name":"Pack Room &#038; Wine"}]},{"@type":"WebSite","@id":"https:\/\/www.chaletdelgolf.com\/#website","url":"https:\/\/www.chaletdelgolf.com\/","name":"Hotel a Puigcerd\u00e0 (Cerdanya) - Xalet del Golf","description":"Hotel Xalet del Golf al Club de Golf Cerdanya","publisher":{"@id":"https:\/\/www.chaletdelgolf.com\/#organization"},"potentialAction":[{"@type":"SearchAction","target":{"@type":"EntryPoint","urlTemplate":"https:\/\/www.chaletdelgolf.com\/?s={search_term_string}"},"query-input":{"@type":"PropertyValueSpecification","valueRequired":true,"valueName":"search_term_string"}}],"inLanguage":"ca"},{"@type":"Organization","@id":"https:\/\/www.chaletdelgolf.com\/#organization","name":"Hotel Xalet del Golf","url":"https:\/\/www.chaletdelgolf.com\/","logo":{"@type":"ImageObject","inLanguage":"ca","@id":"https:\/\/www.chaletdelgolf.com\/#\/schema\/logo\/image\/","url":"https:\/\/www.chaletdelgolf.com\/wp-content\/uploads\/2023\/07\/logo-xalet-golf-RGB-gris-estrelles-02-1.png","contentUrl":"https:\/\/www.chaletdelgolf.com\/wp-content\/uploads\/2023\/07\/logo-xalet-golf-RGB-gris-estrelles-02-1.png","width":701,"height":306,"caption":"Hotel Xalet del Golf"},"image":{"@id":"https:\/\/www.chaletdelgolf.com\/#\/schema\/logo\/image\/"},"sameAs":["https:\/\/www.facebook.com\/xaletdelgolf","https:\/\/www.instagram.com\/hotelxaletdelgolfpuigcerda\/"]}]}},"_links":{"self":[{"href":"https:\/\/www.chaletdelgolf.com\/ca\/wp-json\/wp\/v2\/product\/3587","targetHints":{"allow":["GET"]}}],"collection":[{"href":"https:\/\/www.chaletdelgolf.com\/ca\/wp-json\/wp\/v2\/product"}],"about":[{"href":"https:\/\/www.chaletdelgolf.com\/ca\/wp-json\/wp\/v2\/types\/product"}],"replies":[{"embeddable":true,"href":"https:\/\/www.chaletdelgolf.com\/ca\/wp-json\/wp\/v2\/comments?post=3587"}],"wp:featuredmedia":[{"embeddable":true,"href":"https:\/\/www.chaletdelgolf.com\/ca\/wp-json\/wp\/v2\/media\/3591"}],"wp:attachment":[{"href":"https:\/\/www.chaletdelgolf.com\/ca\/wp-json\/wp\/v2\/media?parent=3587"}],"wp:term":[{"taxonomy":"product_brand","embeddable":true,"href":"https:\/\/www.chaletdelgolf.com\/ca\/wp-json\/wp\/v2\/product_brand?post=3587"},{"taxonomy":"product_cat","embeddable":true,"href":"https:\/\/www.chaletdelgolf.com\/ca\/wp-json\/wp\/v2\/product_cat?post=3587"},{"taxonomy":"product_tag","embeddable":true,"href":"https:\/\/www.chaletdelgolf.com\/ca\/wp-json\/wp\/v2\/product_tag?post=3587"}],"curies":[{"name":"wp","href":"https:\/\/api.w.org\/{rel}","templated":true}]}}