{"id":5390,"date":"2024-02-13T17:06:48","date_gmt":"2024-02-13T17:06:48","guid":{"rendered":"https:\/\/www.chaletdelgolf.com\/?post_type=product&#038;p=5390"},"modified":"2025-12-01T12:15:17","modified_gmt":"2025-12-01T12:15:17","slug":"oferta-escapada-4-noches-pagar-3-noches","status":"publish","type":"product","link":"https:\/\/www.chaletdelgolf.com\/ca\/producte\/oferta-escapada-4-nits-pagar-3-nits\/","title":{"rendered":"Oferta Escapada 4\u00d73 nits"},"content":{"rendered":"<h2><strong>Qu\u00e8 inclou al nostre Pack Escapada 4\u00d73 nits?<\/strong><\/h2>\n<ul>\n<li>4 nits a l&#039;habitaci\u00f3 doble superior o habitaci\u00f3 familiar de l&#039;Hotel Xalet del Golf (per a 3 a 5 persones)<\/li>\n<li>4 dies Esmorzar bufet per a 2 o 5 persones (a escollir)<\/li>\n<li>Late Check Out (subjecte a l&#039;hotel)<\/li>\n<\/ul>\n<p><b style=\"font-style: inherit;\"><strong><strong style=\"font-size: 16px;\"><b>L&#039;Hotel Xalet del Golf: <\/b><\/strong><\/strong><\/b>\u00c9s un hotel 4\u2606 recentment reformat i ubicat al mateix club de golf \u00abReial Club de Golf Cerdanya\u00bb, al cor de la Cerdanya i molt a prop de Puigcerd\u00e0.<\/p>\n<p><b>L&#039;habitaci\u00f3 <\/b><strong>Doble Superior: <\/strong>Habitaci\u00f3 per a 2 persones de 34m2 decorada en un estil cl\u00e0ssic amb mobles luxosos, terres catifats i calefacci\u00f3 per terra. Equipada amb 1 llit doble extragran amb lavabo privat equipat i balc\u00f3.<\/p>\n<p><b style=\"font-style: inherit;\">L&#039;habitaci\u00f3<\/b><strong>\u00a0Familiar: <\/strong>Habitaci\u00f3 \u00e0mplia per a 3, 4 o 5 persones, amb 1 llit doble extragran + 2 llits individuals o 4 llits individuals; bany privat complet i una sala amb sof\u00e0-llit al dormitori adjunt.<\/p>\n<p><strong>Disponibilitat:<\/strong>Pack est\u00e0 disponible durant tot l&#039;any excepte setmana santa, agost, pur\u00edssima i Nadal<span class=\"OYPEnA text-decoration-none text-strikethrough-none\">.<\/span><span class=\"OYPEnA text-decoration-none text-strikethrough-none\">\u00a0<\/span><span class=\"OYPEnA text-decoration-none text-strikethrough-none\">Aquest xec t\u00e9 caducitat de 1 any, a partir del dia de la compra.\u00a0<\/span><\/p>\n<p><strong>Com rebr\u00e9 el xec? <\/strong>Un cop hagis comprat el xec regal, rebr\u00e0s un Val en format PDF pel correu electr\u00f2nic que ens hagis adjuntat.<\/p>\n<p><strong>Com bescanviar el xec? <\/strong>Per poder bescanviar el xec regal i poder fer la reserva, heu de trucar al n\u00famero de tel\u00e8fon de l'hotel <a href=\"tel:+34 972 884 320\">+34 972 884 320<\/a>\u00a0o enviar un mail a <a href=\"mailto:reservas@chaletdelgolf.com\">reservas@chaletdelgolf.com<\/a> dient els dies que voleu. Seguidament, se us enviar\u00e0 un correu confirmant la vostra reserva.<\/p>","protected":false},"excerpt":{"rendered":"<p>Aconsegueix el teu <strong>Pack Escapada 4 nits amb esmorzar a l&#039;Hotel<\/strong> <strong>Xalet del Golf<\/strong>, <strong>per a 2 o fins a 5 persones persones, <\/strong>per gaudir d&#039;una escapada en parella a la <strong>Cerdanya<\/strong>. <strong>PAGA per<\/strong> <strong>3 NITS i GAUDEIX de 4 NITS <\/strong>al nostre hotel.<\/p>\n<p>Pack disponible tot any excepte temporada alta: setmana santa, agost, pur\u00edssima i Nadal.<\/p>","protected":false},"featured_media":4045,"comment_status":"closed","ping_status":"closed","template":"","meta":{"site-sidebar-layout":"default","site-content-layout":"default","ast-site-content-layout":"default","site-content-style":"default","site-sidebar-style":"default","ast-global-header-display":"","ast-banner-title-visibility":"","ast-main-header-display":"","ast-hfb-above-header-display":"","ast-hfb-below-header-display":"","ast-hfb-mobile-header-display":"","site-post-title":"","ast-breadcrumbs-content":"","ast-featured-img":"","footer-sml-layout":"","theme-transparent-header-meta":"default","adv-header-id-meta":"","stick-header-meta":"default","header-above-stick-meta":"","header-main-stick-meta":"","header-below-stick-meta":"","astra-migrate-meta-layouts":"set","ast-page-background-enabled":"default","ast-page-background-meta":{"desktop":{"background-color":"","background-image":"","background-repeat":"repeat","background-position":"center center","background-size":"auto","background-attachment":"scroll","background-type":"","background-media":"","overlay-type":"","overlay-color":"","overlay-opacity":"","overlay-gradient":""},"tablet":{"background-color":"","background-image":"","background-repeat":"repeat","background-position":"center center","background-size":"auto","background-attachment":"scroll","background-type":"","background-media":"","overlay-type":"","overlay-color":"","overlay-opacity":"","overlay-gradient":""},"mobile":{"background-color":"","background-image":"","background-repeat":"repeat","background-position":"center center","background-size":"auto","background-attachment":"scroll","background-type":"","background-media":"","overlay-type":"","overlay-color":"","overlay-opacity":"","overlay-gradient":""}},"ast-content-background-meta":{"desktop":{"background-color":"var(--ast-global-color-5)","background-image":"","background-repeat":"repeat","background-position":"center center","background-size":"auto","background-attachment":"scroll","background-type":"","background-media":"","overlay-type":"","overlay-color":"","overlay-opacity":"","overlay-gradient":""},"tablet":{"background-color":"var(--ast-global-color-5)","background-image":"","background-repeat":"repeat","background-position":"center center","background-size":"auto","background-attachment":"scroll","background-type":"","background-media":"","overlay-type":"","overlay-color":"","overlay-opacity":"","overlay-gradient":""},"mobile":{"background-color":"var(--ast-global-color-5)","background-image":"","background-repeat":"repeat","background-position":"center center","background-size":"auto","background-attachment":"scroll","background-type":"","background-media":"","overlay-type":"","overlay-color":"","overlay-opacity":"","overlay-gradient":""}}},"product_brand":[],"product_cat":[20],"product_tag":[],"class_list":{"0":"post-5390","1":"product","2":"type-product","3":"status-publish","4":"has-post-thumbnail","6":"product_cat-sin-categorizar","7":"desktop-align-left","8":"tablet-align-left","9":"mobile-align-left","10":"ast-product-gallery-layout-horizontal-slider","11":"ast-product-single-variable","12":"ast-product-tabs-layout-horizontal","14":"first","15":"instock","16":"sale","17":"shipping-taxable","18":"purchasable","19":"product-type-variable","20":"has-default-attributes"},"yoast_head":"<!-- This site is optimized with the Yoast SEO plugin v27.1.1 - https:\/\/yoast.com\/product\/yoast-seo-wordpress\/ -->\n<title>Pack Escapada 4 noches al precio de 3 noches | Hotel Xalet Golf<\/title>\n<meta name=\"description\" content=\"Consigue tu pack escapada 4 noches en el Hotel Xalet del Golf. PAGA por 3 NOCHES y DISFRUTA de 4 NOCHES en nuestro hotel.\" \/>\n<meta name=\"robots\" content=\"index, follow, max-snippet:-1, max-image-preview:large, max-video-preview:-1\" \/>\n<link rel=\"canonical\" href=\"https:\/\/www.chaletdelgolf.com\/ca\/producte\/oferta-escapada-4-nits-pagar-3-nits\/\" \/>\n<meta property=\"og:locale\" content=\"ca_ES\" \/>\n<meta property=\"og:type\" content=\"article\" \/>\n<meta property=\"og:title\" content=\"Pack Escapada 4 noches al precio de 3 noches | Hotel Xalet Golf\" \/>\n<meta property=\"og:description\" content=\"Consigue tu pack escapada 4 noches en el Hotel Xalet del Golf. PAGA por 3 NOCHES y DISFRUTA de 4 NOCHES en nuestro hotel.\" \/>\n<meta property=\"og:url\" content=\"https:\/\/www.chaletdelgolf.com\/ca\/producte\/oferta-escapada-4-nits-pagar-3-nits\/\" \/>\n<meta property=\"og:site_name\" content=\"Hotel en Puigcerd\u00e0 (Cerdanya) - Xalet del Golf\" \/>\n<meta property=\"article:publisher\" content=\"https:\/\/www.facebook.com\/xaletdelgolf\" \/>\n<meta property=\"article:modified_time\" content=\"2025-12-01T12:15:17+00:00\" \/>\n<meta property=\"og:image\" content=\"https:\/\/www.chaletdelgolf.com\/wp-content\/uploads\/2023\/07\/20221122_XaletGolf_311.jpg\" \/>\n\t<meta property=\"og:image:width\" content=\"2500\" \/>\n\t<meta property=\"og:image:height\" content=\"1667\" \/>\n\t<meta property=\"og:image:type\" content=\"image\/jpeg\" \/>\n<meta name=\"twitter:card\" content=\"summary_large_image\" \/>\n<meta name=\"twitter:label1\" content=\"Temps estimat de lectura\" \/>\n\t<meta name=\"twitter:data1\" content=\"2 minuts\" \/>\n<script type=\"application\/ld+json\" class=\"yoast-schema-graph\">{\"@context\":\"https:\/\/schema.org\",\"@graph\":[{\"@type\":\"WebPage\",\"@id\":\"https:\/\/www.chaletdelgolf.com\/producto\/oferta-escapada-4-noches-pagar-3-noches\/\",\"url\":\"https:\/\/www.chaletdelgolf.com\/producto\/oferta-escapada-4-noches-pagar-3-noches\/\",\"name\":\"Pack Escapada 4 noches al precio de 3 noches | Hotel Xalet Golf\",\"isPartOf\":{\"@id\":\"https:\/\/www.chaletdelgolf.com\/#website\"},\"primaryImageOfPage\":{\"@id\":\"https:\/\/www.chaletdelgolf.com\/producto\/oferta-escapada-4-noches-pagar-3-noches\/#primaryimage\"},\"image\":{\"@id\":\"https:\/\/www.chaletdelgolf.com\/producto\/oferta-escapada-4-noches-pagar-3-noches\/#primaryimage\"},\"thumbnailUrl\":\"https:\/\/www.chaletdelgolf.com\/wp-content\/uploads\/2023\/07\/20221122_XaletGolf_311.jpg\",\"datePublished\":\"2024-02-13T17:06:48+00:00\",\"dateModified\":\"2025-12-01T12:15:17+00:00\",\"description\":\"Consigue tu pack escapada 4 noches en el Hotel Xalet del Golf. PAGA por 3 NOCHES y DISFRUTA de 4 NOCHES en nuestro hotel.\",\"breadcrumb\":{\"@id\":\"https:\/\/www.chaletdelgolf.com\/producto\/oferta-escapada-4-noches-pagar-3-noches\/#breadcrumb\"},\"inLanguage\":\"ca\",\"potentialAction\":[{\"@type\":\"ReadAction\",\"target\":[\"https:\/\/www.chaletdelgolf.com\/producto\/oferta-escapada-4-noches-pagar-3-noches\/\"]}]},{\"@type\":\"ImageObject\",\"inLanguage\":\"ca\",\"@id\":\"https:\/\/www.chaletdelgolf.com\/producto\/oferta-escapada-4-noches-pagar-3-noches\/#primaryimage\",\"url\":\"https:\/\/www.chaletdelgolf.com\/wp-content\/uploads\/2023\/07\/20221122_XaletGolf_311.jpg\",\"contentUrl\":\"https:\/\/www.chaletdelgolf.com\/wp-content\/uploads\/2023\/07\/20221122_XaletGolf_311.jpg\",\"width\":2500,\"height\":1667,\"caption\":\"habitacion chalet del golf\"},{\"@type\":\"BreadcrumbList\",\"@id\":\"https:\/\/www.chaletdelgolf.com\/producto\/oferta-escapada-4-noches-pagar-3-noches\/#breadcrumb\",\"itemListElement\":[{\"@type\":\"ListItem\",\"position\":1,\"name\":\"Portada\",\"item\":\"https:\/\/www.chaletdelgolf.com\/\"},{\"@type\":\"ListItem\",\"position\":2,\"name\":\"Productos\",\"item\":\"https:\/\/www.chaletdelgolf.com\/tienda\/\"},{\"@type\":\"ListItem\",\"position\":3,\"name\":\"Oferta Escapada 4&#215;3 noches\"}]},{\"@type\":\"WebSite\",\"@id\":\"https:\/\/www.chaletdelgolf.com\/#website\",\"url\":\"https:\/\/www.chaletdelgolf.com\/\",\"name\":\"Hotel en Puigcerd\u00e0 (Cerdanya) - Xalet del Golf\",\"description\":\"Hotel Xalet del Golf en el Club de Golf Cerda\u00f1a\",\"publisher\":{\"@id\":\"https:\/\/www.chaletdelgolf.com\/#organization\"},\"potentialAction\":[{\"@type\":\"SearchAction\",\"target\":{\"@type\":\"EntryPoint\",\"urlTemplate\":\"https:\/\/www.chaletdelgolf.com\/?s={search_term_string}\"},\"query-input\":{\"@type\":\"PropertyValueSpecification\",\"valueRequired\":true,\"valueName\":\"search_term_string\"}}],\"inLanguage\":\"ca\"},{\"@type\":\"Organization\",\"@id\":\"https:\/\/www.chaletdelgolf.com\/#organization\",\"name\":\"Hotel Xalet del Golf\",\"url\":\"https:\/\/www.chaletdelgolf.com\/\",\"logo\":{\"@type\":\"ImageObject\",\"inLanguage\":\"ca\",\"@id\":\"https:\/\/www.chaletdelgolf.com\/#\/schema\/logo\/image\/\",\"url\":\"https:\/\/www.chaletdelgolf.com\/wp-content\/uploads\/2023\/07\/logo-xalet-golf-RGB-gris-estrelles-02-1.png\",\"contentUrl\":\"https:\/\/www.chaletdelgolf.com\/wp-content\/uploads\/2023\/07\/logo-xalet-golf-RGB-gris-estrelles-02-1.png\",\"width\":701,\"height\":306,\"caption\":\"Hotel Xalet del Golf\"},\"image\":{\"@id\":\"https:\/\/www.chaletdelgolf.com\/#\/schema\/logo\/image\/\"},\"sameAs\":[\"https:\/\/www.facebook.com\/xaletdelgolf\",\"https:\/\/www.instagram.com\/hotelxaletdelgolfpuigcerda\/\"]}]}<\/script>\n<!-- \/ Yoast SEO plugin. -->","yoast_head_json":{"title":"Pack Escapada 4 nits al preu de 3 nits | Hotel Xalet Golf","description":"Aconsegueix el teu pack escapada 4 nits a Hotel Xalet del Golf. PAGA per 3 NITS i GAUDEIX de 4 NITS al nostre hotel.","robots":{"index":"index","follow":"follow","max-snippet":"max-snippet:-1","max-image-preview":"max-image-preview:large","max-video-preview":"max-video-preview:-1"},"canonical":"https:\/\/www.chaletdelgolf.com\/ca\/producte\/oferta-escapada-4-nits-pagar-3-nits\/","og_locale":"ca_ES","og_type":"article","og_title":"Pack Escapada 4 noches al precio de 3 noches | Hotel Xalet Golf","og_description":"Consigue tu pack escapada 4 noches en el Hotel Xalet del Golf. PAGA por 3 NOCHES y DISFRUTA de 4 NOCHES en nuestro hotel.","og_url":"https:\/\/www.chaletdelgolf.com\/ca\/producte\/oferta-escapada-4-nits-pagar-3-nits\/","og_site_name":"Hotel en Puigcerd\u00e0 (Cerdanya) - Xalet del Golf","article_publisher":"https:\/\/www.facebook.com\/xaletdelgolf","article_modified_time":"2025-12-01T12:15:17+00:00","og_image":[{"width":2500,"height":1667,"url":"https:\/\/www.chaletdelgolf.com\/wp-content\/uploads\/2023\/07\/20221122_XaletGolf_311.jpg","type":"image\/jpeg"}],"twitter_card":"summary_large_image","twitter_misc":{"Temps estimat de lectura":"2 minuts"},"schema":{"@context":"https:\/\/schema.org","@graph":[{"@type":"WebPage","@id":"https:\/\/www.chaletdelgolf.com\/producto\/oferta-escapada-4-noches-pagar-3-noches\/","url":"https:\/\/www.chaletdelgolf.com\/producto\/oferta-escapada-4-noches-pagar-3-noches\/","name":"Pack Escapada 4 nits al preu de 3 nits | Hotel Xalet Golf","isPartOf":{"@id":"https:\/\/www.chaletdelgolf.com\/#website"},"primaryImageOfPage":{"@id":"https:\/\/www.chaletdelgolf.com\/producto\/oferta-escapada-4-noches-pagar-3-noches\/#primaryimage"},"image":{"@id":"https:\/\/www.chaletdelgolf.com\/producto\/oferta-escapada-4-noches-pagar-3-noches\/#primaryimage"},"thumbnailUrl":"https:\/\/www.chaletdelgolf.com\/wp-content\/uploads\/2023\/07\/20221122_XaletGolf_311.jpg","datePublished":"2024-02-13T17:06:48+00:00","dateModified":"2025-12-01T12:15:17+00:00","description":"Aconsegueix el teu pack escapada 4 nits a Hotel Xalet del Golf. PAGA per 3 NITS i GAUDEIX de 4 NITS al nostre hotel.","breadcrumb":{"@id":"https:\/\/www.chaletdelgolf.com\/producto\/oferta-escapada-4-noches-pagar-3-noches\/#breadcrumb"},"inLanguage":"ca","potentialAction":[{"@type":"ReadAction","target":["https:\/\/www.chaletdelgolf.com\/producto\/oferta-escapada-4-noches-pagar-3-noches\/"]}]},{"@type":"ImageObject","inLanguage":"ca","@id":"https:\/\/www.chaletdelgolf.com\/producto\/oferta-escapada-4-noches-pagar-3-noches\/#primaryimage","url":"https:\/\/www.chaletdelgolf.com\/wp-content\/uploads\/2023\/07\/20221122_XaletGolf_311.jpg","contentUrl":"https:\/\/www.chaletdelgolf.com\/wp-content\/uploads\/2023\/07\/20221122_XaletGolf_311.jpg","width":2500,"height":1667,"caption":"habitacion chalet del golf"},{"@type":"BreadcrumbList","@id":"https:\/\/www.chaletdelgolf.com\/producto\/oferta-escapada-4-noches-pagar-3-noches\/#breadcrumb","itemListElement":[{"@type":"ListItem","position":1,"name":"Portada","item":"https:\/\/www.chaletdelgolf.com\/"},{"@type":"ListItem","position":2,"name":"Productos","item":"https:\/\/www.chaletdelgolf.com\/tienda\/"},{"@type":"ListItem","position":3,"name":"Oferta Escapada 4&#215;3 noches"}]},{"@type":"WebSite","@id":"https:\/\/www.chaletdelgolf.com\/#website","url":"https:\/\/www.chaletdelgolf.com\/","name":"Hotel a Puigcerd\u00e0 (Cerdanya) - Xalet del Golf","description":"Hotel Xalet del Golf al Club de Golf Cerdanya","publisher":{"@id":"https:\/\/www.chaletdelgolf.com\/#organization"},"potentialAction":[{"@type":"SearchAction","target":{"@type":"EntryPoint","urlTemplate":"https:\/\/www.chaletdelgolf.com\/?s={search_term_string}"},"query-input":{"@type":"PropertyValueSpecification","valueRequired":true,"valueName":"search_term_string"}}],"inLanguage":"ca"},{"@type":"Organization","@id":"https:\/\/www.chaletdelgolf.com\/#organization","name":"Hotel Xalet del Golf","url":"https:\/\/www.chaletdelgolf.com\/","logo":{"@type":"ImageObject","inLanguage":"ca","@id":"https:\/\/www.chaletdelgolf.com\/#\/schema\/logo\/image\/","url":"https:\/\/www.chaletdelgolf.com\/wp-content\/uploads\/2023\/07\/logo-xalet-golf-RGB-gris-estrelles-02-1.png","contentUrl":"https:\/\/www.chaletdelgolf.com\/wp-content\/uploads\/2023\/07\/logo-xalet-golf-RGB-gris-estrelles-02-1.png","width":701,"height":306,"caption":"Hotel Xalet del Golf"},"image":{"@id":"https:\/\/www.chaletdelgolf.com\/#\/schema\/logo\/image\/"},"sameAs":["https:\/\/www.facebook.com\/xaletdelgolf","https:\/\/www.instagram.com\/hotelxaletdelgolfpuigcerda\/"]}]}},"_links":{"self":[{"href":"https:\/\/www.chaletdelgolf.com\/ca\/wp-json\/wp\/v2\/product\/5390","targetHints":{"allow":["GET"]}}],"collection":[{"href":"https:\/\/www.chaletdelgolf.com\/ca\/wp-json\/wp\/v2\/product"}],"about":[{"href":"https:\/\/www.chaletdelgolf.com\/ca\/wp-json\/wp\/v2\/types\/product"}],"replies":[{"embeddable":true,"href":"https:\/\/www.chaletdelgolf.com\/ca\/wp-json\/wp\/v2\/comments?post=5390"}],"wp:featuredmedia":[{"embeddable":true,"href":"https:\/\/www.chaletdelgolf.com\/ca\/wp-json\/wp\/v2\/media\/4045"}],"wp:attachment":[{"href":"https:\/\/www.chaletdelgolf.com\/ca\/wp-json\/wp\/v2\/media?parent=5390"}],"wp:term":[{"taxonomy":"product_brand","embeddable":true,"href":"https:\/\/www.chaletdelgolf.com\/ca\/wp-json\/wp\/v2\/product_brand?post=5390"},{"taxonomy":"product_cat","embeddable":true,"href":"https:\/\/www.chaletdelgolf.com\/ca\/wp-json\/wp\/v2\/product_cat?post=5390"},{"taxonomy":"product_tag","embeddable":true,"href":"https:\/\/www.chaletdelgolf.com\/ca\/wp-json\/wp\/v2\/product_tag?post=5390"}],"curies":[{"name":"wp","href":"https:\/\/api.w.org\/{rel}","templated":true}]}}