{"id":3,"date":"2022-06-04T14:51:19","date_gmt":"2022-06-04T14:51:19","guid":{"rendered":"https:\/\/www.chaletdelgolf.com?page_id=3"},"modified":"2025-11-07T09:52:18","modified_gmt":"2025-11-07T09:52:18","slug":"aviso-legal","status":"publish","type":"page","link":"https:\/\/www.chaletdelgolf.com\/en\/legal-warning\/","title":{"rendered":"Legal Notice"},"content":{"rendered":"<div data-elementor-type=\"wp-page\" data-elementor-id=\"3\" class=\"elementor elementor-3\" data-elementor-post-type=\"page\">\n\t\t\t\t\t\t<section class=\"elementor-section elementor-top-section elementor-element elementor-element-a643c81 elementor-section-boxed elementor-section-height-default elementor-section-height-default\" data-id=\"a643c81\" data-element_type=\"section\" data-e-type=\"section\">\n\t\t\t\t\t\t<div class=\"elementor-container elementor-column-gap-default\">\n\t\t\t\t\t<div class=\"elementor-column elementor-col-100 elementor-top-column elementor-element elementor-element-ce94ef2\" data-id=\"ce94ef2\" data-element_type=\"column\" data-e-type=\"column\">\n\t\t\t<div class=\"elementor-widget-wrap elementor-element-populated\">\n\t\t\t\t\t\t<div class=\"elementor-element elementor-element-cebe327 elementor-widget elementor-widget-heading\" data-id=\"cebe327\" data-element_type=\"widget\" data-e-type=\"widget\" data-widget_type=\"heading.default\">\n\t\t\t\t<div class=\"elementor-widget-container\">\n\t\t\t\t\t<h1 class=\"elementor-heading-title elementor-size-default\">Legal Notice<\/h1>\t\t\t\t<\/div>\n\t\t\t\t<\/div>\n\t\t\t\t\t<\/div>\n\t\t<\/div>\n\t\t\t\t\t<\/div>\n\t\t<\/section>\n\t\t\t\t<section class=\"elementor-section elementor-top-section elementor-element elementor-element-79beec8d elementor-section-boxed elementor-section-height-default elementor-section-height-default\" data-id=\"79beec8d\" data-element_type=\"section\" data-e-type=\"section\">\n\t\t\t\t\t\t<div class=\"elementor-container elementor-column-gap-default\">\n\t\t\t\t\t<div class=\"elementor-column elementor-col-100 elementor-top-column elementor-element elementor-element-6a21da70\" data-id=\"6a21da70\" data-element_type=\"column\" data-e-type=\"column\">\n\t\t\t<div class=\"elementor-widget-wrap elementor-element-populated\">\n\t\t\t\t\t\t<div class=\"elementor-element elementor-element-65a8dbb3 elementor-widget elementor-widget-text-editor\" data-id=\"65a8dbb3\" data-element_type=\"widget\" data-e-type=\"widget\" data-widget_type=\"text-editor.default\">\n\t\t\t\t<div class=\"elementor-widget-container\">\n\t\t\t\t\t\t\t\t\t\n<h3 class=\"wp-block-heading\"><strong>Identification<\/strong><\/h3>\n\n<p>This Legal Notice has been created by START TODAY, SL, (the owner) with CIF B02641355, address at XALET DEL GOLF, DEVESA DEL GOLF S\/N, 17539 BOLVIR (GIRONA) and e-mail <a href=\"mailto:reservas@chaletdelgolf.com\">reservas@chaletdelgolf.com<\/a><\/p>\n\n<h3 class=\"wp-block-heading\"><strong>Intellectual Property<\/strong><\/h3>\n\n<p>The Owner is the exclusive owner of all the contents of the xalet.rivex.es website: texts, graphics, images, logos, software files, colors, structure, selection, arrangement and presentation of contents, the computer program for the creation and its operation; and the total and\/or partial reproduction, public communication and storage of this page and any other material and\/or element that comprises it protected by the Intellectual Property Law, without obtaining the prior consent of the owner, is totally prohibited.<\/p>\n\n<h3 class=\"wp-block-heading\"><strong>General terms and conditions of use<\/strong><\/h3>\n\n<p>The user of the website (hereinafter the user) fully and unreservedly accepts the provisions included in this Legal Notice, in the version published by the Owner at the time the user accesses the website.<\/p>\n\n<p>The website may be visited freely and the user undertakes to use its contents and services in accordance with the Law and this Legal Notice. To this end, the user will refrain from using the website for illicit purposes or effects, prohibited and detrimental to the rights and interests of third parties.<\/p>\n\n<p>You may not misuse the website service by using it to spam, abuse, harass or otherwise violate the Terms of Use or Privacy Policy.<\/p>\n\n<p>The Owner is not responsible for the opinions or comments of users, errors or omissions, the contents of the Web or other content, which can be accessed through the same, nor for any damages arising from the use of the Web, nor for any action taken on the basis of the information provided on the Web.<\/p>\n\n<p>The Holder does not guarantee the absence of viruses or other harmful elements that may cause damage or alterations to the computer system, electronic documents or files of the user of the Website; nor is it responsible for any damages that such elements may cause to the user or third parties.<\/p>\n\n<p>The content of the website may be modified, extended or deleted at any time, without prior notice.<\/p>\n\n<p>The Owner reserves the right to update the contents of the website and to remove them, as well as to limit and prevent access to them, either temporarily or permanently, without prior notice.<\/p>\n\n<h3 class=\"wp-block-heading\"><strong>Security<\/strong><\/h3>\n\n<p>The personal information provided will be protected by industry standards and technology. As the Internet is not a completely secure environment, the security of any information transmitted to the site cannot be guaranteed.<\/p>\n\n<p>You are responsible for maintaining the confidentiality of your unique password and account information and for controlling access to your electronic communications at all times.<\/p>\n\n<h3 class=\"wp-block-heading\"><strong>Protection of personal data<\/strong><\/h3>\n\n<p>In accordance with the provisions of the European Data Protection Regulation (EU Regulation 2016\/679), we inform you that the personal data provided through this website will be processed by START TODAY, SL, based on your consent and to carry out the requested management, respond to your request and send information of interest to you.<\/p>\n\n<p>Personal data will be kept for the period of time established by current legislation or when deletion is requested. They will not be transferred to third parties except in the cases provided for by law. There is no international transfer of data.<\/p>\n\n<p>You can exercise the rights of access, rectification, cancellation, limitation, portability and opposition, by writing to START TODAY, SL, with address at XALET DEL GOLF, DEVESA DEL GOLF S\/N, postal code 17539 BOLVIR (GIRONA) or by e-mail to\u00a0<a href=\"mailto:reservas@chaletdelgolf.com\">reservas@chaletdelgolf.com<\/a>. You can also exercise the protection of your rights before the Spanish Data Protection Agency.<\/p>\n\n<h3 class=\"wp-block-heading\"><strong>Applicable law and jurisdiction<\/strong><\/h3>\n\n<p>These General Conditions are governed by Spanish legislation. For the resolution of any conflicts arising from this Legal Notice, the parties agree to submit, freely and waiving any other jurisdiction or jurisdiction to which they may be entitled, to the courts and tribunals of the city of START TODAY, SL<\/p>\n\t\t\t\t\t\t\t\t<\/div>\n\t\t\t\t<\/div>\n\t\t\t\t\t<\/div>\n\t\t<\/div>\n\t\t\t\t\t<\/div>\n\t\t<\/section>\n\t\t\t\t<section class=\"elementor-section elementor-top-section elementor-element elementor-element-d82477f elementor-section-boxed elementor-section-height-default elementor-section-height-default\" data-id=\"d82477f\" data-element_type=\"section\" data-e-type=\"section\">\n\t\t\t\t\t\t<div class=\"elementor-container elementor-column-gap-default\">\n\t\t\t\t\t<div class=\"elementor-column elementor-col-100 elementor-top-column elementor-element elementor-element-b5249b7\" data-id=\"b5249b7\" data-element_type=\"column\" data-e-type=\"column\">\n\t\t\t<div class=\"elementor-widget-wrap elementor-element-populated\">\n\t\t\t\t\t\t<div class=\"elementor-element elementor-element-160def8 elementor-widget elementor-widget-image\" data-id=\"160def8\" data-element_type=\"widget\" data-e-type=\"widget\" data-widget_type=\"image.default\">\n\t\t\t\t<div class=\"elementor-widget-container\">\n\t\t\t\t\t\t\t\t\t\t\t\t\t\t\t<img loading=\"lazy\" decoding=\"async\" width=\"1024\" height=\"81\" src=\"https:\/\/www.chaletdelgolf.com\/wp-content\/uploads\/2023\/10\/next-generacion-image.png\" class=\"attachment-large size-large wp-image-4429\" alt=\"\" srcset=\"https:\/\/www.chaletdelgolf.com\/wp-content\/uploads\/2023\/10\/next-generacion-image.png.webp 1024w, https:\/\/www.chaletdelgolf.com\/wp-content\/uploads\/2023\/10\/next-generacion-image-300x24.png.webp 300w, https:\/\/www.chaletdelgolf.com\/wp-content\/uploads\/2023\/10\/next-generacion-image-768x61.png.webp 768w, https:\/\/www.chaletdelgolf.com\/wp-content\/uploads\/2023\/10\/next-generacion-image-18x1.png 18w, https:\/\/www.chaletdelgolf.com\/wp-content\/uploads\/2023\/10\/next-generacion-image-600x47.png.webp 600w\" sizes=\"auto, (max-width: 1024px) 100vw, 1024px\" \/>\t\t\t\t\t\t\t\t\t\t\t\t\t\t\t<\/div>\n\t\t\t\t<\/div>\n\t\t\t\t\t<\/div>\n\t\t<\/div>\n\t\t\t\t\t<\/div>\n\t\t<\/section>\n\t\t\t\t<\/div>","protected":false},"excerpt":{"rendered":"<p>Aviso Legal Identificaci\u00f3n Este Aviso Legal ha sido creado por START TODAY, SL, (el titular) con CIF B02641355, domicilio en XALET DEL GOLF, DEVESA DEL GOLF S\/N, 17539 BOLVIR (GIRONA) y e-mail reservas@chaletdelgolf.com Propiedad Intelectual El Titular es propietario \u00a0en exclusiva de todos los contenidos del sitio Web\u00a0xalet.rivex.es: textos, gr\u00e1ficos, im\u00e1genes, logotipos, archivos de sotfware, [&hellip;]<\/p>\n","protected":false},"author":2,"featured_media":0,"parent":0,"menu_order":0,"comment_status":"closed","ping_status":"closed","template":"","meta":{"site-sidebar-layout":"default","site-content-layout":"","ast-site-content-layout":"","site-content-style":"default","site-sidebar-style":"default","ast-global-header-display":"","ast-banner-title-visibility":"","ast-main-header-display":"","ast-hfb-above-header-display":"","ast-hfb-below-header-display":"","ast-hfb-mobile-header-display":"","site-post-title":"disabled","ast-breadcrumbs-content":"","ast-featured-img":"","footer-sml-layout":"","theme-transparent-header-meta":"","adv-header-id-meta":"","stick-header-meta":"","header-above-stick-meta":"","header-main-stick-meta":"","header-below-stick-meta":"","astra-migrate-meta-layouts":"default","ast-page-background-enabled":"default","ast-page-background-meta":{"desktop":{"background-color":"","background-image":"","background-repeat":"repeat","background-position":"center center","background-size":"auto","background-attachment":"scroll","background-type":"","background-media":"","overlay-type":"","overlay-color":"","overlay-opacity":"","overlay-gradient":""},"tablet":{"background-color":"","background-image":"","background-repeat":"repeat","background-position":"center center","background-size":"auto","background-attachment":"scroll","background-type":"","background-media":"","overlay-type":"","overlay-color":"","overlay-opacity":"","overlay-gradient":""},"mobile":{"background-color":"","background-image":"","background-repeat":"repeat","background-position":"center center","background-size":"auto","background-attachment":"scroll","background-type":"","background-media":"","overlay-type":"","overlay-color":"","overlay-opacity":"","overlay-gradient":""}},"ast-content-background-meta":{"desktop":{"background-color":"var(--ast-global-color-5)","background-image":"","background-repeat":"repeat","background-position":"center center","background-size":"auto","background-attachment":"scroll","background-type":"","background-media":"","overlay-type":"","overlay-color":"","overlay-opacity":"","overlay-gradient":""},"tablet":{"background-color":"var(--ast-global-color-5)","background-image":"","background-repeat":"repeat","background-position":"center center","background-size":"auto","background-attachment":"scroll","background-type":"","background-media":"","overlay-type":"","overlay-color":"","overlay-opacity":"","overlay-gradient":""},"mobile":{"background-color":"var(--ast-global-color-5)","background-image":"","background-repeat":"repeat","background-position":"center center","background-size":"auto","background-attachment":"scroll","background-type":"","background-media":"","overlay-type":"","overlay-color":"","overlay-opacity":"","overlay-gradient":""}},"footnotes":""},"class_list":["post-3","page","type-page","status-publish","hentry"],"yoast_head":"<!-- This site is optimized with the Yoast SEO plugin v27.1.1 - https:\/\/yoast.com\/product\/yoast-seo-wordpress\/ -->\n<title>Aviso Legal - Hotel en Puigcerd\u00e0 (Cerdanya) - Xalet del Golf<\/title>\n<meta name=\"description\" content=\"Consulta el aviso legal del Hotel Xalet del Golf para obtener informaci\u00f3n sobre t\u00e9rminos y condiciones, privacidad y uso de nuestro sitio web.\" \/>\n<meta name=\"robots\" content=\"index, follow, max-snippet:-1, max-image-preview:large, max-video-preview:-1\" \/>\n<link rel=\"canonical\" href=\"https:\/\/www.chaletdelgolf.com\/en\/legal-warning\/\" \/>\n<meta property=\"og:locale\" content=\"en_GB\" \/>\n<meta property=\"og:type\" content=\"article\" \/>\n<meta property=\"og:title\" content=\"Aviso Legal - Hotel en Puigcerd\u00e0 (Cerdanya) - Xalet del Golf\" \/>\n<meta property=\"og:description\" content=\"Consulta el aviso legal del Hotel Xalet del Golf para obtener informaci\u00f3n sobre t\u00e9rminos y condiciones, privacidad y uso de nuestro sitio web.\" \/>\n<meta property=\"og:url\" content=\"https:\/\/www.chaletdelgolf.com\/en\/legal-warning\/\" \/>\n<meta property=\"og:site_name\" content=\"Hotel en Puigcerd\u00e0 (Cerdanya) - Xalet del Golf\" \/>\n<meta property=\"article:publisher\" content=\"https:\/\/www.facebook.com\/xaletdelgolf\" \/>\n<meta property=\"article:modified_time\" content=\"2025-11-07T09:52:18+00:00\" \/>\n<meta property=\"og:image\" content=\"https:\/\/www.chaletdelgolf.com\/wp-content\/uploads\/2023\/10\/next-generacion-image.png\" \/>\n\t<meta property=\"og:image:width\" content=\"1024\" \/>\n\t<meta property=\"og:image:height\" content=\"81\" \/>\n\t<meta property=\"og:image:type\" content=\"image\/png\" \/>\n<meta name=\"twitter:card\" content=\"summary_large_image\" \/>\n<meta name=\"twitter:label1\" content=\"Estimated reading time\" \/>\n\t<meta name=\"twitter:data1\" content=\"4 minutes\" \/>\n<script type=\"application\/ld+json\" class=\"yoast-schema-graph\">{\"@context\":\"https:\/\/schema.org\",\"@graph\":[{\"@type\":\"WebPage\",\"@id\":\"https:\/\/www.chaletdelgolf.com\/aviso-legal\/\",\"url\":\"https:\/\/www.chaletdelgolf.com\/aviso-legal\/\",\"name\":\"Aviso Legal - Hotel en Puigcerd\u00e0 (Cerdanya) - Xalet del Golf\",\"isPartOf\":{\"@id\":\"https:\/\/www.chaletdelgolf.com\/#website\"},\"primaryImageOfPage\":{\"@id\":\"https:\/\/www.chaletdelgolf.com\/aviso-legal\/#primaryimage\"},\"image\":{\"@id\":\"https:\/\/www.chaletdelgolf.com\/aviso-legal\/#primaryimage\"},\"thumbnailUrl\":\"https:\/\/www.chaletdelgolf.com\/wp-content\/uploads\/2023\/10\/next-generacion-image.png\",\"datePublished\":\"2022-06-04T14:51:19+00:00\",\"dateModified\":\"2025-11-07T09:52:18+00:00\",\"description\":\"Consulta el aviso legal del Hotel Xalet del Golf para obtener informaci\u00f3n sobre t\u00e9rminos y condiciones, privacidad y uso de nuestro sitio web.\",\"breadcrumb\":{\"@id\":\"https:\/\/www.chaletdelgolf.com\/aviso-legal\/#breadcrumb\"},\"inLanguage\":\"en-GB\",\"potentialAction\":[{\"@type\":\"ReadAction\",\"target\":[\"https:\/\/www.chaletdelgolf.com\/aviso-legal\/\"]}]},{\"@type\":\"ImageObject\",\"inLanguage\":\"en-GB\",\"@id\":\"https:\/\/www.chaletdelgolf.com\/aviso-legal\/#primaryimage\",\"url\":\"https:\/\/www.chaletdelgolf.com\/wp-content\/uploads\/2023\/10\/next-generacion-image.png\",\"contentUrl\":\"https:\/\/www.chaletdelgolf.com\/wp-content\/uploads\/2023\/10\/next-generacion-image.png\"},{\"@type\":\"BreadcrumbList\",\"@id\":\"https:\/\/www.chaletdelgolf.com\/aviso-legal\/#breadcrumb\",\"itemListElement\":[{\"@type\":\"ListItem\",\"position\":1,\"name\":\"Portada\",\"item\":\"https:\/\/www.chaletdelgolf.com\/\"},{\"@type\":\"ListItem\",\"position\":2,\"name\":\"Aviso Legal\"}]},{\"@type\":\"WebSite\",\"@id\":\"https:\/\/www.chaletdelgolf.com\/#website\",\"url\":\"https:\/\/www.chaletdelgolf.com\/\",\"name\":\"Hotel en Puigcerd\u00e0 (Cerdanya) - Xalet del Golf\",\"description\":\"Hotel Xalet del Golf en el Club de Golf Cerda\u00f1a\",\"publisher\":{\"@id\":\"https:\/\/www.chaletdelgolf.com\/#organization\"},\"potentialAction\":[{\"@type\":\"SearchAction\",\"target\":{\"@type\":\"EntryPoint\",\"urlTemplate\":\"https:\/\/www.chaletdelgolf.com\/?s={search_term_string}\"},\"query-input\":{\"@type\":\"PropertyValueSpecification\",\"valueRequired\":true,\"valueName\":\"search_term_string\"}}],\"inLanguage\":\"en-GB\"},{\"@type\":\"Organization\",\"@id\":\"https:\/\/www.chaletdelgolf.com\/#organization\",\"name\":\"Hotel Xalet del Golf\",\"url\":\"https:\/\/www.chaletdelgolf.com\/\",\"logo\":{\"@type\":\"ImageObject\",\"inLanguage\":\"en-GB\",\"@id\":\"https:\/\/www.chaletdelgolf.com\/#\/schema\/logo\/image\/\",\"url\":\"https:\/\/www.chaletdelgolf.com\/wp-content\/uploads\/2023\/07\/logo-xalet-golf-RGB-gris-estrelles-02-1.png\",\"contentUrl\":\"https:\/\/www.chaletdelgolf.com\/wp-content\/uploads\/2023\/07\/logo-xalet-golf-RGB-gris-estrelles-02-1.png\",\"width\":701,\"height\":306,\"caption\":\"Hotel Xalet del Golf\"},\"image\":{\"@id\":\"https:\/\/www.chaletdelgolf.com\/#\/schema\/logo\/image\/\"},\"sameAs\":[\"https:\/\/www.facebook.com\/xaletdelgolf\",\"https:\/\/www.instagram.com\/hotelxaletdelgolfpuigcerda\/\"]}]}<\/script>\n<!-- \/ Yoast SEO plugin. -->","yoast_head_json":{"title":"Legal Notice - Hotel in Puigcerd\u00e0 (Cerdanya) - Xalet del Golf","description":"Consult the legal notice of Hotel Xalet del Golf for information on terms and conditions, privacy and use of our website.","robots":{"index":"index","follow":"follow","max-snippet":"max-snippet:-1","max-image-preview":"max-image-preview:large","max-video-preview":"max-video-preview:-1"},"canonical":"https:\/\/www.chaletdelgolf.com\/en\/legal-warning\/","og_locale":"en_GB","og_type":"article","og_title":"Aviso Legal - Hotel en Puigcerd\u00e0 (Cerdanya) - Xalet del Golf","og_description":"Consulta el aviso legal del Hotel Xalet del Golf para obtener informaci\u00f3n sobre t\u00e9rminos y condiciones, privacidad y uso de nuestro sitio web.","og_url":"https:\/\/www.chaletdelgolf.com\/en\/legal-warning\/","og_site_name":"Hotel en Puigcerd\u00e0 (Cerdanya) - Xalet del Golf","article_publisher":"https:\/\/www.facebook.com\/xaletdelgolf","article_modified_time":"2025-11-07T09:52:18+00:00","og_image":[{"width":1024,"height":81,"url":"https:\/\/www.chaletdelgolf.com\/wp-content\/uploads\/2023\/10\/next-generacion-image.png","type":"image\/png"}],"twitter_card":"summary_large_image","twitter_misc":{"Estimated reading time":"4 minutes"},"schema":{"@context":"https:\/\/schema.org","@graph":[{"@type":"WebPage","@id":"https:\/\/www.chaletdelgolf.com\/aviso-legal\/","url":"https:\/\/www.chaletdelgolf.com\/aviso-legal\/","name":"Legal Notice - Hotel in Puigcerd\u00e0 (Cerdanya) - Xalet del Golf","isPartOf":{"@id":"https:\/\/www.chaletdelgolf.com\/#website"},"primaryImageOfPage":{"@id":"https:\/\/www.chaletdelgolf.com\/aviso-legal\/#primaryimage"},"image":{"@id":"https:\/\/www.chaletdelgolf.com\/aviso-legal\/#primaryimage"},"thumbnailUrl":"https:\/\/www.chaletdelgolf.com\/wp-content\/uploads\/2023\/10\/next-generacion-image.png","datePublished":"2022-06-04T14:51:19+00:00","dateModified":"2025-11-07T09:52:18+00:00","description":"Consult the legal notice of Hotel Xalet del Golf for information on terms and conditions, privacy and use of our website.","breadcrumb":{"@id":"https:\/\/www.chaletdelgolf.com\/aviso-legal\/#breadcrumb"},"inLanguage":"en-GB","potentialAction":[{"@type":"ReadAction","target":["https:\/\/www.chaletdelgolf.com\/aviso-legal\/"]}]},{"@type":"ImageObject","inLanguage":"en-GB","@id":"https:\/\/www.chaletdelgolf.com\/aviso-legal\/#primaryimage","url":"https:\/\/www.chaletdelgolf.com\/wp-content\/uploads\/2023\/10\/next-generacion-image.png","contentUrl":"https:\/\/www.chaletdelgolf.com\/wp-content\/uploads\/2023\/10\/next-generacion-image.png"},{"@type":"BreadcrumbList","@id":"https:\/\/www.chaletdelgolf.com\/aviso-legal\/#breadcrumb","itemListElement":[{"@type":"ListItem","position":1,"name":"Portada","item":"https:\/\/www.chaletdelgolf.com\/"},{"@type":"ListItem","position":2,"name":"Aviso Legal"}]},{"@type":"WebSite","@id":"https:\/\/www.chaletdelgolf.com\/#website","url":"https:\/\/www.chaletdelgolf.com\/","name":"Hotel in Puigcerd\u00e0 (Cerdanya) - Xalet del Golf","description":"Hotel Xalet del Golf in the Cerdanya Golf Club","publisher":{"@id":"https:\/\/www.chaletdelgolf.com\/#organization"},"potentialAction":[{"@type":"SearchAction","target":{"@type":"EntryPoint","urlTemplate":"https:\/\/www.chaletdelgolf.com\/?s={search_term_string}"},"query-input":{"@type":"PropertyValueSpecification","valueRequired":true,"valueName":"search_term_string"}}],"inLanguage":"en-GB"},{"@type":"Organization","@id":"https:\/\/www.chaletdelgolf.com\/#organization","name":"Hotel Xalet del Golf","url":"https:\/\/www.chaletdelgolf.com\/","logo":{"@type":"ImageObject","inLanguage":"en-GB","@id":"https:\/\/www.chaletdelgolf.com\/#\/schema\/logo\/image\/","url":"https:\/\/www.chaletdelgolf.com\/wp-content\/uploads\/2023\/07\/logo-xalet-golf-RGB-gris-estrelles-02-1.png","contentUrl":"https:\/\/www.chaletdelgolf.com\/wp-content\/uploads\/2023\/07\/logo-xalet-golf-RGB-gris-estrelles-02-1.png","width":701,"height":306,"caption":"Hotel Xalet del Golf"},"image":{"@id":"https:\/\/www.chaletdelgolf.com\/#\/schema\/logo\/image\/"},"sameAs":["https:\/\/www.facebook.com\/xaletdelgolf","https:\/\/www.instagram.com\/hotelxaletdelgolfpuigcerda\/"]}]}},"_links":{"self":[{"href":"https:\/\/www.chaletdelgolf.com\/en\/wp-json\/wp\/v2\/pages\/3","targetHints":{"allow":["GET"]}}],"collection":[{"href":"https:\/\/www.chaletdelgolf.com\/en\/wp-json\/wp\/v2\/pages"}],"about":[{"href":"https:\/\/www.chaletdelgolf.com\/en\/wp-json\/wp\/v2\/types\/page"}],"author":[{"embeddable":true,"href":"https:\/\/www.chaletdelgolf.com\/en\/wp-json\/wp\/v2\/users\/2"}],"replies":[{"embeddable":true,"href":"https:\/\/www.chaletdelgolf.com\/en\/wp-json\/wp\/v2\/comments?post=3"}],"version-history":[{"count":3,"href":"https:\/\/www.chaletdelgolf.com\/en\/wp-json\/wp\/v2\/pages\/3\/revisions"}],"predecessor-version":[{"id":7370,"href":"https:\/\/www.chaletdelgolf.com\/en\/wp-json\/wp\/v2\/pages\/3\/revisions\/7370"}],"wp:attachment":[{"href":"https:\/\/www.chaletdelgolf.com\/en\/wp-json\/wp\/v2\/media?parent=3"}],"curies":[{"name":"wp","href":"https:\/\/api.w.org\/{rel}","templated":true}]}}