{"id":3597,"date":"2023-07-17T19:12:29","date_gmt":"2023-07-17T19:12:29","guid":{"rendered":"https:\/\/www.chaletdelgolf.com\/?post_type=product&#038;p=3597"},"modified":"2023-12-14T10:54:10","modified_gmt":"2023-12-14T10:54:10","slug":"pack-estancia-1-noche-de-hotel","status":"publish","type":"product","link":"https:\/\/www.chaletdelgolf.com\/en\/product\/1-night-hotel-stay-pack\/","title":{"rendered":"Romantic Night Pack"},"content":{"rendered":"<h2><strong>What does our Romantic Night Pack include?<\/strong><\/h2>\n<ul>\n<li>1 night in the Superior Double Room at the Hotel Xalet del Golf<\/li>\n<li>Buffet breakfast for 2 people<\/li>\n<li>Bottle of Cava and Chocolates<\/li>\n<li>romantic detail<\/li>\n<li>Late Check Out (subject to hotel availability)<\/li>\n<li>OPTION: include Dinner for 2 people (drinks not included)<\/li>\n<\/ul>\n<p><strong><strong style=\"font-size: 16px;\"><b>The Xalet del Golf Hotel: E<\/b><\/strong><\/strong>s a <strong>recently renovated hotel 4\u2606<\/strong> and located in the same golf club \u201cReal Club de Golf Cerda\u00f1a\u201d, in the heart of the <strong>Cerdanya<\/strong> and very close to <strong>Puigcerd\u00e0<\/strong>.<\/p>\n<p><b>The room <\/b><strong>Superior Double: <\/strong>Room for 2 people <strong>34m2\u00a0<\/strong>decorated in a style\u00a0<strong>classic <\/strong>with<strong> luxurious furniture, carpeted floors and underfloor heating<\/strong>. Equipped with a king-size double bed with a private equipped sink and a balcony.<\/p>\n<p><strong>Availability: <\/strong>The Pack is available all year round, except New Year&#039;s Eve and August, and <span class=\"OYPEnA text-decoration-none text-strikethrough-none\">depending on the season you have chosen.<\/span> <span class=\"OYPEnA text-decoration-none text-strikethrough-none\">This Check has an expiration of 1 year, from the day of purchase. <strong>Dinner not available<\/strong>: Christmas Eve, Christmas Day, Three Kings Day and New Year&#039;s Eve.<\/span><\/p>\n<p><strong>How will I receive the bonus? <\/strong>Once you have purchased the gift voucher, you will receive a Voucher in PDF format by email that you have attached to us.<\/p>\n<p><strong>How to redeem the bonus? <\/strong>In order to redeem the voucher and make the reservation, you will have to call the hotel&#039;s telephone number <a href=\"tel:+34 972 884 320\">+34 972 884 320<\/a>\u00a0or send an email to <a href=\"mailto:reservas@chaletdelgolf.com\">reservas@chaletdelgolf.com<\/a> saying the days you want. Next, an email confirming your reservation will be sent to you.<\/p>\n<p><strong>**<\/strong><span class=\"OYPEnA text-decoration-none text-strikethrough-none\"><strong>High season:<\/strong> N<\/span><span class=\"OYPEnA text-decoration-none text-strikethrough-none\">avidities, Pur\u00edsima, August and Holy Week.<\/span> <span class=\"OYPEnA text-decoration-none text-strikethrough-none\"><strong>Mid Season<\/strong>:<\/span><span class=\"OYPEnA text-decoration-none text-strikethrough-none\"> July<\/span> <span class=\"OYPEnA text-decoration-none text-strikethrough-none\"><strong>Low season<\/strong>:<\/span><span class=\"OYPEnA text-decoration-none text-strikethrough-none\"> All year round except high and mid season.<\/span><\/p>","protected":false},"excerpt":{"rendered":"<p>get your\u00a0<strong>Romantic Pack for 1 night at the Hotel Xalet del Golf<\/strong>. Ideal to enjoy a romantic getaway with your partner. With this pack, we will make every detail count to achieve an environment full of romance and love.<\/p>\n<p>Choose the season you prefer and you will see the price automatically.<\/p>","protected":false},"featured_media":3898,"comment_status":"closed","ping_status":"closed","template":"","meta":{"site-sidebar-layout":"default","site-content-layout":"default","ast-site-content-layout":"","site-content-style":"default","site-sidebar-style":"default","ast-global-header-display":"","ast-banner-title-visibility":"","ast-main-header-display":"","ast-hfb-above-header-display":"","ast-hfb-below-header-display":"","ast-hfb-mobile-header-display":"","site-post-title":"","ast-breadcrumbs-content":"","ast-featured-img":"","footer-sml-layout":"","theme-transparent-header-meta":"default","adv-header-id-meta":"","stick-header-meta":"default","header-above-stick-meta":"","header-main-stick-meta":"","header-below-stick-meta":"","astra-migrate-meta-layouts":"default","ast-page-background-enabled":"default","ast-page-background-meta":{"desktop":{"background-color":"","background-image":"","background-repeat":"repeat","background-position":"center center","background-size":"auto","background-attachment":"scroll","background-type":"","background-media":"","overlay-type":"","overlay-color":"","overlay-opacity":"","overlay-gradient":""},"tablet":{"background-color":"","background-image":"","background-repeat":"repeat","background-position":"center center","background-size":"auto","background-attachment":"scroll","background-type":"","background-media":"","overlay-type":"","overlay-color":"","overlay-opacity":"","overlay-gradient":""},"mobile":{"background-color":"","background-image":"","background-repeat":"repeat","background-position":"center center","background-size":"auto","background-attachment":"scroll","background-type":"","background-media":"","overlay-type":"","overlay-color":"","overlay-opacity":"","overlay-gradient":""}},"ast-content-background-meta":{"desktop":{"background-color":"var(--ast-global-color-5)","background-image":"","background-repeat":"repeat","background-position":"center center","background-size":"auto","background-attachment":"scroll","background-type":"","background-media":"","overlay-type":"","overlay-color":"","overlay-opacity":"","overlay-gradient":""},"tablet":{"background-color":"var(--ast-global-color-5)","background-image":"","background-repeat":"repeat","background-position":"center center","background-size":"auto","background-attachment":"scroll","background-type":"","background-media":"","overlay-type":"","overlay-color":"","overlay-opacity":"","overlay-gradient":""},"mobile":{"background-color":"var(--ast-global-color-5)","background-image":"","background-repeat":"repeat","background-position":"center center","background-size":"auto","background-attachment":"scroll","background-type":"","background-media":"","overlay-type":"","overlay-color":"","overlay-opacity":"","overlay-gradient":""}}},"product_brand":[],"product_cat":[20],"product_tag":[],"class_list":{"0":"post-3597","1":"product","2":"type-product","3":"status-publish","4":"has-post-thumbnail","6":"product_cat-sin-categorizar","7":"desktop-align-left","8":"tablet-align-left","9":"mobile-align-left","10":"ast-product-gallery-layout-horizontal-slider","11":"ast-product-single-variable","12":"ast-product-tabs-layout-horizontal","14":"first","15":"instock","16":"shipping-taxable","17":"purchasable","18":"product-type-variable"},"yoast_head":"<!-- This site is optimized with the Yoast SEO plugin v27.1.1 - https:\/\/yoast.com\/product\/yoast-seo-wordpress\/ -->\n<title>Pack Noche Rom\u00e1ntica | Bono Regalo | Xalet del Golf<\/title>\n<meta name=\"description\" content=\"Consigue tu pack noche rom\u00e1ntica, alojamiento de 1 noche con desayuno, detalles rom\u00e1nticos y cava junto a tu pareja en el Hotel Xalet del Golf.\" \/>\n<meta name=\"robots\" content=\"index, follow, max-snippet:-1, max-image-preview:large, max-video-preview:-1\" \/>\n<link rel=\"canonical\" href=\"https:\/\/www.chaletdelgolf.com\/en\/product\/1-night-hotel-stay-pack\/\" \/>\n<meta property=\"og:locale\" content=\"en_GB\" \/>\n<meta property=\"og:type\" content=\"article\" \/>\n<meta property=\"og:title\" content=\"Pack Noche Rom\u00e1ntica | Bono Regalo | Xalet del Golf\" \/>\n<meta property=\"og:description\" content=\"Consigue tu pack noche rom\u00e1ntica, alojamiento de 1 noche con desayuno, detalles rom\u00e1nticos y cava junto a tu pareja en el Hotel Xalet del Golf.\" \/>\n<meta property=\"og:url\" content=\"https:\/\/www.chaletdelgolf.com\/en\/product\/1-night-hotel-stay-pack\/\" \/>\n<meta property=\"og:site_name\" content=\"Hotel en Puigcerd\u00e0 (Cerdanya) - Xalet del Golf\" \/>\n<meta property=\"article:publisher\" content=\"https:\/\/www.facebook.com\/xaletdelgolf\" \/>\n<meta property=\"article:modified_time\" content=\"2023-12-14T10:54:10+00:00\" \/>\n<meta property=\"og:image\" content=\"https:\/\/www.chaletdelgolf.com\/wp-content\/uploads\/2023\/07\/Hanitaciones-doble-superior-Hotel-Xalet-del-golf-scaled-web-low-120-e1694176142907.jpg\" \/>\n\t<meta property=\"og:image:width\" content=\"1500\" \/>\n\t<meta property=\"og:image:height\" content=\"1000\" \/>\n\t<meta property=\"og:image:type\" content=\"image\/jpeg\" \/>\n<meta name=\"twitter:card\" content=\"summary_large_image\" \/>\n<meta name=\"twitter:label1\" content=\"Estimated reading time\" \/>\n\t<meta name=\"twitter:data1\" content=\"2 minutes\" \/>\n<script type=\"application\/ld+json\" class=\"yoast-schema-graph\">{\"@context\":\"https:\/\/schema.org\",\"@graph\":[{\"@type\":\"WebPage\",\"@id\":\"https:\/\/www.chaletdelgolf.com\/producto\/pack-estancia-1-noche-de-hotel\/\",\"url\":\"https:\/\/www.chaletdelgolf.com\/producto\/pack-estancia-1-noche-de-hotel\/\",\"name\":\"Pack Noche Rom\u00e1ntica | Bono Regalo | Xalet del Golf\",\"isPartOf\":{\"@id\":\"https:\/\/www.chaletdelgolf.com\/#website\"},\"primaryImageOfPage\":{\"@id\":\"https:\/\/www.chaletdelgolf.com\/producto\/pack-estancia-1-noche-de-hotel\/#primaryimage\"},\"image\":{\"@id\":\"https:\/\/www.chaletdelgolf.com\/producto\/pack-estancia-1-noche-de-hotel\/#primaryimage\"},\"thumbnailUrl\":\"https:\/\/www.chaletdelgolf.com\/wp-content\/uploads\/2023\/07\/Hanitaciones-doble-superior-Hotel-Xalet-del-golf-scaled-web-low-120-e1694176142907.jpg\",\"datePublished\":\"2023-07-17T19:12:29+00:00\",\"dateModified\":\"2023-12-14T10:54:10+00:00\",\"description\":\"Consigue tu pack noche rom\u00e1ntica, alojamiento de 1 noche con desayuno, detalles rom\u00e1nticos y cava junto a tu pareja en el Hotel Xalet del Golf.\",\"breadcrumb\":{\"@id\":\"https:\/\/www.chaletdelgolf.com\/producto\/pack-estancia-1-noche-de-hotel\/#breadcrumb\"},\"inLanguage\":\"en-GB\",\"potentialAction\":[{\"@type\":\"ReadAction\",\"target\":[\"https:\/\/www.chaletdelgolf.com\/producto\/pack-estancia-1-noche-de-hotel\/\"]}]},{\"@type\":\"ImageObject\",\"inLanguage\":\"en-GB\",\"@id\":\"https:\/\/www.chaletdelgolf.com\/producto\/pack-estancia-1-noche-de-hotel\/#primaryimage\",\"url\":\"https:\/\/www.chaletdelgolf.com\/wp-content\/uploads\/2023\/07\/Hanitaciones-doble-superior-Hotel-Xalet-del-golf-scaled-web-low-120-e1694176142907.jpg\",\"contentUrl\":\"https:\/\/www.chaletdelgolf.com\/wp-content\/uploads\/2023\/07\/Hanitaciones-doble-superior-Hotel-Xalet-del-golf-scaled-web-low-120-e1694176142907.jpg\",\"width\":1500,\"height\":1000},{\"@type\":\"BreadcrumbList\",\"@id\":\"https:\/\/www.chaletdelgolf.com\/producto\/pack-estancia-1-noche-de-hotel\/#breadcrumb\",\"itemListElement\":[{\"@type\":\"ListItem\",\"position\":1,\"name\":\"Portada\",\"item\":\"https:\/\/www.chaletdelgolf.com\/\"},{\"@type\":\"ListItem\",\"position\":2,\"name\":\"Productos\",\"item\":\"https:\/\/www.chaletdelgolf.com\/tienda\/\"},{\"@type\":\"ListItem\",\"position\":3,\"name\":\"Pack Noche Rom\u00e1ntica\"}]},{\"@type\":\"WebSite\",\"@id\":\"https:\/\/www.chaletdelgolf.com\/#website\",\"url\":\"https:\/\/www.chaletdelgolf.com\/\",\"name\":\"Hotel en Puigcerd\u00e0 (Cerdanya) - Xalet del Golf\",\"description\":\"Hotel Xalet del Golf en el Club de Golf Cerda\u00f1a\",\"publisher\":{\"@id\":\"https:\/\/www.chaletdelgolf.com\/#organization\"},\"potentialAction\":[{\"@type\":\"SearchAction\",\"target\":{\"@type\":\"EntryPoint\",\"urlTemplate\":\"https:\/\/www.chaletdelgolf.com\/?s={search_term_string}\"},\"query-input\":{\"@type\":\"PropertyValueSpecification\",\"valueRequired\":true,\"valueName\":\"search_term_string\"}}],\"inLanguage\":\"en-GB\"},{\"@type\":\"Organization\",\"@id\":\"https:\/\/www.chaletdelgolf.com\/#organization\",\"name\":\"Hotel Xalet del Golf\",\"url\":\"https:\/\/www.chaletdelgolf.com\/\",\"logo\":{\"@type\":\"ImageObject\",\"inLanguage\":\"en-GB\",\"@id\":\"https:\/\/www.chaletdelgolf.com\/#\/schema\/logo\/image\/\",\"url\":\"https:\/\/www.chaletdelgolf.com\/wp-content\/uploads\/2023\/07\/logo-xalet-golf-RGB-gris-estrelles-02-1.png\",\"contentUrl\":\"https:\/\/www.chaletdelgolf.com\/wp-content\/uploads\/2023\/07\/logo-xalet-golf-RGB-gris-estrelles-02-1.png\",\"width\":701,\"height\":306,\"caption\":\"Hotel Xalet del Golf\"},\"image\":{\"@id\":\"https:\/\/www.chaletdelgolf.com\/#\/schema\/logo\/image\/\"},\"sameAs\":[\"https:\/\/www.facebook.com\/xaletdelgolf\",\"https:\/\/www.instagram.com\/hotelxaletdelgolfpuigcerda\/\"]}]}<\/script>\n<!-- \/ Yoast SEO plugin. -->","yoast_head_json":{"title":"Romantic Night Pack | Gift Voucher | Xalet del Golf","description":"Get your romantic night pack, 1 night&#039;s accommodation with breakfast, romantic details and cava with your partner at the Hotel Xalet del Golf.","robots":{"index":"index","follow":"follow","max-snippet":"max-snippet:-1","max-image-preview":"max-image-preview:large","max-video-preview":"max-video-preview:-1"},"canonical":"https:\/\/www.chaletdelgolf.com\/en\/product\/1-night-hotel-stay-pack\/","og_locale":"en_GB","og_type":"article","og_title":"Pack Noche Rom\u00e1ntica | Bono Regalo | Xalet del Golf","og_description":"Consigue tu pack noche rom\u00e1ntica, alojamiento de 1 noche con desayuno, detalles rom\u00e1nticos y cava junto a tu pareja en el Hotel Xalet del Golf.","og_url":"https:\/\/www.chaletdelgolf.com\/en\/product\/1-night-hotel-stay-pack\/","og_site_name":"Hotel en Puigcerd\u00e0 (Cerdanya) - Xalet del Golf","article_publisher":"https:\/\/www.facebook.com\/xaletdelgolf","article_modified_time":"2023-12-14T10:54:10+00:00","og_image":[{"width":1500,"height":1000,"url":"https:\/\/www.chaletdelgolf.com\/wp-content\/uploads\/2023\/07\/Hanitaciones-doble-superior-Hotel-Xalet-del-golf-scaled-web-low-120-e1694176142907.jpg","type":"image\/jpeg"}],"twitter_card":"summary_large_image","twitter_misc":{"Estimated reading time":"2 minutes"},"schema":{"@context":"https:\/\/schema.org","@graph":[{"@type":"WebPage","@id":"https:\/\/www.chaletdelgolf.com\/producto\/pack-estancia-1-noche-de-hotel\/","url":"https:\/\/www.chaletdelgolf.com\/producto\/pack-estancia-1-noche-de-hotel\/","name":"Romantic Night Pack | Gift Voucher | Xalet del Golf","isPartOf":{"@id":"https:\/\/www.chaletdelgolf.com\/#website"},"primaryImageOfPage":{"@id":"https:\/\/www.chaletdelgolf.com\/producto\/pack-estancia-1-noche-de-hotel\/#primaryimage"},"image":{"@id":"https:\/\/www.chaletdelgolf.com\/producto\/pack-estancia-1-noche-de-hotel\/#primaryimage"},"thumbnailUrl":"https:\/\/www.chaletdelgolf.com\/wp-content\/uploads\/2023\/07\/Hanitaciones-doble-superior-Hotel-Xalet-del-golf-scaled-web-low-120-e1694176142907.jpg","datePublished":"2023-07-17T19:12:29+00:00","dateModified":"2023-12-14T10:54:10+00:00","description":"Get your romantic night pack, 1 night&#039;s accommodation with breakfast, romantic details and cava with your partner at the Hotel Xalet del Golf.","breadcrumb":{"@id":"https:\/\/www.chaletdelgolf.com\/producto\/pack-estancia-1-noche-de-hotel\/#breadcrumb"},"inLanguage":"en-GB","potentialAction":[{"@type":"ReadAction","target":["https:\/\/www.chaletdelgolf.com\/producto\/pack-estancia-1-noche-de-hotel\/"]}]},{"@type":"ImageObject","inLanguage":"en-GB","@id":"https:\/\/www.chaletdelgolf.com\/producto\/pack-estancia-1-noche-de-hotel\/#primaryimage","url":"https:\/\/www.chaletdelgolf.com\/wp-content\/uploads\/2023\/07\/Hanitaciones-doble-superior-Hotel-Xalet-del-golf-scaled-web-low-120-e1694176142907.jpg","contentUrl":"https:\/\/www.chaletdelgolf.com\/wp-content\/uploads\/2023\/07\/Hanitaciones-doble-superior-Hotel-Xalet-del-golf-scaled-web-low-120-e1694176142907.jpg","width":1500,"height":1000},{"@type":"BreadcrumbList","@id":"https:\/\/www.chaletdelgolf.com\/producto\/pack-estancia-1-noche-de-hotel\/#breadcrumb","itemListElement":[{"@type":"ListItem","position":1,"name":"Portada","item":"https:\/\/www.chaletdelgolf.com\/"},{"@type":"ListItem","position":2,"name":"Productos","item":"https:\/\/www.chaletdelgolf.com\/tienda\/"},{"@type":"ListItem","position":3,"name":"Pack Noche Rom\u00e1ntica"}]},{"@type":"WebSite","@id":"https:\/\/www.chaletdelgolf.com\/#website","url":"https:\/\/www.chaletdelgolf.com\/","name":"Hotel in Puigcerd\u00e0 (Cerdanya) - Xalet del Golf","description":"Hotel Xalet del Golf in the Cerdanya Golf Club","publisher":{"@id":"https:\/\/www.chaletdelgolf.com\/#organization"},"potentialAction":[{"@type":"SearchAction","target":{"@type":"EntryPoint","urlTemplate":"https:\/\/www.chaletdelgolf.com\/?s={search_term_string}"},"query-input":{"@type":"PropertyValueSpecification","valueRequired":true,"valueName":"search_term_string"}}],"inLanguage":"en-GB"},{"@type":"Organization","@id":"https:\/\/www.chaletdelgolf.com\/#organization","name":"Hotel Xalet del Golf","url":"https:\/\/www.chaletdelgolf.com\/","logo":{"@type":"ImageObject","inLanguage":"en-GB","@id":"https:\/\/www.chaletdelgolf.com\/#\/schema\/logo\/image\/","url":"https:\/\/www.chaletdelgolf.com\/wp-content\/uploads\/2023\/07\/logo-xalet-golf-RGB-gris-estrelles-02-1.png","contentUrl":"https:\/\/www.chaletdelgolf.com\/wp-content\/uploads\/2023\/07\/logo-xalet-golf-RGB-gris-estrelles-02-1.png","width":701,"height":306,"caption":"Hotel Xalet del Golf"},"image":{"@id":"https:\/\/www.chaletdelgolf.com\/#\/schema\/logo\/image\/"},"sameAs":["https:\/\/www.facebook.com\/xaletdelgolf","https:\/\/www.instagram.com\/hotelxaletdelgolfpuigcerda\/"]}]}},"_links":{"self":[{"href":"https:\/\/www.chaletdelgolf.com\/en\/wp-json\/wp\/v2\/product\/3597","targetHints":{"allow":["GET"]}}],"collection":[{"href":"https:\/\/www.chaletdelgolf.com\/en\/wp-json\/wp\/v2\/product"}],"about":[{"href":"https:\/\/www.chaletdelgolf.com\/en\/wp-json\/wp\/v2\/types\/product"}],"replies":[{"embeddable":true,"href":"https:\/\/www.chaletdelgolf.com\/en\/wp-json\/wp\/v2\/comments?post=3597"}],"wp:featuredmedia":[{"embeddable":true,"href":"https:\/\/www.chaletdelgolf.com\/en\/wp-json\/wp\/v2\/media\/3898"}],"wp:attachment":[{"href":"https:\/\/www.chaletdelgolf.com\/en\/wp-json\/wp\/v2\/media?parent=3597"}],"wp:term":[{"taxonomy":"product_brand","embeddable":true,"href":"https:\/\/www.chaletdelgolf.com\/en\/wp-json\/wp\/v2\/product_brand?post=3597"},{"taxonomy":"product_cat","embeddable":true,"href":"https:\/\/www.chaletdelgolf.com\/en\/wp-json\/wp\/v2\/product_cat?post=3597"},{"taxonomy":"product_tag","embeddable":true,"href":"https:\/\/www.chaletdelgolf.com\/en\/wp-json\/wp\/v2\/product_tag?post=3597"}],"curies":[{"name":"wp","href":"https:\/\/api.w.org\/{rel}","templated":true}]}}