{"id":3,"date":"2022-06-04T14:51:19","date_gmt":"2022-06-04T14:51:19","guid":{"rendered":"https:\/\/www.chaletdelgolf.com?page_id=3"},"modified":"2025-11-07T09:52:18","modified_gmt":"2025-11-07T09:52:18","slug":"aviso-legal","status":"publish","type":"page","link":"https:\/\/www.chaletdelgolf.com\/fr\/avis-juridique\/","title":{"rendered":"Avis juridique"},"content":{"rendered":"<div data-elementor-type=\"wp-page\" data-elementor-id=\"3\" class=\"elementor elementor-3\" data-elementor-post-type=\"page\">\n\t\t\t\t\t\t<section class=\"elementor-section elementor-top-section elementor-element elementor-element-a643c81 elementor-section-boxed elementor-section-height-default elementor-section-height-default\" data-id=\"a643c81\" data-element_type=\"section\" data-e-type=\"section\">\n\t\t\t\t\t\t<div class=\"elementor-container elementor-column-gap-default\">\n\t\t\t\t\t<div class=\"elementor-column elementor-col-100 elementor-top-column elementor-element elementor-element-ce94ef2\" data-id=\"ce94ef2\" data-element_type=\"column\" data-e-type=\"column\">\n\t\t\t<div class=\"elementor-widget-wrap elementor-element-populated\">\n\t\t\t\t\t\t<div class=\"elementor-element elementor-element-cebe327 elementor-widget elementor-widget-heading\" data-id=\"cebe327\" data-element_type=\"widget\" data-e-type=\"widget\" data-widget_type=\"heading.default\">\n\t\t\t\t<div class=\"elementor-widget-container\">\n\t\t\t\t\t<h1 class=\"elementor-heading-title elementor-size-default\">Avis juridique<\/h1>\t\t\t\t<\/div>\n\t\t\t\t<\/div>\n\t\t\t\t\t<\/div>\n\t\t<\/div>\n\t\t\t\t\t<\/div>\n\t\t<\/section>\n\t\t\t\t<section class=\"elementor-section elementor-top-section elementor-element elementor-element-79beec8d elementor-section-boxed elementor-section-height-default elementor-section-height-default\" data-id=\"79beec8d\" data-element_type=\"section\" data-e-type=\"section\">\n\t\t\t\t\t\t<div class=\"elementor-container elementor-column-gap-default\">\n\t\t\t\t\t<div class=\"elementor-column elementor-col-100 elementor-top-column elementor-element elementor-element-6a21da70\" data-id=\"6a21da70\" data-element_type=\"column\" data-e-type=\"column\">\n\t\t\t<div class=\"elementor-widget-wrap elementor-element-populated\">\n\t\t\t\t\t\t<div class=\"elementor-element elementor-element-65a8dbb3 elementor-widget elementor-widget-text-editor\" data-id=\"65a8dbb3\" data-element_type=\"widget\" data-e-type=\"widget\" data-widget_type=\"text-editor.default\">\n\t\t\t\t<div class=\"elementor-widget-container\">\n\t\t\t\t\t\t\t\t\t\n<h3 class=\"wp-block-heading\"><strong>Identification<\/strong><\/h3>\n\n<p>Cet avis l\u00e9gal a \u00e9t\u00e9 cr\u00e9\u00e9 par START TODAY, SL, (le propri\u00e9taire) avec CIF B02641355, adresse \u00e0 XALET DEL GOLF, DEVESA DEL GOLF S\/N, 17539 BOLVIR (GIRONA) et e-mail <a href=\"mailto:reservas@chaletdelgolf.com\">reservas@chaletdelgolf.com<\/a><\/p>\n\n<h3 class=\"wp-block-heading\"><strong>Propri\u00e9t\u00e9 intellectuelle<\/strong><\/h3>\n\n<p>Le Propri\u00e9taire est propri\u00e9taire exclusif de tous les contenus du site xalet.rivex.es : textes, graphiques, images, logos, fichiers logiciels, couleurs, structure, s\u00e9lection, disposition et pr\u00e9sentation des contenus, le programme informatique de cr\u00e9ation et son op\u00e9ration; et la reproduction totale et\/ou partielle, la communication publique et le stockage de cette page et de tout autre mat\u00e9riel et\/ou \u00e9l\u00e9ment qui la compose prot\u00e9g\u00e9 par la loi sur la propri\u00e9t\u00e9 intellectuelle, sans obtenir le consentement pr\u00e9alable du propri\u00e9taire, est totalement interdit.<\/p>\n\n<h3 class=\"wp-block-heading\"><strong>Conditions g\u00e9n\u00e9rales d'utilisation<\/strong><\/h3>\n\n<p>L'utilisateur du site web (ci-apr\u00e8s l'utilisateur) accepte pleinement et sans r\u00e9serve les dispositions incluses dans le pr\u00e9sent avis juridique, dans la version publi\u00e9e par le Propri\u00e9taire au moment o\u00f9 l'utilisateur acc\u00e8de au site web.<\/p>\n\n<p>Le site web peut \u00eatre visit\u00e9 librement et l'utilisateur s'engage \u00e0 utiliser ses contenus et services conform\u00e9ment \u00e0 la loi et au pr\u00e9sent avis juridique. \u00c0 cette fin, l'utilisateur s'abstiendra d'utiliser le site web \u00e0 des fins ou des effets illicites, interdits et pr\u00e9judiciables aux droits et aux int\u00e9r\u00eats des tiers.<\/p>\n\n<p>Vous ne devez pas faire un usage abusif du service du site web en l'utilisant pour envoyer des spams, abuser, harceler ou violer de toute autre mani\u00e8re les conditions d'utilisation ou la politique de confidentialit\u00e9.<\/p>\n\n<p>Le Propri\u00e9taire n'est pas responsable des opinions ou des commentaires des utilisateurs, des erreurs ou des omissions, du contenu du site Web ou d'autres contenus auxquels il est possible d'acc\u00e9der par ce biais, ni des dommages d\u00e9coulant de l'utilisation du site Web, ni de toute action entreprise sur la base des informations fournies sur le site Web.<\/p>\n\n<p>Le Titulaire ne garantit pas l'absence de virus ou d'autres \u00e9l\u00e9ments nuisibles pouvant causer des dommages ou des alt\u00e9rations au syst\u00e8me informatique, aux documents \u00e9lectroniques ou aux fichiers de l'utilisateur du site Web ; il n'est pas non plus responsable des dommages que ces \u00e9l\u00e9ments peuvent causer \u00e0 l'utilisateur ou \u00e0 des tiers.<\/p>\n\n<p>Le contenu du site web peut \u00eatre modifi\u00e9, \u00e9tendu ou supprim\u00e9 \u00e0 tout moment, sans pr\u00e9avis.<\/p>\n\n<p>Le propri\u00e9taire se r\u00e9serve le droit de mettre \u00e0 jour le contenu du site web et de le supprimer, ainsi que d'en limiter et d'en emp\u00eacher l'acc\u00e8s, de mani\u00e8re temporaire ou permanente, sans avis pr\u00e9alable.<\/p>\n\n<h3 class=\"wp-block-heading\"><strong>S\u00e9curit\u00e9<\/strong><\/h3>\n\n<p>Les informations personnelles fournies seront prot\u00e9g\u00e9es par les normes et la technologie du secteur. L'Internet n'\u00e9tant pas un environnement totalement s\u00e9curis\u00e9, la s\u00e9curit\u00e9 de toute information transmise au site ne peut \u00eatre garantie.<\/p>\n\n<p>Vous \u00eates responsable du maintien de la confidentialit\u00e9 de votre mot de passe unique et des informations relatives \u00e0 votre compte et du contr\u00f4le de l'acc\u00e8s \u00e0 vos communications \u00e9lectroniques \u00e0 tout moment.<\/p>\n\n<h3 class=\"wp-block-heading\"><strong>Protection des donn\u00e9es \u00e0 caract\u00e8re personnel<\/strong><\/h3>\n\n<p>Conform\u00e9ment aux dispositions du R\u00e8glement europ\u00e9en sur la protection des donn\u00e9es (R\u00e8glement UE 2016\/679), nous vous informons que les donn\u00e9es personnelles fournies via ce site Web seront trait\u00e9es par START TODAY, SL, sur la base de votre consentement et pour effectuer la gestion demand\u00e9e. , r\u00e9pondez \u00e0 votre demande et envoyez les informations qui vous int\u00e9ressent.<\/p>\n\n<p>Les donn\u00e9es personnelles seront conserv\u00e9es pendant la p\u00e9riode \u00e9tablie par la l\u00e9gislation en vigueur ou lorsque leur suppression est demand\u00e9e. Elles ne seront pas transf\u00e9r\u00e9es \u00e0 des tiers, sauf dans les cas pr\u00e9vus par la loi. Il n'y a pas de transfert international de donn\u00e9es.<\/p>\n\n<p>Vous pouvez exercer les droits d&#039;acc\u00e8s, de rectification, annulation, limitation, portabilit\u00e9 et opposition, en \u00e9crivant \u00e0 START TODAY, SL, avec adresse \u00e0 XALET DEL GOLF, DEVESA DEL GOLF S\/N, code postal 17539 BOLVIR (GIRONA) ou par e-mail. -envoyer un courrier \u00e0\u00a0<a href=\"mailto:reservas@chaletdelgolf.com\">reservas@chaletdelgolf.com<\/a>. Vous pouvez \u00e9galement exercer la protection de vos droits aupr\u00e8s de l'Agence espagnole de protection des donn\u00e9es.<\/p>\n\n<h3 class=\"wp-block-heading\"><strong>Droit applicable et juridiction<\/strong><\/h3>\n\n<p>Les pr\u00e9sentes Conditions G\u00e9n\u00e9rales sont r\u00e9gies par la l\u00e9gislation espagnole. Pour la r\u00e9solution de tout conflit d\u00e9coulant du pr\u00e9sent avis juridique, les parties conviennent de se soumettre, librement et renon\u00e7ant \u00e0 toute autre juridiction ou juridiction \u00e0 laquelle elles pourraient avoir droit, aux cours et tribunaux de la ville de START TODAY, SL.<\/p>\n\t\t\t\t\t\t\t\t<\/div>\n\t\t\t\t<\/div>\n\t\t\t\t\t<\/div>\n\t\t<\/div>\n\t\t\t\t\t<\/div>\n\t\t<\/section>\n\t\t\t\t<section class=\"elementor-section elementor-top-section elementor-element elementor-element-d82477f elementor-section-boxed elementor-section-height-default elementor-section-height-default\" data-id=\"d82477f\" data-element_type=\"section\" data-e-type=\"section\">\n\t\t\t\t\t\t<div class=\"elementor-container elementor-column-gap-default\">\n\t\t\t\t\t<div class=\"elementor-column elementor-col-100 elementor-top-column elementor-element elementor-element-b5249b7\" data-id=\"b5249b7\" data-element_type=\"column\" data-e-type=\"column\">\n\t\t\t<div class=\"elementor-widget-wrap elementor-element-populated\">\n\t\t\t\t\t\t<div class=\"elementor-element elementor-element-160def8 elementor-widget elementor-widget-image\" data-id=\"160def8\" data-element_type=\"widget\" data-e-type=\"widget\" data-widget_type=\"image.default\">\n\t\t\t\t<div class=\"elementor-widget-container\">\n\t\t\t\t\t\t\t\t\t\t\t\t\t\t\t<img loading=\"lazy\" decoding=\"async\" width=\"1024\" height=\"81\" src=\"https:\/\/www.chaletdelgolf.com\/wp-content\/uploads\/2023\/10\/next-generacion-image.png\" class=\"attachment-large size-large wp-image-4429\" alt=\"\" srcset=\"https:\/\/www.chaletdelgolf.com\/wp-content\/uploads\/2023\/10\/next-generacion-image.png.webp 1024w, https:\/\/www.chaletdelgolf.com\/wp-content\/uploads\/2023\/10\/next-generacion-image-300x24.png.webp 300w, https:\/\/www.chaletdelgolf.com\/wp-content\/uploads\/2023\/10\/next-generacion-image-768x61.png.webp 768w, https:\/\/www.chaletdelgolf.com\/wp-content\/uploads\/2023\/10\/next-generacion-image-18x1.png 18w, https:\/\/www.chaletdelgolf.com\/wp-content\/uploads\/2023\/10\/next-generacion-image-600x47.png.webp 600w\" sizes=\"auto, (max-width: 1024px) 100vw, 1024px\" \/>\t\t\t\t\t\t\t\t\t\t\t\t\t\t\t<\/div>\n\t\t\t\t<\/div>\n\t\t\t\t\t<\/div>\n\t\t<\/div>\n\t\t\t\t\t<\/div>\n\t\t<\/section>\n\t\t\t\t<\/div>","protected":false},"excerpt":{"rendered":"<p>Aviso Legal Identificaci\u00f3n Este Aviso Legal ha sido creado por START TODAY, SL, (el titular) con CIF B02641355, domicilio en XALET DEL GOLF, DEVESA DEL GOLF S\/N, 17539 BOLVIR (GIRONA) y e-mail reservas@chaletdelgolf.com Propiedad Intelectual El Titular es propietario \u00a0en exclusiva de todos los contenidos del sitio Web\u00a0xalet.rivex.es: textos, gr\u00e1ficos, im\u00e1genes, logotipos, archivos de sotfware, [&hellip;]<\/p>\n","protected":false},"author":2,"featured_media":0,"parent":0,"menu_order":0,"comment_status":"closed","ping_status":"closed","template":"","meta":{"site-sidebar-layout":"default","site-content-layout":"","ast-site-content-layout":"","site-content-style":"default","site-sidebar-style":"default","ast-global-header-display":"","ast-banner-title-visibility":"","ast-main-header-display":"","ast-hfb-above-header-display":"","ast-hfb-below-header-display":"","ast-hfb-mobile-header-display":"","site-post-title":"disabled","ast-breadcrumbs-content":"","ast-featured-img":"","footer-sml-layout":"","theme-transparent-header-meta":"","adv-header-id-meta":"","stick-header-meta":"","header-above-stick-meta":"","header-main-stick-meta":"","header-below-stick-meta":"","astra-migrate-meta-layouts":"default","ast-page-background-enabled":"default","ast-page-background-meta":{"desktop":{"background-color":"","background-image":"","background-repeat":"repeat","background-position":"center center","background-size":"auto","background-attachment":"scroll","background-type":"","background-media":"","overlay-type":"","overlay-color":"","overlay-opacity":"","overlay-gradient":""},"tablet":{"background-color":"","background-image":"","background-repeat":"repeat","background-position":"center center","background-size":"auto","background-attachment":"scroll","background-type":"","background-media":"","overlay-type":"","overlay-color":"","overlay-opacity":"","overlay-gradient":""},"mobile":{"background-color":"","background-image":"","background-repeat":"repeat","background-position":"center center","background-size":"auto","background-attachment":"scroll","background-type":"","background-media":"","overlay-type":"","overlay-color":"","overlay-opacity":"","overlay-gradient":""}},"ast-content-background-meta":{"desktop":{"background-color":"var(--ast-global-color-5)","background-image":"","background-repeat":"repeat","background-position":"center center","background-size":"auto","background-attachment":"scroll","background-type":"","background-media":"","overlay-type":"","overlay-color":"","overlay-opacity":"","overlay-gradient":""},"tablet":{"background-color":"var(--ast-global-color-5)","background-image":"","background-repeat":"repeat","background-position":"center center","background-size":"auto","background-attachment":"scroll","background-type":"","background-media":"","overlay-type":"","overlay-color":"","overlay-opacity":"","overlay-gradient":""},"mobile":{"background-color":"var(--ast-global-color-5)","background-image":"","background-repeat":"repeat","background-position":"center center","background-size":"auto","background-attachment":"scroll","background-type":"","background-media":"","overlay-type":"","overlay-color":"","overlay-opacity":"","overlay-gradient":""}},"footnotes":""},"class_list":["post-3","page","type-page","status-publish","hentry"],"yoast_head":"<!-- This site is optimized with the Yoast SEO plugin v27.1.1 - https:\/\/yoast.com\/product\/yoast-seo-wordpress\/ -->\n<title>Aviso Legal - Hotel en Puigcerd\u00e0 (Cerdanya) - Xalet del Golf<\/title>\n<meta name=\"description\" content=\"Consulta el aviso legal del Hotel Xalet del Golf para obtener informaci\u00f3n sobre t\u00e9rminos y condiciones, privacidad y uso de nuestro sitio web.\" \/>\n<meta name=\"robots\" content=\"index, follow, max-snippet:-1, max-image-preview:large, max-video-preview:-1\" \/>\n<link rel=\"canonical\" href=\"https:\/\/www.chaletdelgolf.com\/fr\/avis-juridique\/\" \/>\n<meta property=\"og:locale\" content=\"fr_FR\" \/>\n<meta property=\"og:type\" content=\"article\" \/>\n<meta property=\"og:title\" content=\"Aviso Legal - Hotel en Puigcerd\u00e0 (Cerdanya) - Xalet del Golf\" \/>\n<meta property=\"og:description\" content=\"Consulta el aviso legal del Hotel Xalet del Golf para obtener informaci\u00f3n sobre t\u00e9rminos y condiciones, privacidad y uso de nuestro sitio web.\" \/>\n<meta property=\"og:url\" content=\"https:\/\/www.chaletdelgolf.com\/fr\/avis-juridique\/\" \/>\n<meta property=\"og:site_name\" content=\"Hotel en Puigcerd\u00e0 (Cerdanya) - Xalet del Golf\" \/>\n<meta property=\"article:publisher\" content=\"https:\/\/www.facebook.com\/xaletdelgolf\" \/>\n<meta property=\"article:modified_time\" content=\"2025-11-07T09:52:18+00:00\" \/>\n<meta property=\"og:image\" content=\"https:\/\/www.chaletdelgolf.com\/wp-content\/uploads\/2023\/10\/next-generacion-image.png\" \/>\n\t<meta property=\"og:image:width\" content=\"1024\" \/>\n\t<meta property=\"og:image:height\" content=\"81\" \/>\n\t<meta property=\"og:image:type\" content=\"image\/png\" \/>\n<meta name=\"twitter:card\" content=\"summary_large_image\" \/>\n<meta name=\"twitter:label1\" content=\"Dur\u00e9e de lecture estim\u00e9e\" \/>\n\t<meta name=\"twitter:data1\" content=\"4 minutes\" \/>\n<script type=\"application\/ld+json\" class=\"yoast-schema-graph\">{\"@context\":\"https:\/\/schema.org\",\"@graph\":[{\"@type\":\"WebPage\",\"@id\":\"https:\/\/www.chaletdelgolf.com\/aviso-legal\/\",\"url\":\"https:\/\/www.chaletdelgolf.com\/aviso-legal\/\",\"name\":\"Aviso Legal - Hotel en Puigcerd\u00e0 (Cerdanya) - Xalet del Golf\",\"isPartOf\":{\"@id\":\"https:\/\/www.chaletdelgolf.com\/#website\"},\"primaryImageOfPage\":{\"@id\":\"https:\/\/www.chaletdelgolf.com\/aviso-legal\/#primaryimage\"},\"image\":{\"@id\":\"https:\/\/www.chaletdelgolf.com\/aviso-legal\/#primaryimage\"},\"thumbnailUrl\":\"https:\/\/www.chaletdelgolf.com\/wp-content\/uploads\/2023\/10\/next-generacion-image.png\",\"datePublished\":\"2022-06-04T14:51:19+00:00\",\"dateModified\":\"2025-11-07T09:52:18+00:00\",\"description\":\"Consulta el aviso legal del Hotel Xalet del Golf para obtener informaci\u00f3n sobre t\u00e9rminos y condiciones, privacidad y uso de nuestro sitio web.\",\"breadcrumb\":{\"@id\":\"https:\/\/www.chaletdelgolf.com\/aviso-legal\/#breadcrumb\"},\"inLanguage\":\"fr-FR\",\"potentialAction\":[{\"@type\":\"ReadAction\",\"target\":[\"https:\/\/www.chaletdelgolf.com\/aviso-legal\/\"]}]},{\"@type\":\"ImageObject\",\"inLanguage\":\"fr-FR\",\"@id\":\"https:\/\/www.chaletdelgolf.com\/aviso-legal\/#primaryimage\",\"url\":\"https:\/\/www.chaletdelgolf.com\/wp-content\/uploads\/2023\/10\/next-generacion-image.png\",\"contentUrl\":\"https:\/\/www.chaletdelgolf.com\/wp-content\/uploads\/2023\/10\/next-generacion-image.png\"},{\"@type\":\"BreadcrumbList\",\"@id\":\"https:\/\/www.chaletdelgolf.com\/aviso-legal\/#breadcrumb\",\"itemListElement\":[{\"@type\":\"ListItem\",\"position\":1,\"name\":\"Portada\",\"item\":\"https:\/\/www.chaletdelgolf.com\/\"},{\"@type\":\"ListItem\",\"position\":2,\"name\":\"Aviso Legal\"}]},{\"@type\":\"WebSite\",\"@id\":\"https:\/\/www.chaletdelgolf.com\/#website\",\"url\":\"https:\/\/www.chaletdelgolf.com\/\",\"name\":\"Hotel en Puigcerd\u00e0 (Cerdanya) - Xalet del Golf\",\"description\":\"Hotel Xalet del Golf en el Club de Golf Cerda\u00f1a\",\"publisher\":{\"@id\":\"https:\/\/www.chaletdelgolf.com\/#organization\"},\"potentialAction\":[{\"@type\":\"SearchAction\",\"target\":{\"@type\":\"EntryPoint\",\"urlTemplate\":\"https:\/\/www.chaletdelgolf.com\/?s={search_term_string}\"},\"query-input\":{\"@type\":\"PropertyValueSpecification\",\"valueRequired\":true,\"valueName\":\"search_term_string\"}}],\"inLanguage\":\"fr-FR\"},{\"@type\":\"Organization\",\"@id\":\"https:\/\/www.chaletdelgolf.com\/#organization\",\"name\":\"Hotel Xalet del Golf\",\"url\":\"https:\/\/www.chaletdelgolf.com\/\",\"logo\":{\"@type\":\"ImageObject\",\"inLanguage\":\"fr-FR\",\"@id\":\"https:\/\/www.chaletdelgolf.com\/#\/schema\/logo\/image\/\",\"url\":\"https:\/\/www.chaletdelgolf.com\/wp-content\/uploads\/2023\/07\/logo-xalet-golf-RGB-gris-estrelles-02-1.png\",\"contentUrl\":\"https:\/\/www.chaletdelgolf.com\/wp-content\/uploads\/2023\/07\/logo-xalet-golf-RGB-gris-estrelles-02-1.png\",\"width\":701,\"height\":306,\"caption\":\"Hotel Xalet del Golf\"},\"image\":{\"@id\":\"https:\/\/www.chaletdelgolf.com\/#\/schema\/logo\/image\/\"},\"sameAs\":[\"https:\/\/www.facebook.com\/xaletdelgolf\",\"https:\/\/www.instagram.com\/hotelxaletdelgolfpuigcerda\/\"]}]}<\/script>\n<!-- \/ Yoast SEO plugin. -->","yoast_head_json":{"title":"Mentions L\u00e9gales - H\u00f4tel \u00e0 Puigcerd\u00e0 (Cerdanya) - Xalet del Golf","description":"Consultez les mentions l\u00e9gales de l\u2019H\u00f4tel Xalet del Golf pour obtenir des informations sur les termes et conditions, la confidentialit\u00e9 et l\u2019utilisation de notre site Web.","robots":{"index":"index","follow":"follow","max-snippet":"max-snippet:-1","max-image-preview":"max-image-preview:large","max-video-preview":"max-video-preview:-1"},"canonical":"https:\/\/www.chaletdelgolf.com\/fr\/avis-juridique\/","og_locale":"fr_FR","og_type":"article","og_title":"Aviso Legal - Hotel en Puigcerd\u00e0 (Cerdanya) - Xalet del Golf","og_description":"Consulta el aviso legal del Hotel Xalet del Golf para obtener informaci\u00f3n sobre t\u00e9rminos y condiciones, privacidad y uso de nuestro sitio web.","og_url":"https:\/\/www.chaletdelgolf.com\/fr\/avis-juridique\/","og_site_name":"Hotel en Puigcerd\u00e0 (Cerdanya) - Xalet del Golf","article_publisher":"https:\/\/www.facebook.com\/xaletdelgolf","article_modified_time":"2025-11-07T09:52:18+00:00","og_image":[{"width":1024,"height":81,"url":"https:\/\/www.chaletdelgolf.com\/wp-content\/uploads\/2023\/10\/next-generacion-image.png","type":"image\/png"}],"twitter_card":"summary_large_image","twitter_misc":{"Dur\u00e9e de lecture estim\u00e9e":"4 minutes"},"schema":{"@context":"https:\/\/schema.org","@graph":[{"@type":"WebPage","@id":"https:\/\/www.chaletdelgolf.com\/aviso-legal\/","url":"https:\/\/www.chaletdelgolf.com\/aviso-legal\/","name":"Mentions L\u00e9gales - H\u00f4tel \u00e0 Puigcerd\u00e0 (Cerdanya) - Xalet del Golf","isPartOf":{"@id":"https:\/\/www.chaletdelgolf.com\/#website"},"primaryImageOfPage":{"@id":"https:\/\/www.chaletdelgolf.com\/aviso-legal\/#primaryimage"},"image":{"@id":"https:\/\/www.chaletdelgolf.com\/aviso-legal\/#primaryimage"},"thumbnailUrl":"https:\/\/www.chaletdelgolf.com\/wp-content\/uploads\/2023\/10\/next-generacion-image.png","datePublished":"2022-06-04T14:51:19+00:00","dateModified":"2025-11-07T09:52:18+00:00","description":"Consultez les mentions l\u00e9gales de l\u2019H\u00f4tel Xalet del Golf pour obtenir des informations sur les termes et conditions, la confidentialit\u00e9 et l\u2019utilisation de notre site Web.","breadcrumb":{"@id":"https:\/\/www.chaletdelgolf.com\/aviso-legal\/#breadcrumb"},"inLanguage":"fr-FR","potentialAction":[{"@type":"ReadAction","target":["https:\/\/www.chaletdelgolf.com\/aviso-legal\/"]}]},{"@type":"ImageObject","inLanguage":"fr-FR","@id":"https:\/\/www.chaletdelgolf.com\/aviso-legal\/#primaryimage","url":"https:\/\/www.chaletdelgolf.com\/wp-content\/uploads\/2023\/10\/next-generacion-image.png","contentUrl":"https:\/\/www.chaletdelgolf.com\/wp-content\/uploads\/2023\/10\/next-generacion-image.png"},{"@type":"BreadcrumbList","@id":"https:\/\/www.chaletdelgolf.com\/aviso-legal\/#breadcrumb","itemListElement":[{"@type":"ListItem","position":1,"name":"Portada","item":"https:\/\/www.chaletdelgolf.com\/"},{"@type":"ListItem","position":2,"name":"Aviso Legal"}]},{"@type":"WebSite","@id":"https:\/\/www.chaletdelgolf.com\/#website","url":"https:\/\/www.chaletdelgolf.com\/","name":"H\u00f4tel \u00e0 Puigcerd\u00e0 (Cerdagne) - Xalet del Golf","description":"H\u00f4tel Xalet del Golf dans le Cerdanya Golf Club","publisher":{"@id":"https:\/\/www.chaletdelgolf.com\/#organization"},"potentialAction":[{"@type":"SearchAction","target":{"@type":"EntryPoint","urlTemplate":"https:\/\/www.chaletdelgolf.com\/?s={search_term_string}"},"query-input":{"@type":"PropertyValueSpecification","valueRequired":true,"valueName":"search_term_string"}}],"inLanguage":"fr-FR"},{"@type":"Organization","@id":"https:\/\/www.chaletdelgolf.com\/#organization","name":"H\u00f4tel Xalet del Golf","url":"https:\/\/www.chaletdelgolf.com\/","logo":{"@type":"ImageObject","inLanguage":"fr-FR","@id":"https:\/\/www.chaletdelgolf.com\/#\/schema\/logo\/image\/","url":"https:\/\/www.chaletdelgolf.com\/wp-content\/uploads\/2023\/07\/logo-xalet-golf-RGB-gris-estrelles-02-1.png","contentUrl":"https:\/\/www.chaletdelgolf.com\/wp-content\/uploads\/2023\/07\/logo-xalet-golf-RGB-gris-estrelles-02-1.png","width":701,"height":306,"caption":"Hotel Xalet del Golf"},"image":{"@id":"https:\/\/www.chaletdelgolf.com\/#\/schema\/logo\/image\/"},"sameAs":["https:\/\/www.facebook.com\/xaletdelgolf","https:\/\/www.instagram.com\/hotelxaletdelgolfpuigcerda\/"]}]}},"_links":{"self":[{"href":"https:\/\/www.chaletdelgolf.com\/fr\/wp-json\/wp\/v2\/pages\/3","targetHints":{"allow":["GET"]}}],"collection":[{"href":"https:\/\/www.chaletdelgolf.com\/fr\/wp-json\/wp\/v2\/pages"}],"about":[{"href":"https:\/\/www.chaletdelgolf.com\/fr\/wp-json\/wp\/v2\/types\/page"}],"author":[{"embeddable":true,"href":"https:\/\/www.chaletdelgolf.com\/fr\/wp-json\/wp\/v2\/users\/2"}],"replies":[{"embeddable":true,"href":"https:\/\/www.chaletdelgolf.com\/fr\/wp-json\/wp\/v2\/comments?post=3"}],"version-history":[{"count":3,"href":"https:\/\/www.chaletdelgolf.com\/fr\/wp-json\/wp\/v2\/pages\/3\/revisions"}],"predecessor-version":[{"id":7370,"href":"https:\/\/www.chaletdelgolf.com\/fr\/wp-json\/wp\/v2\/pages\/3\/revisions\/7370"}],"wp:attachment":[{"href":"https:\/\/www.chaletdelgolf.com\/fr\/wp-json\/wp\/v2\/media?parent=3"}],"curies":[{"name":"wp","href":"https:\/\/api.w.org\/{rel}","templated":true}]}}