{"id":3593,"date":"2023-07-17T19:06:24","date_gmt":"2023-07-17T19:06:24","guid":{"rendered":"https:\/\/www.chaletdelgolf.com\/?post_type=product&#038;p=3593"},"modified":"2025-12-01T13:15:50","modified_gmt":"2025-12-01T13:15:50","slug":"pack-estancia-hotel-con-golf","status":"publish","type":"product","link":"https:\/\/www.chaletdelgolf.com\/fr\/produit\/sejour-hotel-pack-avec-golf-2\/","title":{"rendered":"Forfait Chambre &amp; Golf"},"content":{"rendered":"<h2><strong>Que comprend notre Forfait S\u00e9jour avec Golf ?<\/strong><\/h2>\n<ul>\n<li>1 nuit en chambre double sup\u00e9rieure \u00e0 l&#039;H\u00f4tel Xalet del Golf<\/li>\n<li>Petit-d\u00e9jeuner buffet pour 2 personnes<\/li>\n<li>Deux Green Fees au Real Club de Golf Cerdanya<\/li>\n<li>D\u00e9part tardif (sous r\u00e9serve de disponibilit\u00e9 de l&#039;h\u00f4tel)<\/li>\n<\/ul>\n<p><b style=\"font-style: inherit;\"><strong><strong style=\"font-size: 16px;\"><b>L&#039;H\u00f4tel Xalet del Golf: <\/b><\/strong><\/strong><\/b>C&#039;est un h\u00f4tel 4\u2606 r\u00e9cemment r\u00e9nov\u00e9 et situ\u00e9 \u00e0 c\u00f4t\u00e9 du club de golf lui-m\u00eame. <strong>\u00abClub de Golf Royal Cerda\u00f1a\u00bb<\/strong>, l&#039;un des terrains de golf les plus exclusifs de Catalogne. Situ\u00e9 au coeur de la Cerdagne et tr\u00e8s proche de Puigcerd\u00e0.<\/p>\n<p><b>La chambre <\/b><strong>Double sup\u00e9rieur: <\/strong>Chambre pour 2 personnes <strong>34m2\u00a0<\/strong>d\u00e9cor\u00e9 dans un style\u00a0<strong>classique <\/strong>avec<strong> mobilier luxueux, moquette et chauffage au sol<\/strong>. \u00c9quip\u00e9e d&#039;1 lit double king-size ou de 2 lits simples avec un lavabo priv\u00e9 enti\u00e8rement \u00e9quip\u00e9 et un balcon.<\/p>\n<p><strong>Disponibilit\u00e9:\u00a0<\/strong>Bonus disponible d&#039;avril \u00e0 novembre, et selon la saison que vous avez choisie. <span class=\"OYPEnA text-decoration-none text-strikethrough-none\">Ce Ch\u00e8que a une dur\u00e9e d&#039;expiration de 1 an, \u00e0 compter du jour de l&#039;achat.<\/span><\/p>\n<p><strong>Comment vais-je recevoir le bonus\u00a0? <\/strong>Une fois le ch\u00e8que-cadeau achet\u00e9, vous recevrez un ch\u00e8que-cadeau au format PDF par e-mail<\/p>\n<p><strong>Comment r\u00e9cup\u00e9rer le bonus ? <\/strong>Pour utiliser le bon et r\u00e9server, vous devrez appeler l&#039;h\u00f4tel au <a href=\"tel:+34 972 884 320\">+34 972 884 320<\/a> ou envoyer un e-mail \u00e0 <a href=\"mailto:reservas@chaletdelgolf.com\">reservas@chaletdelgolf.com<\/a> disant les jours que vous voulez. Ensuite, vous recevrez un e-mail confirmant votre r\u00e9servation.<\/p>\n<p><strong>**<\/strong><span class=\"OYPEnA text-decoration-none text-strikethrough-none\"><strong>Haute saison:<\/strong> N<\/span><span class=\"OYPEnA text-decoration-none text-strikethrough-none\">avidit\u00e9s, Pur\u00edsima, ao\u00fbt.<\/span> <span class=\"OYPEnA text-decoration-none text-strikethrough-none\"><strong>Mi-saison<\/strong>:<\/span><span class=\"OYPEnA text-decoration-none text-strikethrough-none\"> Juillet et P\u00e2ques<\/span> <span class=\"OYPEnA text-decoration-none text-strikethrough-none\"><strong>Basse saison<\/strong>:<\/span><span class=\"OYPEnA text-decoration-none text-strikethrough-none\"> Toute l&#039;ann\u00e9e sauf haute et moyenne saison.<\/span><\/p>","protected":false},"excerpt":{"rendered":"<p>obtenir votre\u00a0<strong>Forfait Chambre &amp; Golf <\/strong><strong>avec Green Fee au Real Club de Golf Cerda\u00f1a pour 2 personnes. <\/strong>Id\u00e9al pour vivre une exp\u00e9rience magique \u00e0 l&#039;H\u00f4tel Xalet del Golf de la Cerdanya.<\/p>\n<p>Choisissez la saison que vous pr\u00e9f\u00e9rez et vous verrez automatiquement le prix.<\/p>","protected":false},"featured_media":3594,"comment_status":"closed","ping_status":"closed","template":"","meta":{"site-sidebar-layout":"default","site-content-layout":"default","ast-site-content-layout":"default","site-content-style":"default","site-sidebar-style":"default","ast-global-header-display":"","ast-banner-title-visibility":"","ast-main-header-display":"","ast-hfb-above-header-display":"","ast-hfb-below-header-display":"","ast-hfb-mobile-header-display":"","site-post-title":"","ast-breadcrumbs-content":"","ast-featured-img":"","footer-sml-layout":"","theme-transparent-header-meta":"default","adv-header-id-meta":"","stick-header-meta":"default","header-above-stick-meta":"","header-main-stick-meta":"","header-below-stick-meta":"","astra-migrate-meta-layouts":"set","ast-page-background-enabled":"default","ast-page-background-meta":{"desktop":{"background-color":"","background-image":"","background-repeat":"repeat","background-position":"center center","background-size":"auto","background-attachment":"scroll","background-type":"","background-media":"","overlay-type":"","overlay-color":"","overlay-opacity":"","overlay-gradient":""},"tablet":{"background-color":"","background-image":"","background-repeat":"repeat","background-position":"center center","background-size":"auto","background-attachment":"scroll","background-type":"","background-media":"","overlay-type":"","overlay-color":"","overlay-opacity":"","overlay-gradient":""},"mobile":{"background-color":"","background-image":"","background-repeat":"repeat","background-position":"center center","background-size":"auto","background-attachment":"scroll","background-type":"","background-media":"","overlay-type":"","overlay-color":"","overlay-opacity":"","overlay-gradient":""}},"ast-content-background-meta":{"desktop":{"background-color":"var(--ast-global-color-5)","background-image":"","background-repeat":"repeat","background-position":"center center","background-size":"auto","background-attachment":"scroll","background-type":"","background-media":"","overlay-type":"","overlay-color":"","overlay-opacity":"","overlay-gradient":""},"tablet":{"background-color":"var(--ast-global-color-5)","background-image":"","background-repeat":"repeat","background-position":"center center","background-size":"auto","background-attachment":"scroll","background-type":"","background-media":"","overlay-type":"","overlay-color":"","overlay-opacity":"","overlay-gradient":""},"mobile":{"background-color":"var(--ast-global-color-5)","background-image":"","background-repeat":"repeat","background-position":"center center","background-size":"auto","background-attachment":"scroll","background-type":"","background-media":"","overlay-type":"","overlay-color":"","overlay-opacity":"","overlay-gradient":""}}},"product_brand":[],"product_cat":[20],"product_tag":[],"class_list":{"0":"post-3593","1":"product","2":"type-product","3":"status-publish","4":"has-post-thumbnail","6":"product_cat-sin-categorizar","7":"desktop-align-left","8":"tablet-align-left","9":"mobile-align-left","10":"ast-product-gallery-layout-horizontal-slider","11":"ast-product-single-variable","12":"ast-product-tabs-layout-horizontal","14":"first","15":"instock","16":"shipping-taxable","17":"purchasable","18":"product-type-variable"},"yoast_head":"<!-- This site is optimized with the Yoast SEO plugin v27.1.1 - https:\/\/yoast.com\/product\/yoast-seo-wordpress\/ -->\n<title>Pack Estancia hotel con Golf | Bono Regalo | Hotel Xalet del Golf<\/title>\n<meta name=\"description\" content=\"Consigue tu Pack Room &amp; Golf para 2, Estancia en el hotel Xalet del Golf con desayuno m\u00e1s 2 Green Fees al Real Club Golf Cerda\u00f1a.\" \/>\n<meta name=\"robots\" content=\"index, follow, max-snippet:-1, max-image-preview:large, max-video-preview:-1\" \/>\n<link rel=\"canonical\" href=\"https:\/\/www.chaletdelgolf.com\/fr\/produit\/sejour-hotel-pack-avec-golf-2\/\" \/>\n<meta property=\"og:locale\" content=\"fr_FR\" \/>\n<meta property=\"og:type\" content=\"article\" \/>\n<meta property=\"og:title\" content=\"Pack Estancia hotel con Golf | Bono Regalo | Hotel Xalet del Golf\" \/>\n<meta property=\"og:description\" content=\"Consigue tu Pack Room &amp; Golf para 2, Estancia en el hotel Xalet del Golf con desayuno m\u00e1s 2 Green Fees al Real Club Golf Cerda\u00f1a.\" \/>\n<meta property=\"og:url\" content=\"https:\/\/www.chaletdelgolf.com\/fr\/produit\/sejour-hotel-pack-avec-golf-2\/\" \/>\n<meta property=\"og:site_name\" content=\"Hotel en Puigcerd\u00e0 (Cerdanya) - Xalet del Golf\" \/>\n<meta property=\"article:publisher\" content=\"https:\/\/www.facebook.com\/xaletdelgolf\" \/>\n<meta property=\"article:modified_time\" content=\"2025-12-01T13:15:50+00:00\" \/>\n<meta property=\"og:image\" content=\"https:\/\/www.chaletdelgolf.com\/wp-content\/uploads\/2023\/07\/cerdanya.jpg.webp\" \/>\n\t<meta property=\"og:image:width\" content=\"2160\" \/>\n\t<meta property=\"og:image:height\" content=\"1440\" \/>\n\t<meta property=\"og:image:type\" content=\"image\/webp\" \/>\n<meta name=\"twitter:card\" content=\"summary_large_image\" \/>\n<meta name=\"twitter:label1\" content=\"Dur\u00e9e de lecture estim\u00e9e\" \/>\n\t<meta name=\"twitter:data1\" content=\"2 minutes\" \/>\n<script type=\"application\/ld+json\" class=\"yoast-schema-graph\">{\"@context\":\"https:\/\/schema.org\",\"@graph\":[{\"@type\":\"WebPage\",\"@id\":\"https:\/\/www.chaletdelgolf.com\/producto\/pack-estancia-hotel-con-golf\/\",\"url\":\"https:\/\/www.chaletdelgolf.com\/producto\/pack-estancia-hotel-con-golf\/\",\"name\":\"Pack Estancia hotel con Golf | Bono Regalo | Hotel Xalet del Golf\",\"isPartOf\":{\"@id\":\"https:\/\/www.chaletdelgolf.com\/#website\"},\"primaryImageOfPage\":{\"@id\":\"https:\/\/www.chaletdelgolf.com\/producto\/pack-estancia-hotel-con-golf\/#primaryimage\"},\"image\":{\"@id\":\"https:\/\/www.chaletdelgolf.com\/producto\/pack-estancia-hotel-con-golf\/#primaryimage\"},\"thumbnailUrl\":\"https:\/\/www.chaletdelgolf.com\/wp-content\/uploads\/2023\/07\/cerdanya.jpg.webp\",\"datePublished\":\"2023-07-17T19:06:24+00:00\",\"dateModified\":\"2025-12-01T13:15:50+00:00\",\"description\":\"Consigue tu Pack Room & Golf para 2, Estancia en el hotel Xalet del Golf con desayuno m\u00e1s 2 Green Fees al Real Club Golf Cerda\u00f1a.\",\"breadcrumb\":{\"@id\":\"https:\/\/www.chaletdelgolf.com\/producto\/pack-estancia-hotel-con-golf\/#breadcrumb\"},\"inLanguage\":\"fr-FR\",\"potentialAction\":[{\"@type\":\"ReadAction\",\"target\":[\"https:\/\/www.chaletdelgolf.com\/producto\/pack-estancia-hotel-con-golf\/\"]}]},{\"@type\":\"ImageObject\",\"inLanguage\":\"fr-FR\",\"@id\":\"https:\/\/www.chaletdelgolf.com\/producto\/pack-estancia-hotel-con-golf\/#primaryimage\",\"url\":\"https:\/\/www.chaletdelgolf.com\/wp-content\/uploads\/2023\/07\/cerdanya.jpg.webp\",\"contentUrl\":\"https:\/\/www.chaletdelgolf.com\/wp-content\/uploads\/2023\/07\/cerdanya.jpg.webp\",\"width\":2160,\"height\":1440},{\"@type\":\"BreadcrumbList\",\"@id\":\"https:\/\/www.chaletdelgolf.com\/producto\/pack-estancia-hotel-con-golf\/#breadcrumb\",\"itemListElement\":[{\"@type\":\"ListItem\",\"position\":1,\"name\":\"Portada\",\"item\":\"https:\/\/www.chaletdelgolf.com\/\"},{\"@type\":\"ListItem\",\"position\":2,\"name\":\"Productos\",\"item\":\"https:\/\/www.chaletdelgolf.com\/tienda\/\"},{\"@type\":\"ListItem\",\"position\":3,\"name\":\"Pack Room &#038; Golf\"}]},{\"@type\":\"WebSite\",\"@id\":\"https:\/\/www.chaletdelgolf.com\/#website\",\"url\":\"https:\/\/www.chaletdelgolf.com\/\",\"name\":\"Hotel en Puigcerd\u00e0 (Cerdanya) - Xalet del Golf\",\"description\":\"Hotel Xalet del Golf en el Club de Golf Cerda\u00f1a\",\"publisher\":{\"@id\":\"https:\/\/www.chaletdelgolf.com\/#organization\"},\"potentialAction\":[{\"@type\":\"SearchAction\",\"target\":{\"@type\":\"EntryPoint\",\"urlTemplate\":\"https:\/\/www.chaletdelgolf.com\/?s={search_term_string}\"},\"query-input\":{\"@type\":\"PropertyValueSpecification\",\"valueRequired\":true,\"valueName\":\"search_term_string\"}}],\"inLanguage\":\"fr-FR\"},{\"@type\":\"Organization\",\"@id\":\"https:\/\/www.chaletdelgolf.com\/#organization\",\"name\":\"Hotel Xalet del Golf\",\"url\":\"https:\/\/www.chaletdelgolf.com\/\",\"logo\":{\"@type\":\"ImageObject\",\"inLanguage\":\"fr-FR\",\"@id\":\"https:\/\/www.chaletdelgolf.com\/#\/schema\/logo\/image\/\",\"url\":\"https:\/\/www.chaletdelgolf.com\/wp-content\/uploads\/2023\/07\/logo-xalet-golf-RGB-gris-estrelles-02-1.png\",\"contentUrl\":\"https:\/\/www.chaletdelgolf.com\/wp-content\/uploads\/2023\/07\/logo-xalet-golf-RGB-gris-estrelles-02-1.png\",\"width\":701,\"height\":306,\"caption\":\"Hotel Xalet del Golf\"},\"image\":{\"@id\":\"https:\/\/www.chaletdelgolf.com\/#\/schema\/logo\/image\/\"},\"sameAs\":[\"https:\/\/www.facebook.com\/xaletdelgolf\",\"https:\/\/www.instagram.com\/hotelxaletdelgolfpuigcerda\/\"]}]}<\/script>\n<!-- \/ Yoast SEO plugin. -->","yoast_head_json":{"title":"Pack S\u00e9jour H\u00f4tel avec Golf | Ch\u00e8que cadeau | H\u00f4tel Xalet del Golf","description":"Obtenez votre Pack Chambre &amp; Golf pour 2, S\u00e9journez \u00e0 l&#039;h\u00f4tel Xalet del Golf avec petit-d\u00e9jeuner et 2 Green Fees au Real Club Golf Cerda\u00f1a.","robots":{"index":"index","follow":"follow","max-snippet":"max-snippet:-1","max-image-preview":"max-image-preview:large","max-video-preview":"max-video-preview:-1"},"canonical":"https:\/\/www.chaletdelgolf.com\/fr\/produit\/sejour-hotel-pack-avec-golf-2\/","og_locale":"fr_FR","og_type":"article","og_title":"Pack Estancia hotel con Golf | Bono Regalo | Hotel Xalet del Golf","og_description":"Consigue tu Pack Room & Golf para 2, Estancia en el hotel Xalet del Golf con desayuno m\u00e1s 2 Green Fees al Real Club Golf Cerda\u00f1a.","og_url":"https:\/\/www.chaletdelgolf.com\/fr\/produit\/sejour-hotel-pack-avec-golf-2\/","og_site_name":"Hotel en Puigcerd\u00e0 (Cerdanya) - Xalet del Golf","article_publisher":"https:\/\/www.facebook.com\/xaletdelgolf","article_modified_time":"2025-12-01T13:15:50+00:00","og_image":[{"width":2160,"height":1440,"url":"https:\/\/www.chaletdelgolf.com\/wp-content\/uploads\/2023\/07\/cerdanya.jpg.webp","type":"image\/webp"}],"twitter_card":"summary_large_image","twitter_misc":{"Dur\u00e9e de lecture estim\u00e9e":"2 minutes"},"schema":{"@context":"https:\/\/schema.org","@graph":[{"@type":"WebPage","@id":"https:\/\/www.chaletdelgolf.com\/producto\/pack-estancia-hotel-con-golf\/","url":"https:\/\/www.chaletdelgolf.com\/producto\/pack-estancia-hotel-con-golf\/","name":"Pack S\u00e9jour H\u00f4tel avec Golf | Ch\u00e8que cadeau | H\u00f4tel Xalet del Golf","isPartOf":{"@id":"https:\/\/www.chaletdelgolf.com\/#website"},"primaryImageOfPage":{"@id":"https:\/\/www.chaletdelgolf.com\/producto\/pack-estancia-hotel-con-golf\/#primaryimage"},"image":{"@id":"https:\/\/www.chaletdelgolf.com\/producto\/pack-estancia-hotel-con-golf\/#primaryimage"},"thumbnailUrl":"https:\/\/www.chaletdelgolf.com\/wp-content\/uploads\/2023\/07\/cerdanya.jpg.webp","datePublished":"2023-07-17T19:06:24+00:00","dateModified":"2025-12-01T13:15:50+00:00","description":"Obtenez votre Pack Chambre &amp; Golf pour 2, S\u00e9journez \u00e0 l&#039;h\u00f4tel Xalet del Golf avec petit-d\u00e9jeuner et 2 Green Fees au Real Club Golf Cerda\u00f1a.","breadcrumb":{"@id":"https:\/\/www.chaletdelgolf.com\/producto\/pack-estancia-hotel-con-golf\/#breadcrumb"},"inLanguage":"fr-FR","potentialAction":[{"@type":"ReadAction","target":["https:\/\/www.chaletdelgolf.com\/producto\/pack-estancia-hotel-con-golf\/"]}]},{"@type":"ImageObject","inLanguage":"fr-FR","@id":"https:\/\/www.chaletdelgolf.com\/producto\/pack-estancia-hotel-con-golf\/#primaryimage","url":"https:\/\/www.chaletdelgolf.com\/wp-content\/uploads\/2023\/07\/cerdanya.jpg.webp","contentUrl":"https:\/\/www.chaletdelgolf.com\/wp-content\/uploads\/2023\/07\/cerdanya.jpg.webp","width":2160,"height":1440},{"@type":"BreadcrumbList","@id":"https:\/\/www.chaletdelgolf.com\/producto\/pack-estancia-hotel-con-golf\/#breadcrumb","itemListElement":[{"@type":"ListItem","position":1,"name":"Portada","item":"https:\/\/www.chaletdelgolf.com\/"},{"@type":"ListItem","position":2,"name":"Productos","item":"https:\/\/www.chaletdelgolf.com\/tienda\/"},{"@type":"ListItem","position":3,"name":"Pack Room &#038; Golf"}]},{"@type":"WebSite","@id":"https:\/\/www.chaletdelgolf.com\/#website","url":"https:\/\/www.chaletdelgolf.com\/","name":"H\u00f4tel \u00e0 Puigcerd\u00e0 (Cerdagne) - Xalet del Golf","description":"H\u00f4tel Xalet del Golf dans le Cerdanya Golf Club","publisher":{"@id":"https:\/\/www.chaletdelgolf.com\/#organization"},"potentialAction":[{"@type":"SearchAction","target":{"@type":"EntryPoint","urlTemplate":"https:\/\/www.chaletdelgolf.com\/?s={search_term_string}"},"query-input":{"@type":"PropertyValueSpecification","valueRequired":true,"valueName":"search_term_string"}}],"inLanguage":"fr-FR"},{"@type":"Organization","@id":"https:\/\/www.chaletdelgolf.com\/#organization","name":"H\u00f4tel Xalet del Golf","url":"https:\/\/www.chaletdelgolf.com\/","logo":{"@type":"ImageObject","inLanguage":"fr-FR","@id":"https:\/\/www.chaletdelgolf.com\/#\/schema\/logo\/image\/","url":"https:\/\/www.chaletdelgolf.com\/wp-content\/uploads\/2023\/07\/logo-xalet-golf-RGB-gris-estrelles-02-1.png","contentUrl":"https:\/\/www.chaletdelgolf.com\/wp-content\/uploads\/2023\/07\/logo-xalet-golf-RGB-gris-estrelles-02-1.png","width":701,"height":306,"caption":"Hotel Xalet del Golf"},"image":{"@id":"https:\/\/www.chaletdelgolf.com\/#\/schema\/logo\/image\/"},"sameAs":["https:\/\/www.facebook.com\/xaletdelgolf","https:\/\/www.instagram.com\/hotelxaletdelgolfpuigcerda\/"]}]}},"_links":{"self":[{"href":"https:\/\/www.chaletdelgolf.com\/fr\/wp-json\/wp\/v2\/product\/3593","targetHints":{"allow":["GET"]}}],"collection":[{"href":"https:\/\/www.chaletdelgolf.com\/fr\/wp-json\/wp\/v2\/product"}],"about":[{"href":"https:\/\/www.chaletdelgolf.com\/fr\/wp-json\/wp\/v2\/types\/product"}],"replies":[{"embeddable":true,"href":"https:\/\/www.chaletdelgolf.com\/fr\/wp-json\/wp\/v2\/comments?post=3593"}],"wp:featuredmedia":[{"embeddable":true,"href":"https:\/\/www.chaletdelgolf.com\/fr\/wp-json\/wp\/v2\/media\/3594"}],"wp:attachment":[{"href":"https:\/\/www.chaletdelgolf.com\/fr\/wp-json\/wp\/v2\/media?parent=3593"}],"wp:term":[{"taxonomy":"product_brand","embeddable":true,"href":"https:\/\/www.chaletdelgolf.com\/fr\/wp-json\/wp\/v2\/product_brand?post=3593"},{"taxonomy":"product_cat","embeddable":true,"href":"https:\/\/www.chaletdelgolf.com\/fr\/wp-json\/wp\/v2\/product_cat?post=3593"},{"taxonomy":"product_tag","embeddable":true,"href":"https:\/\/www.chaletdelgolf.com\/fr\/wp-json\/wp\/v2\/product_tag?post=3593"}],"curies":[{"name":"wp","href":"https:\/\/api.w.org\/{rel}","templated":true}]}}