{"id":4836,"date":"2023-11-23T16:03:09","date_gmt":"2023-11-23T16:03:09","guid":{"rendered":"https:\/\/www.chaletdelgolf.com\/?post_type=product&#038;p=4836"},"modified":"2023-12-14T10:54:00","modified_gmt":"2023-12-14T10:54:00","slug":"pack-gastronomico","status":"publish","type":"product","link":"https:\/\/www.chaletdelgolf.com\/fr\/produit\/pack-gastronomique\/","title":{"rendered":"Pack Gastronomique"},"content":{"rendered":"<h2><strong>Que comprend notre Pack Gastronomique ?<\/strong><\/h2>\n<ul>\n<li>1 nuit en chambre double sup\u00e9rieure \u00e0 l&#039;h\u00f4tel Xalet del Golf<\/li>\n<li>Petit-d\u00e9jeuner buffet pour 2 personnes<\/li>\n<li>D\u00eener pour 2 personnes (boissons non comprises)<\/li>\n<li>D\u00e9part tardif (sous r\u00e9serve de disponibilit\u00e9 de l&#039;h\u00f4tel)<\/li>\n<\/ul>\n<p><strong><strong style=\"font-size: 16px;\"><b>L&#039;H\u00f4tel Xalet del Golf: E<\/b><\/strong><\/strong>c&#039;est un <strong>h\u00f4tel 4 r\u00e9cemment r\u00e9nov\u00e9\u2606<\/strong> et situ\u00e9 dans le m\u00eame club de golf \u00ab Real Club de Golf Cerda\u00f1a \u00bb, au c\u0153ur de la <strong>Cerdagne<\/strong> et tr\u00e8s proche de <strong>Puigcerda<\/strong>.<\/p>\n<p><b>La chambre <\/b><strong>Double sup\u00e9rieur: <\/strong>Chambre pour 2 personnes <strong>34m2\u00a0<\/strong>d\u00e9cor\u00e9 dans un style\u00a0<strong>classique <\/strong>avec<strong> mobilier luxueux, moquette et chauffage au sol<\/strong>. Equip\u00e9e d&#039;un lit double king-size avec lavabo priv\u00e9 \u00e9quip\u00e9 et d&#039;un balcon.<\/p>\n<p><b>Restaurant El Xalet<\/b><strong>: <\/strong>Il propose une cuisine de montagne \u00e9labor\u00e9e avec les meilleurs produits locaux et de saison. L&#039;\u00e9quipe travaille avec des mati\u00e8res premi\u00e8res de la plus haute qualit\u00e9 pour proposer quatre menus de saison avec des pr\u00e9parations typiques de la r\u00e9gion qui rehaussent la cuisine de Cerdagne.<\/p>\n<p><strong>Disponibilit\u00e9: <\/strong>Le Pack est disponible toute l&#039;ann\u00e9e, sauf le r\u00e9veillon de No\u00ebl, le jour de No\u00ebl, la f\u00eate des Rois Mages et le r\u00e9veillon du Nouvel An, et <span class=\"OYPEnA text-decoration-none text-strikethrough-none\">selon la saison que vous avez choisie.<\/span> <span class=\"OYPEnA text-decoration-none text-strikethrough-none\">Ce Ch\u00e8que a une dur\u00e9e d&#039;expiration de 1 an, \u00e0 compter du jour de l&#039;achat.\u00a0<\/span><\/p>\n<p><strong>Comment vais-je recevoir le bonus\u00a0? <\/strong>Une fois que vous aurez achet\u00e9 le bon cadeau, vous recevrez par email un Bon cadeau au format PDF que vous nous aurez joint.<\/p>\n<p><strong>Comment r\u00e9cup\u00e9rer le bonus ? <\/strong>Pour utiliser le bon et effectuer la r\u00e9servation, vous devrez appeler le num\u00e9ro de t\u00e9l\u00e9phone de l&#039;h\u00f4tel <a href=\"tel:+34 972 884 320\">+34 972 884 320<\/a>\u00a0ou envoyer un e-mail \u00e0 <a href=\"mailto:reservas@chaletdelgolf.com\">reservas@chaletdelgolf.com<\/a> disant les jours que vous voulez. Ensuite, un email confirmant votre r\u00e9servation vous sera envoy\u00e9.<\/p>\n<p><strong>**<\/strong><span class=\"OYPEnA text-decoration-none text-strikethrough-none\"><strong>Haute saison:<\/strong> N<\/span><span class=\"OYPEnA text-decoration-none text-strikethrough-none\">avidit\u00e9s, Pur\u00edsima, Ao\u00fbt et Semaine Sainte.<\/span> <span class=\"OYPEnA text-decoration-none text-strikethrough-none\"><strong>Mi-saison<\/strong>:<\/span><span class=\"OYPEnA text-decoration-none text-strikethrough-none\"> Juillet<\/span> <span class=\"OYPEnA text-decoration-none text-strikethrough-none\"><strong>Basse saison<\/strong>:<\/span><span class=\"OYPEnA text-decoration-none text-strikethrough-none\"> Toute l&#039;ann\u00e9e sauf haute et moyenne saison.<\/span><\/p>","protected":false},"excerpt":{"rendered":"<p>obtenir votre\u00a0<strong>Pack Gastronomique \u00e0 l&#039;H\u00f4tel Xalet del Golf<\/strong>. Id\u00e9al pour profiter d&#039;une escapade gastronomique en Cerdagne avec votre partenaire.<\/p>\n<p>Choisissez la saison que vous pr\u00e9f\u00e9rez et vous verrez automatiquement le prix.<\/p>","protected":false},"featured_media":4410,"comment_status":"closed","ping_status":"closed","template":"","meta":{"site-sidebar-layout":"default","site-content-layout":"default","ast-site-content-layout":"","site-content-style":"default","site-sidebar-style":"default","ast-global-header-display":"","ast-banner-title-visibility":"","ast-main-header-display":"","ast-hfb-above-header-display":"","ast-hfb-below-header-display":"","ast-hfb-mobile-header-display":"","site-post-title":"","ast-breadcrumbs-content":"","ast-featured-img":"","footer-sml-layout":"","theme-transparent-header-meta":"default","adv-header-id-meta":"","stick-header-meta":"default","header-above-stick-meta":"","header-main-stick-meta":"","header-below-stick-meta":"","astra-migrate-meta-layouts":"default","ast-page-background-enabled":"default","ast-page-background-meta":{"desktop":{"background-color":"","background-image":"","background-repeat":"repeat","background-position":"center center","background-size":"auto","background-attachment":"scroll","background-type":"","background-media":"","overlay-type":"","overlay-color":"","overlay-opacity":"","overlay-gradient":""},"tablet":{"background-color":"","background-image":"","background-repeat":"repeat","background-position":"center center","background-size":"auto","background-attachment":"scroll","background-type":"","background-media":"","overlay-type":"","overlay-color":"","overlay-opacity":"","overlay-gradient":""},"mobile":{"background-color":"","background-image":"","background-repeat":"repeat","background-position":"center center","background-size":"auto","background-attachment":"scroll","background-type":"","background-media":"","overlay-type":"","overlay-color":"","overlay-opacity":"","overlay-gradient":""}},"ast-content-background-meta":{"desktop":{"background-color":"var(--ast-global-color-5)","background-image":"","background-repeat":"repeat","background-position":"center center","background-size":"auto","background-attachment":"scroll","background-type":"","background-media":"","overlay-type":"","overlay-color":"","overlay-opacity":"","overlay-gradient":""},"tablet":{"background-color":"var(--ast-global-color-5)","background-image":"","background-repeat":"repeat","background-position":"center center","background-size":"auto","background-attachment":"scroll","background-type":"","background-media":"","overlay-type":"","overlay-color":"","overlay-opacity":"","overlay-gradient":""},"mobile":{"background-color":"var(--ast-global-color-5)","background-image":"","background-repeat":"repeat","background-position":"center center","background-size":"auto","background-attachment":"scroll","background-type":"","background-media":"","overlay-type":"","overlay-color":"","overlay-opacity":"","overlay-gradient":""}}},"product_brand":[],"product_cat":[20],"product_tag":[],"class_list":{"0":"post-4836","1":"product","2":"type-product","3":"status-publish","4":"has-post-thumbnail","6":"product_cat-sin-categorizar","7":"desktop-align-left","8":"tablet-align-left","9":"mobile-align-left","10":"ast-product-gallery-layout-horizontal-slider","11":"ast-product-single-variable","12":"ast-product-tabs-layout-horizontal","14":"first","15":"instock","16":"shipping-taxable","17":"purchasable","18":"product-type-variable"},"yoast_head":"<!-- This site is optimized with the Yoast SEO plugin v27.1.1 - https:\/\/yoast.com\/product\/yoast-seo-wordpress\/ -->\n<title>Pack Gastronomico | Bono Regalo | Xalet del Golf<\/title>\n<meta name=\"description\" content=\"Consigue tu Pack Gastron\u00f3mico, alojamiento de 1 noche en la habitaci\u00f3n doble superior, con desayuno y cena para 2 personas en el Hotel Xalet del Golf.\" \/>\n<meta name=\"robots\" content=\"index, follow, max-snippet:-1, max-image-preview:large, max-video-preview:-1\" \/>\n<link rel=\"canonical\" href=\"https:\/\/www.chaletdelgolf.com\/fr\/produit\/pack-gastronomique\/\" \/>\n<meta property=\"og:locale\" content=\"fr_FR\" \/>\n<meta property=\"og:type\" content=\"article\" \/>\n<meta property=\"og:title\" content=\"Pack Gastronomico | Bono Regalo | Xalet del Golf\" \/>\n<meta property=\"og:description\" content=\"Consigue tu Pack Gastron\u00f3mico, alojamiento de 1 noche en la habitaci\u00f3n doble superior, con desayuno y cena para 2 personas en el Hotel Xalet del Golf.\" \/>\n<meta property=\"og:url\" content=\"https:\/\/www.chaletdelgolf.com\/fr\/produit\/pack-gastronomique\/\" \/>\n<meta property=\"og:site_name\" content=\"Hotel en Puigcerd\u00e0 (Cerdanya) - Xalet del Golf\" \/>\n<meta property=\"article:publisher\" content=\"https:\/\/www.facebook.com\/xaletdelgolf\" \/>\n<meta property=\"article:modified_time\" content=\"2023-12-14T10:54:00+00:00\" \/>\n<meta property=\"og:image\" content=\"https:\/\/www.chaletdelgolf.com\/wp-content\/uploads\/2023\/10\/20230803_XaletdelGolfEstiu_176.jpg\" \/>\n\t<meta property=\"og:image:width\" content=\"2000\" \/>\n\t<meta property=\"og:image:height\" content=\"1334\" \/>\n\t<meta property=\"og:image:type\" content=\"image\/jpeg\" \/>\n<meta name=\"twitter:card\" content=\"summary_large_image\" \/>\n<meta name=\"twitter:label1\" content=\"Dur\u00e9e de lecture estim\u00e9e\" \/>\n\t<meta name=\"twitter:data1\" content=\"2 minutes\" \/>\n<script type=\"application\/ld+json\" class=\"yoast-schema-graph\">{\"@context\":\"https:\/\/schema.org\",\"@graph\":[{\"@type\":\"WebPage\",\"@id\":\"https:\/\/www.chaletdelgolf.com\/producto\/pack-gastronomico\/\",\"url\":\"https:\/\/www.chaletdelgolf.com\/producto\/pack-gastronomico\/\",\"name\":\"Pack Gastronomico | Bono Regalo | Xalet del Golf\",\"isPartOf\":{\"@id\":\"https:\/\/www.chaletdelgolf.com\/#website\"},\"primaryImageOfPage\":{\"@id\":\"https:\/\/www.chaletdelgolf.com\/producto\/pack-gastronomico\/#primaryimage\"},\"image\":{\"@id\":\"https:\/\/www.chaletdelgolf.com\/producto\/pack-gastronomico\/#primaryimage\"},\"thumbnailUrl\":\"https:\/\/www.chaletdelgolf.com\/wp-content\/uploads\/2023\/10\/20230803_XaletdelGolfEstiu_176.jpg\",\"datePublished\":\"2023-11-23T16:03:09+00:00\",\"dateModified\":\"2023-12-14T10:54:00+00:00\",\"description\":\"Consigue tu Pack Gastron\u00f3mico, alojamiento de 1 noche en la habitaci\u00f3n doble superior, con desayuno y cena para 2 personas en el Hotel Xalet del Golf.\",\"breadcrumb\":{\"@id\":\"https:\/\/www.chaletdelgolf.com\/producto\/pack-gastronomico\/#breadcrumb\"},\"inLanguage\":\"fr-FR\",\"potentialAction\":[{\"@type\":\"ReadAction\",\"target\":[\"https:\/\/www.chaletdelgolf.com\/producto\/pack-gastronomico\/\"]}]},{\"@type\":\"ImageObject\",\"inLanguage\":\"fr-FR\",\"@id\":\"https:\/\/www.chaletdelgolf.com\/producto\/pack-gastronomico\/#primaryimage\",\"url\":\"https:\/\/www.chaletdelgolf.com\/wp-content\/uploads\/2023\/10\/20230803_XaletdelGolfEstiu_176.jpg\",\"contentUrl\":\"https:\/\/www.chaletdelgolf.com\/wp-content\/uploads\/2023\/10\/20230803_XaletdelGolfEstiu_176.jpg\",\"width\":2000,\"height\":1334},{\"@type\":\"BreadcrumbList\",\"@id\":\"https:\/\/www.chaletdelgolf.com\/producto\/pack-gastronomico\/#breadcrumb\",\"itemListElement\":[{\"@type\":\"ListItem\",\"position\":1,\"name\":\"Portada\",\"item\":\"https:\/\/www.chaletdelgolf.com\/\"},{\"@type\":\"ListItem\",\"position\":2,\"name\":\"Productos\",\"item\":\"https:\/\/www.chaletdelgolf.com\/tienda\/\"},{\"@type\":\"ListItem\",\"position\":3,\"name\":\"Pack Gastron\u00f3mico\"}]},{\"@type\":\"WebSite\",\"@id\":\"https:\/\/www.chaletdelgolf.com\/#website\",\"url\":\"https:\/\/www.chaletdelgolf.com\/\",\"name\":\"Hotel en Puigcerd\u00e0 (Cerdanya) - Xalet del Golf\",\"description\":\"Hotel Xalet del Golf en el Club de Golf Cerda\u00f1a\",\"publisher\":{\"@id\":\"https:\/\/www.chaletdelgolf.com\/#organization\"},\"potentialAction\":[{\"@type\":\"SearchAction\",\"target\":{\"@type\":\"EntryPoint\",\"urlTemplate\":\"https:\/\/www.chaletdelgolf.com\/?s={search_term_string}\"},\"query-input\":{\"@type\":\"PropertyValueSpecification\",\"valueRequired\":true,\"valueName\":\"search_term_string\"}}],\"inLanguage\":\"fr-FR\"},{\"@type\":\"Organization\",\"@id\":\"https:\/\/www.chaletdelgolf.com\/#organization\",\"name\":\"Hotel Xalet del Golf\",\"url\":\"https:\/\/www.chaletdelgolf.com\/\",\"logo\":{\"@type\":\"ImageObject\",\"inLanguage\":\"fr-FR\",\"@id\":\"https:\/\/www.chaletdelgolf.com\/#\/schema\/logo\/image\/\",\"url\":\"https:\/\/www.chaletdelgolf.com\/wp-content\/uploads\/2023\/07\/logo-xalet-golf-RGB-gris-estrelles-02-1.png\",\"contentUrl\":\"https:\/\/www.chaletdelgolf.com\/wp-content\/uploads\/2023\/07\/logo-xalet-golf-RGB-gris-estrelles-02-1.png\",\"width\":701,\"height\":306,\"caption\":\"Hotel Xalet del Golf\"},\"image\":{\"@id\":\"https:\/\/www.chaletdelgolf.com\/#\/schema\/logo\/image\/\"},\"sameAs\":[\"https:\/\/www.facebook.com\/xaletdelgolf\",\"https:\/\/www.instagram.com\/hotelxaletdelgolfpuigcerda\/\"]}]}<\/script>\n<!-- \/ Yoast SEO plugin. -->","yoast_head_json":{"title":"Pack Gastronomique | Ch\u00e8que Cadeau | Xalet del Golf","description":"Obtenez votre Pack Gastronomique, 1 nuit d&#039;h\u00e9bergement en chambre double sup\u00e9rieure, avec petit-d\u00e9jeuner et d\u00eener pour 2 personnes \u00e0 l&#039;H\u00f4tel Xalet del Golf.","robots":{"index":"index","follow":"follow","max-snippet":"max-snippet:-1","max-image-preview":"max-image-preview:large","max-video-preview":"max-video-preview:-1"},"canonical":"https:\/\/www.chaletdelgolf.com\/fr\/produit\/pack-gastronomique\/","og_locale":"fr_FR","og_type":"article","og_title":"Pack Gastronomico | Bono Regalo | Xalet del Golf","og_description":"Consigue tu Pack Gastron\u00f3mico, alojamiento de 1 noche en la habitaci\u00f3n doble superior, con desayuno y cena para 2 personas en el Hotel Xalet del Golf.","og_url":"https:\/\/www.chaletdelgolf.com\/fr\/produit\/pack-gastronomique\/","og_site_name":"Hotel en Puigcerd\u00e0 (Cerdanya) - Xalet del Golf","article_publisher":"https:\/\/www.facebook.com\/xaletdelgolf","article_modified_time":"2023-12-14T10:54:00+00:00","og_image":[{"width":2000,"height":1334,"url":"https:\/\/www.chaletdelgolf.com\/wp-content\/uploads\/2023\/10\/20230803_XaletdelGolfEstiu_176.jpg","type":"image\/jpeg"}],"twitter_card":"summary_large_image","twitter_misc":{"Dur\u00e9e de lecture estim\u00e9e":"2 minutes"},"schema":{"@context":"https:\/\/schema.org","@graph":[{"@type":"WebPage","@id":"https:\/\/www.chaletdelgolf.com\/producto\/pack-gastronomico\/","url":"https:\/\/www.chaletdelgolf.com\/producto\/pack-gastronomico\/","name":"Pack Gastronomique | Ch\u00e8que Cadeau | Xalet del Golf","isPartOf":{"@id":"https:\/\/www.chaletdelgolf.com\/#website"},"primaryImageOfPage":{"@id":"https:\/\/www.chaletdelgolf.com\/producto\/pack-gastronomico\/#primaryimage"},"image":{"@id":"https:\/\/www.chaletdelgolf.com\/producto\/pack-gastronomico\/#primaryimage"},"thumbnailUrl":"https:\/\/www.chaletdelgolf.com\/wp-content\/uploads\/2023\/10\/20230803_XaletdelGolfEstiu_176.jpg","datePublished":"2023-11-23T16:03:09+00:00","dateModified":"2023-12-14T10:54:00+00:00","description":"Obtenez votre Pack Gastronomique, 1 nuit d&#039;h\u00e9bergement en chambre double sup\u00e9rieure, avec petit-d\u00e9jeuner et d\u00eener pour 2 personnes \u00e0 l&#039;H\u00f4tel Xalet del Golf.","breadcrumb":{"@id":"https:\/\/www.chaletdelgolf.com\/producto\/pack-gastronomico\/#breadcrumb"},"inLanguage":"fr-FR","potentialAction":[{"@type":"ReadAction","target":["https:\/\/www.chaletdelgolf.com\/producto\/pack-gastronomico\/"]}]},{"@type":"ImageObject","inLanguage":"fr-FR","@id":"https:\/\/www.chaletdelgolf.com\/producto\/pack-gastronomico\/#primaryimage","url":"https:\/\/www.chaletdelgolf.com\/wp-content\/uploads\/2023\/10\/20230803_XaletdelGolfEstiu_176.jpg","contentUrl":"https:\/\/www.chaletdelgolf.com\/wp-content\/uploads\/2023\/10\/20230803_XaletdelGolfEstiu_176.jpg","width":2000,"height":1334},{"@type":"BreadcrumbList","@id":"https:\/\/www.chaletdelgolf.com\/producto\/pack-gastronomico\/#breadcrumb","itemListElement":[{"@type":"ListItem","position":1,"name":"Portada","item":"https:\/\/www.chaletdelgolf.com\/"},{"@type":"ListItem","position":2,"name":"Productos","item":"https:\/\/www.chaletdelgolf.com\/tienda\/"},{"@type":"ListItem","position":3,"name":"Pack Gastron\u00f3mico"}]},{"@type":"WebSite","@id":"https:\/\/www.chaletdelgolf.com\/#website","url":"https:\/\/www.chaletdelgolf.com\/","name":"H\u00f4tel \u00e0 Puigcerd\u00e0 (Cerdagne) - Xalet del Golf","description":"H\u00f4tel Xalet del Golf dans le Cerdanya Golf Club","publisher":{"@id":"https:\/\/www.chaletdelgolf.com\/#organization"},"potentialAction":[{"@type":"SearchAction","target":{"@type":"EntryPoint","urlTemplate":"https:\/\/www.chaletdelgolf.com\/?s={search_term_string}"},"query-input":{"@type":"PropertyValueSpecification","valueRequired":true,"valueName":"search_term_string"}}],"inLanguage":"fr-FR"},{"@type":"Organization","@id":"https:\/\/www.chaletdelgolf.com\/#organization","name":"H\u00f4tel Xalet del Golf","url":"https:\/\/www.chaletdelgolf.com\/","logo":{"@type":"ImageObject","inLanguage":"fr-FR","@id":"https:\/\/www.chaletdelgolf.com\/#\/schema\/logo\/image\/","url":"https:\/\/www.chaletdelgolf.com\/wp-content\/uploads\/2023\/07\/logo-xalet-golf-RGB-gris-estrelles-02-1.png","contentUrl":"https:\/\/www.chaletdelgolf.com\/wp-content\/uploads\/2023\/07\/logo-xalet-golf-RGB-gris-estrelles-02-1.png","width":701,"height":306,"caption":"Hotel Xalet del Golf"},"image":{"@id":"https:\/\/www.chaletdelgolf.com\/#\/schema\/logo\/image\/"},"sameAs":["https:\/\/www.facebook.com\/xaletdelgolf","https:\/\/www.instagram.com\/hotelxaletdelgolfpuigcerda\/"]}]}},"_links":{"self":[{"href":"https:\/\/www.chaletdelgolf.com\/fr\/wp-json\/wp\/v2\/product\/4836","targetHints":{"allow":["GET"]}}],"collection":[{"href":"https:\/\/www.chaletdelgolf.com\/fr\/wp-json\/wp\/v2\/product"}],"about":[{"href":"https:\/\/www.chaletdelgolf.com\/fr\/wp-json\/wp\/v2\/types\/product"}],"replies":[{"embeddable":true,"href":"https:\/\/www.chaletdelgolf.com\/fr\/wp-json\/wp\/v2\/comments?post=4836"}],"wp:featuredmedia":[{"embeddable":true,"href":"https:\/\/www.chaletdelgolf.com\/fr\/wp-json\/wp\/v2\/media\/4410"}],"wp:attachment":[{"href":"https:\/\/www.chaletdelgolf.com\/fr\/wp-json\/wp\/v2\/media?parent=4836"}],"wp:term":[{"taxonomy":"product_brand","embeddable":true,"href":"https:\/\/www.chaletdelgolf.com\/fr\/wp-json\/wp\/v2\/product_brand?post=4836"},{"taxonomy":"product_cat","embeddable":true,"href":"https:\/\/www.chaletdelgolf.com\/fr\/wp-json\/wp\/v2\/product_cat?post=4836"},{"taxonomy":"product_tag","embeddable":true,"href":"https:\/\/www.chaletdelgolf.com\/fr\/wp-json\/wp\/v2\/product_tag?post=4836"}],"curies":[{"name":"wp","href":"https:\/\/api.w.org\/{rel}","templated":true}]}}