{"id":4976,"date":"2023-12-05T10:02:58","date_gmt":"2023-12-05T10:02:58","guid":{"rendered":"https:\/\/www.chaletdelgolf.com\/?post_type=product&#038;p=4976"},"modified":"2025-11-28T16:12:13","modified_gmt":"2025-11-28T16:12:13","slug":"pack-escapada-en-familia-media-pension","status":"publish","type":"product","link":"https:\/\/www.chaletdelgolf.com\/fr\/produit\/pack-escapade-famille-demi-pension\/","title":{"rendered":"Pack Escapade Familiale Demi-Pension"},"content":{"rendered":"<h2><strong>Qu&#039;est-ce qui est inclus dans notre Pack Escapade Familiale Demi-Pension ?<\/strong><\/h2>\n<ul>\n<li>1 nuit en Chambre Familiale Penthouse \u00e0 l&#039;H\u00f4tel Xalet del Golf<\/li>\n<li>D\u00eener pour 4 personnes (2 adultes et 2 enfants de moins de 9 ans) (boissons non comprises)<\/li>\n<li>Petit-d\u00e9jeuner buffet pour 4 personnes (2 adultes et 2 enfants de moins de 9 ans)<\/li>\n<li>D\u00e9part tardif (sous r\u00e9serve de disponibilit\u00e9 de l&#039;h\u00f4tel)<\/li>\n<\/ul>\n<p><b style=\"font-style: inherit;\"><strong><strong style=\"font-size: 16px;\"><b>L&#039;H\u00f4tel Xalet del Golf: <\/b><\/strong><\/strong><\/b>Il s&#039;agit d&#039;un h\u00f4tel 4\u2606 r\u00e9cemment r\u00e9nov\u00e9 situ\u00e9 dans le m\u00eame club de golf \u00ab Real Club de Golf Cerda\u00f1a \u00bb, au c\u0153ur de la Cerda\u00f1a et tout pr\u00e8s de Puigcerd\u00e0.<\/p>\n<p><b style=\"font-style: inherit;\">La chambre<\/b><strong>\u00a0Familier: <\/strong>Chambre spacieuse pour 3, 4 ou 5 personnes, avec 1 tr\u00e8s grand lit double + 2 lits simples ou 4 lits simples ; salle de bain priv\u00e9e compl\u00e8te et un canap\u00e9-lit s\u00e9par\u00e9 dans la chambre attenante.<\/p>\n<p><b>Restaurant El Xalet<\/b><strong>: <\/strong>Il propose une cuisine de montagne \u00e9labor\u00e9e avec les meilleurs produits locaux et de saison. L&#039;\u00e9quipe travaille avec des mati\u00e8res premi\u00e8res de la plus haute qualit\u00e9 pour proposer quatre menus de saison avec des pr\u00e9parations typiques de la r\u00e9gion qui rehaussent la cuisine de Cerdagne.<\/p>\n<p><strong>Disponibilit\u00e9: <\/strong>Le Pack est disponible toute l&#039;ann\u00e9e, sauf le r\u00e9veillon de No\u00ebl, le jour de No\u00ebl, la f\u00eate des Rois Mages et le r\u00e9veillon du Nouvel An, et <span class=\"OYPEnA text-decoration-none text-strikethrough-none\">selon la saison que vous avez choisie.<\/span> <span class=\"OYPEnA text-decoration-none text-strikethrough-none\">Ce Ch\u00e8que a une dur\u00e9e d&#039;expiration de 1 an, \u00e0 compter du jour de l&#039;achat.\u00a0<\/span><\/p>\n<p><strong>Comment vais-je recevoir le bonus\u00a0? <\/strong>Une fois que vous aurez achet\u00e9 le bon cadeau, vous recevrez par email un Bon cadeau au format PDF que vous nous aurez joint.<\/p>\n<p><strong>Comment r\u00e9cup\u00e9rer le bonus ? <\/strong>Pour utiliser le bon et effectuer la r\u00e9servation, vous devrez appeler le num\u00e9ro de t\u00e9l\u00e9phone de l&#039;h\u00f4tel <a href=\"tel:+34 972 884 320\">+34 972 884 320<\/a>\u00a0ou envoyer un e-mail \u00e0 <a href=\"mailto:reservas@chaletdelgolf.com\">reservas@chaletdelgolf.com<\/a> disant les jours que vous voulez. Ensuite, un email confirmant votre r\u00e9servation vous sera envoy\u00e9.<\/p>\n<p>**<span class=\"OYPEnA text-decoration-none text-strikethrough-none\"><strong>Haute saison<\/strong>:N<\/span><span class=\"OYPEnA text-decoration-none text-strikethrough-none\">avidit\u00e9s, Pur\u00edsima, Ao\u00fbt et Semaine Sainte.<\/span> <span class=\"OYPEnA text-decoration-none text-strikethrough-none\"><strong>Mi-saison<\/strong>:<\/span><span class=\"OYPEnA text-decoration-none text-strikethrough-none\"> Juillet.<\/span> <span class=\"OYPEnA text-decoration-none text-strikethrough-none\"><strong>Basse saison<\/strong>:<\/span><span class=\"OYPEnA text-decoration-none text-strikethrough-none\"> Toute l&#039;ann\u00e9e sauf haute et moyenne saison.<\/span><\/p>","protected":false},"excerpt":{"rendered":"<p>obtenir votre <strong>Pack Escapade Famille 1 nuit \u00e0 l&#039;H\u00f4tel<\/strong> <strong>Xalet del Golf demi-pension<\/strong>\u00a0, id\u00e9al pour <strong>4 personnes, <\/strong>pour profiter d&#039;une escapade en famille dans <strong>Cerdagne<\/strong>.<\/p>\n<p>Choisissez la saison que vous pr\u00e9f\u00e9rez et vous verrez automatiquement le prix.<\/p>","protected":false},"featured_media":4116,"comment_status":"closed","ping_status":"closed","template":"","meta":{"site-sidebar-layout":"default","site-content-layout":"default","ast-site-content-layout":"default","site-content-style":"default","site-sidebar-style":"default","ast-global-header-display":"","ast-banner-title-visibility":"","ast-main-header-display":"","ast-hfb-above-header-display":"","ast-hfb-below-header-display":"","ast-hfb-mobile-header-display":"","site-post-title":"","ast-breadcrumbs-content":"","ast-featured-img":"","footer-sml-layout":"","theme-transparent-header-meta":"default","adv-header-id-meta":"","stick-header-meta":"default","header-above-stick-meta":"","header-main-stick-meta":"","header-below-stick-meta":"","astra-migrate-meta-layouts":"set","ast-page-background-enabled":"default","ast-page-background-meta":{"desktop":{"background-color":"","background-image":"","background-repeat":"repeat","background-position":"center center","background-size":"auto","background-attachment":"scroll","background-type":"","background-media":"","overlay-type":"","overlay-color":"","overlay-opacity":"","overlay-gradient":""},"tablet":{"background-color":"","background-image":"","background-repeat":"repeat","background-position":"center center","background-size":"auto","background-attachment":"scroll","background-type":"","background-media":"","overlay-type":"","overlay-color":"","overlay-opacity":"","overlay-gradient":""},"mobile":{"background-color":"","background-image":"","background-repeat":"repeat","background-position":"center center","background-size":"auto","background-attachment":"scroll","background-type":"","background-media":"","overlay-type":"","overlay-color":"","overlay-opacity":"","overlay-gradient":""}},"ast-content-background-meta":{"desktop":{"background-color":"var(--ast-global-color-5)","background-image":"","background-repeat":"repeat","background-position":"center center","background-size":"auto","background-attachment":"scroll","background-type":"","background-media":"","overlay-type":"","overlay-color":"","overlay-opacity":"","overlay-gradient":""},"tablet":{"background-color":"var(--ast-global-color-5)","background-image":"","background-repeat":"repeat","background-position":"center center","background-size":"auto","background-attachment":"scroll","background-type":"","background-media":"","overlay-type":"","overlay-color":"","overlay-opacity":"","overlay-gradient":""},"mobile":{"background-color":"var(--ast-global-color-5)","background-image":"","background-repeat":"repeat","background-position":"center center","background-size":"auto","background-attachment":"scroll","background-type":"","background-media":"","overlay-type":"","overlay-color":"","overlay-opacity":"","overlay-gradient":""}}},"product_brand":[],"product_cat":[20],"product_tag":[],"class_list":{"0":"post-4976","1":"product","2":"type-product","3":"status-publish","4":"has-post-thumbnail","6":"product_cat-sin-categorizar","7":"desktop-align-left","8":"tablet-align-left","9":"mobile-align-left","10":"ast-product-gallery-layout-horizontal-slider","11":"ast-product-single-variable","12":"ast-product-tabs-layout-horizontal","14":"first","15":"instock","16":"shipping-taxable","17":"purchasable","18":"product-type-variable"},"yoast_head":"<!-- This site is optimized with the Yoast SEO plugin v27.1.1 - https:\/\/yoast.com\/product\/yoast-seo-wordpress\/ -->\n<title>Pack Escapada Familiar Media Pensi\u00f3n | Bono Regalo | Xalet Golf<\/title>\n<meta name=\"description\" content=\"Consigue tu pack escapada familiar 2 noches de Hotel junto a tu familia en el Hotel Xalet del Golf. Ideal para una escapada y desconectar.\" \/>\n<meta name=\"robots\" content=\"index, follow, max-snippet:-1, max-image-preview:large, max-video-preview:-1\" \/>\n<link rel=\"canonical\" href=\"https:\/\/www.chaletdelgolf.com\/fr\/produit\/pack-escapade-famille-demi-pension\/\" \/>\n<meta property=\"og:locale\" content=\"fr_FR\" \/>\n<meta property=\"og:type\" content=\"article\" \/>\n<meta property=\"og:title\" content=\"Pack Escapada Familiar Media Pensi\u00f3n | Bono Regalo | Xalet Golf\" \/>\n<meta property=\"og:description\" content=\"Consigue tu pack escapada familiar 2 noches de Hotel junto a tu familia en el Hotel Xalet del Golf. Ideal para una escapada y desconectar.\" \/>\n<meta property=\"og:url\" content=\"https:\/\/www.chaletdelgolf.com\/fr\/produit\/pack-escapade-famille-demi-pension\/\" \/>\n<meta property=\"og:site_name\" content=\"Hotel en Puigcerd\u00e0 (Cerdanya) - Xalet del Golf\" \/>\n<meta property=\"article:publisher\" content=\"https:\/\/www.facebook.com\/xaletdelgolf\" \/>\n<meta property=\"article:modified_time\" content=\"2025-11-28T16:12:13+00:00\" \/>\n<meta property=\"og:image\" content=\"https:\/\/www.chaletdelgolf.com\/wp-content\/uploads\/2023\/09\/20221122_XaletGolf_074-1024x683.jpg\" \/>\n\t<meta property=\"og:image:width\" content=\"1024\" \/>\n\t<meta property=\"og:image:height\" content=\"683\" \/>\n\t<meta property=\"og:image:type\" content=\"image\/jpeg\" \/>\n<meta name=\"twitter:card\" content=\"summary_large_image\" \/>\n<meta name=\"twitter:label1\" content=\"Dur\u00e9e de lecture estim\u00e9e\" \/>\n\t<meta name=\"twitter:data1\" content=\"2 minutes\" \/>\n<script type=\"application\/ld+json\" class=\"yoast-schema-graph\">{\"@context\":\"https:\/\/schema.org\",\"@graph\":[{\"@type\":\"WebPage\",\"@id\":\"https:\/\/www.chaletdelgolf.com\/producto\/pack-escapada-en-familia-media-pension\/\",\"url\":\"https:\/\/www.chaletdelgolf.com\/producto\/pack-escapada-en-familia-media-pension\/\",\"name\":\"Pack Escapada Familiar Media Pensi\u00f3n | Bono Regalo | Xalet Golf\",\"isPartOf\":{\"@id\":\"https:\/\/www.chaletdelgolf.com\/#website\"},\"primaryImageOfPage\":{\"@id\":\"https:\/\/www.chaletdelgolf.com\/producto\/pack-escapada-en-familia-media-pension\/#primaryimage\"},\"image\":{\"@id\":\"https:\/\/www.chaletdelgolf.com\/producto\/pack-escapada-en-familia-media-pension\/#primaryimage\"},\"thumbnailUrl\":\"https:\/\/www.chaletdelgolf.com\/wp-content\/uploads\/2023\/09\/20221122_XaletGolf_074.jpg\",\"datePublished\":\"2023-12-05T10:02:58+00:00\",\"dateModified\":\"2025-11-28T16:12:13+00:00\",\"description\":\"Consigue tu pack escapada familiar 2 noches de Hotel junto a tu familia en el Hotel Xalet del Golf. Ideal para una escapada y desconectar.\",\"breadcrumb\":{\"@id\":\"https:\/\/www.chaletdelgolf.com\/producto\/pack-escapada-en-familia-media-pension\/#breadcrumb\"},\"inLanguage\":\"fr-FR\",\"potentialAction\":[{\"@type\":\"ReadAction\",\"target\":[\"https:\/\/www.chaletdelgolf.com\/producto\/pack-escapada-en-familia-media-pension\/\"]}]},{\"@type\":\"ImageObject\",\"inLanguage\":\"fr-FR\",\"@id\":\"https:\/\/www.chaletdelgolf.com\/producto\/pack-escapada-en-familia-media-pension\/#primaryimage\",\"url\":\"https:\/\/www.chaletdelgolf.com\/wp-content\/uploads\/2023\/09\/20221122_XaletGolf_074.jpg\",\"contentUrl\":\"https:\/\/www.chaletdelgolf.com\/wp-content\/uploads\/2023\/09\/20221122_XaletGolf_074.jpg\",\"width\":2500,\"height\":1667,\"caption\":\"comedor\"},{\"@type\":\"BreadcrumbList\",\"@id\":\"https:\/\/www.chaletdelgolf.com\/producto\/pack-escapada-en-familia-media-pension\/#breadcrumb\",\"itemListElement\":[{\"@type\":\"ListItem\",\"position\":1,\"name\":\"Portada\",\"item\":\"https:\/\/www.chaletdelgolf.com\/\"},{\"@type\":\"ListItem\",\"position\":2,\"name\":\"Productos\",\"item\":\"https:\/\/www.chaletdelgolf.com\/tienda\/\"},{\"@type\":\"ListItem\",\"position\":3,\"name\":\"Pack Escapada en Familia en Media Pensi\u00f3n\"}]},{\"@type\":\"WebSite\",\"@id\":\"https:\/\/www.chaletdelgolf.com\/#website\",\"url\":\"https:\/\/www.chaletdelgolf.com\/\",\"name\":\"Hotel en Puigcerd\u00e0 (Cerdanya) - Xalet del Golf\",\"description\":\"Hotel Xalet del Golf en el Club de Golf Cerda\u00f1a\",\"publisher\":{\"@id\":\"https:\/\/www.chaletdelgolf.com\/#organization\"},\"potentialAction\":[{\"@type\":\"SearchAction\",\"target\":{\"@type\":\"EntryPoint\",\"urlTemplate\":\"https:\/\/www.chaletdelgolf.com\/?s={search_term_string}\"},\"query-input\":{\"@type\":\"PropertyValueSpecification\",\"valueRequired\":true,\"valueName\":\"search_term_string\"}}],\"inLanguage\":\"fr-FR\"},{\"@type\":\"Organization\",\"@id\":\"https:\/\/www.chaletdelgolf.com\/#organization\",\"name\":\"Hotel Xalet del Golf\",\"url\":\"https:\/\/www.chaletdelgolf.com\/\",\"logo\":{\"@type\":\"ImageObject\",\"inLanguage\":\"fr-FR\",\"@id\":\"https:\/\/www.chaletdelgolf.com\/#\/schema\/logo\/image\/\",\"url\":\"https:\/\/www.chaletdelgolf.com\/wp-content\/uploads\/2023\/07\/logo-xalet-golf-RGB-gris-estrelles-02-1.png\",\"contentUrl\":\"https:\/\/www.chaletdelgolf.com\/wp-content\/uploads\/2023\/07\/logo-xalet-golf-RGB-gris-estrelles-02-1.png\",\"width\":701,\"height\":306,\"caption\":\"Hotel Xalet del Golf\"},\"image\":{\"@id\":\"https:\/\/www.chaletdelgolf.com\/#\/schema\/logo\/image\/\"},\"sameAs\":[\"https:\/\/www.facebook.com\/xaletdelgolf\",\"https:\/\/www.instagram.com\/hotelxaletdelgolfpuigcerda\/\"]}]}<\/script>\n<!-- \/ Yoast SEO plugin. -->","yoast_head_json":{"title":"Pack Escapade Familiale Demi-Pension | Ch\u00e8que Cadeau | Golf Xalet","description":"Procurez-vous votre pack escapade en famille pour 2 nuits dans un h\u00f4tel en famille \u00e0 l&#039;H\u00f4tel Xalet del Golf. Id\u00e9al pour une escapade et une d\u00e9connexion.","robots":{"index":"index","follow":"follow","max-snippet":"max-snippet:-1","max-image-preview":"max-image-preview:large","max-video-preview":"max-video-preview:-1"},"canonical":"https:\/\/www.chaletdelgolf.com\/fr\/produit\/pack-escapade-famille-demi-pension\/","og_locale":"fr_FR","og_type":"article","og_title":"Pack Escapada Familiar Media Pensi\u00f3n | Bono Regalo | Xalet Golf","og_description":"Consigue tu pack escapada familiar 2 noches de Hotel junto a tu familia en el Hotel Xalet del Golf. Ideal para una escapada y desconectar.","og_url":"https:\/\/www.chaletdelgolf.com\/fr\/produit\/pack-escapade-famille-demi-pension\/","og_site_name":"Hotel en Puigcerd\u00e0 (Cerdanya) - Xalet del Golf","article_publisher":"https:\/\/www.facebook.com\/xaletdelgolf","article_modified_time":"2025-11-28T16:12:13+00:00","og_image":[{"width":1024,"height":683,"url":"https:\/\/www.chaletdelgolf.com\/wp-content\/uploads\/2023\/09\/20221122_XaletGolf_074-1024x683.jpg","type":"image\/jpeg"}],"twitter_card":"summary_large_image","twitter_misc":{"Dur\u00e9e de lecture estim\u00e9e":"2 minutes"},"schema":{"@context":"https:\/\/schema.org","@graph":[{"@type":"WebPage","@id":"https:\/\/www.chaletdelgolf.com\/producto\/pack-escapada-en-familia-media-pension\/","url":"https:\/\/www.chaletdelgolf.com\/producto\/pack-escapada-en-familia-media-pension\/","name":"Pack Escapade Familiale Demi-Pension | Ch\u00e8que Cadeau | Golf Xalet","isPartOf":{"@id":"https:\/\/www.chaletdelgolf.com\/#website"},"primaryImageOfPage":{"@id":"https:\/\/www.chaletdelgolf.com\/producto\/pack-escapada-en-familia-media-pension\/#primaryimage"},"image":{"@id":"https:\/\/www.chaletdelgolf.com\/producto\/pack-escapada-en-familia-media-pension\/#primaryimage"},"thumbnailUrl":"https:\/\/www.chaletdelgolf.com\/wp-content\/uploads\/2023\/09\/20221122_XaletGolf_074.jpg","datePublished":"2023-12-05T10:02:58+00:00","dateModified":"2025-11-28T16:12:13+00:00","description":"Procurez-vous votre pack escapade en famille pour 2 nuits dans un h\u00f4tel en famille \u00e0 l&#039;H\u00f4tel Xalet del Golf. Id\u00e9al pour une escapade et une d\u00e9connexion.","breadcrumb":{"@id":"https:\/\/www.chaletdelgolf.com\/producto\/pack-escapada-en-familia-media-pension\/#breadcrumb"},"inLanguage":"fr-FR","potentialAction":[{"@type":"ReadAction","target":["https:\/\/www.chaletdelgolf.com\/producto\/pack-escapada-en-familia-media-pension\/"]}]},{"@type":"ImageObject","inLanguage":"fr-FR","@id":"https:\/\/www.chaletdelgolf.com\/producto\/pack-escapada-en-familia-media-pension\/#primaryimage","url":"https:\/\/www.chaletdelgolf.com\/wp-content\/uploads\/2023\/09\/20221122_XaletGolf_074.jpg","contentUrl":"https:\/\/www.chaletdelgolf.com\/wp-content\/uploads\/2023\/09\/20221122_XaletGolf_074.jpg","width":2500,"height":1667,"caption":"comedor"},{"@type":"BreadcrumbList","@id":"https:\/\/www.chaletdelgolf.com\/producto\/pack-escapada-en-familia-media-pension\/#breadcrumb","itemListElement":[{"@type":"ListItem","position":1,"name":"Portada","item":"https:\/\/www.chaletdelgolf.com\/"},{"@type":"ListItem","position":2,"name":"Productos","item":"https:\/\/www.chaletdelgolf.com\/tienda\/"},{"@type":"ListItem","position":3,"name":"Pack Escapada en Familia en Media Pensi\u00f3n"}]},{"@type":"WebSite","@id":"https:\/\/www.chaletdelgolf.com\/#website","url":"https:\/\/www.chaletdelgolf.com\/","name":"H\u00f4tel \u00e0 Puigcerd\u00e0 (Cerdagne) - Xalet del Golf","description":"H\u00f4tel Xalet del Golf dans le Cerdanya Golf Club","publisher":{"@id":"https:\/\/www.chaletdelgolf.com\/#organization"},"potentialAction":[{"@type":"SearchAction","target":{"@type":"EntryPoint","urlTemplate":"https:\/\/www.chaletdelgolf.com\/?s={search_term_string}"},"query-input":{"@type":"PropertyValueSpecification","valueRequired":true,"valueName":"search_term_string"}}],"inLanguage":"fr-FR"},{"@type":"Organization","@id":"https:\/\/www.chaletdelgolf.com\/#organization","name":"H\u00f4tel Xalet del Golf","url":"https:\/\/www.chaletdelgolf.com\/","logo":{"@type":"ImageObject","inLanguage":"fr-FR","@id":"https:\/\/www.chaletdelgolf.com\/#\/schema\/logo\/image\/","url":"https:\/\/www.chaletdelgolf.com\/wp-content\/uploads\/2023\/07\/logo-xalet-golf-RGB-gris-estrelles-02-1.png","contentUrl":"https:\/\/www.chaletdelgolf.com\/wp-content\/uploads\/2023\/07\/logo-xalet-golf-RGB-gris-estrelles-02-1.png","width":701,"height":306,"caption":"Hotel Xalet del Golf"},"image":{"@id":"https:\/\/www.chaletdelgolf.com\/#\/schema\/logo\/image\/"},"sameAs":["https:\/\/www.facebook.com\/xaletdelgolf","https:\/\/www.instagram.com\/hotelxaletdelgolfpuigcerda\/"]}]}},"_links":{"self":[{"href":"https:\/\/www.chaletdelgolf.com\/fr\/wp-json\/wp\/v2\/product\/4976","targetHints":{"allow":["GET"]}}],"collection":[{"href":"https:\/\/www.chaletdelgolf.com\/fr\/wp-json\/wp\/v2\/product"}],"about":[{"href":"https:\/\/www.chaletdelgolf.com\/fr\/wp-json\/wp\/v2\/types\/product"}],"replies":[{"embeddable":true,"href":"https:\/\/www.chaletdelgolf.com\/fr\/wp-json\/wp\/v2\/comments?post=4976"}],"wp:featuredmedia":[{"embeddable":true,"href":"https:\/\/www.chaletdelgolf.com\/fr\/wp-json\/wp\/v2\/media\/4116"}],"wp:attachment":[{"href":"https:\/\/www.chaletdelgolf.com\/fr\/wp-json\/wp\/v2\/media?parent=4976"}],"wp:term":[{"taxonomy":"product_brand","embeddable":true,"href":"https:\/\/www.chaletdelgolf.com\/fr\/wp-json\/wp\/v2\/product_brand?post=4976"},{"taxonomy":"product_cat","embeddable":true,"href":"https:\/\/www.chaletdelgolf.com\/fr\/wp-json\/wp\/v2\/product_cat?post=4976"},{"taxonomy":"product_tag","embeddable":true,"href":"https:\/\/www.chaletdelgolf.com\/fr\/wp-json\/wp\/v2\/product_tag?post=4976"}],"curies":[{"name":"wp","href":"https:\/\/api.w.org\/{rel}","templated":true}]}}